{"id":151234,"date":"2023-04-15T14:51:37","date_gmt":"2023-04-15T12:51:37","guid":{"rendered":"https:\/\/www.imagoprinter.com\/kontakt-2\/"},"modified":"2026-03-13T09:13:52","modified_gmt":"2026-03-13T08:13:52","slug":"contakt","status":"publish","type":"page","link":"https:\/\/www.imagoprinter.com\/de\/contakt\/","title":{"rendered":"Kontakt"},"content":{"rendered":"<h1 style=\"text-align: left;\">Haben Sie noch Fragen?<br \/>\nNehmen Sie Kontakt mit uns auf!<\/h1>\n<p>Wenn Sie Fragen haben oder mehr \u00fcber unsere Produkte und Dienstleistungen erfahren m\u00f6chten, z\u00f6gern Sie bitte nicht, uns zu kontaktieren! Wir helfen Ihnen gerne bei der Auswahl des richtigen Ger\u00e4ts und schlagen Ihnen vor, welches Ger\u00e4t am besten f\u00fcr Ihr Unternehmen geeignet ist.<\/p>\n","protected":false},"excerpt":{"rendered":"<p>Haben Sie noch Fragen? Nehmen Sie Kontakt mit uns auf! Wenn Sie Fragen haben oder mehr \u00fcber unsere Produkte und&#8230;<\/p>\n","protected":false},"author":1,"featured_media":0,"parent":0,"menu_order":0,"comment_status":"closed","ping_status":"closed","template":"template-contact.php","meta":{"_acf_changed":false,"footnotes":""},"class_list":["post-151234","page","type-page","status-publish","hentry"],"acf":[],"_links":{"self":[{"href":"https:\/\/www.imagoprinter.com\/de\/wp-json\/wp\/v2\/pages\/151234","targetHints":{"allow":["GET"]}}],"collection":[{"href":"https:\/\/www.imagoprinter.com\/de\/wp-json\/wp\/v2\/pages"}],"about":[{"href":"https:\/\/www.imagoprinter.com\/de\/wp-json\/wp\/v2\/types\/page"}],"author":[{"embeddable":true,"href":"https:\/\/www.imagoprinter.com\/de\/wp-json\/wp\/v2\/users\/1"}],"replies":[{"embeddable":true,"href":"https:\/\/www.imagoprinter.com\/de\/wp-json\/wp\/v2\/comments?post=151234"}],"version-history":[{"count":2,"href":"https:\/\/www.imagoprinter.com\/de\/wp-json\/wp\/v2\/pages\/151234\/revisions"}],"predecessor-version":[{"id":155400,"href":"https:\/\/www.imagoprinter.com\/de\/wp-json\/wp\/v2\/pages\/151234\/revisions\/155400"}],"wp:attachment":[{"href":"https:\/\/www.imagoprinter.com\/de\/wp-json\/wp\/v2\/media?parent=151234"}],"curies":[{"name":"wp","href":"https:\/\/api.w.org\/{rel}","templated":true}]}}