{"id":151256,"date":"2023-05-14T23:25:05","date_gmt":"2023-05-14T21:25:05","guid":{"rendered":"https:\/\/www.imagoprinter.com\/inspirationen\/drucker-fur-aluminium\/"},"modified":"2025-05-05T16:05:44","modified_gmt":"2025-05-05T14:05:44","slug":"drucker-fur-aluminium","status":"publish","type":"page","link":"https:\/\/www.imagoprinter.com\/de\/inspirationen\/drucker-fur-aluminium\/","title":{"rendered":"Drucker f\u00fcr Aluminium"},"content":{"rendered":"<h1>Lassen Sie sich inspirieren von<br \/>\nDruck in Aluminium<\/h1>\n<p>Drucker f\u00fcr Aluminium erm\u00f6glichen hochpr\u00e4zise und nahezu unzerst\u00f6rbare Drucke auf anodisiertem Aluminium. Dank h\u00f6chster Qualit\u00e4t und au\u00dfergew\u00f6hnlicher Pr\u00e4zision des Drucks ist es m\u00f6glich, jedes noch so kleine Detail wiederzugeben. So werden Namensschilder, Bedienfelder und Raumbeschriftungen nicht nur robust, sondern behalten auch \u00fcber viele Jahre ihr Aussehen.<\/p>\n<p>&nbsp;<\/p>\n","protected":false},"excerpt":{"rendered":"<p>Lassen Sie sich inspirieren von Druck in Aluminium Drucker f\u00fcr Aluminium erm\u00f6glichen hochpr\u00e4zise und nahezu unzerst\u00f6rbare Drucke auf anodisiertem Aluminium&#8230;.<\/p>\n","protected":false},"author":1,"featured_media":0,"parent":151248,"menu_order":0,"comment_status":"closed","ping_status":"closed","template":"template-gallery.php","meta":{"_acf_changed":false,"footnotes":""},"class_list":["post-151256","page","type-page","status-publish","hentry"],"acf":[],"_links":{"self":[{"href":"https:\/\/www.imagoprinter.com\/de\/wp-json\/wp\/v2\/pages\/151256","targetHints":{"allow":["GET"]}}],"collection":[{"href":"https:\/\/www.imagoprinter.com\/de\/wp-json\/wp\/v2\/pages"}],"about":[{"href":"https:\/\/www.imagoprinter.com\/de\/wp-json\/wp\/v2\/types\/page"}],"author":[{"embeddable":true,"href":"https:\/\/www.imagoprinter.com\/de\/wp-json\/wp\/v2\/users\/1"}],"replies":[{"embeddable":true,"href":"https:\/\/www.imagoprinter.com\/de\/wp-json\/wp\/v2\/comments?post=151256"}],"version-history":[{"count":2,"href":"https:\/\/www.imagoprinter.com\/de\/wp-json\/wp\/v2\/pages\/151256\/revisions"}],"predecessor-version":[{"id":151713,"href":"https:\/\/www.imagoprinter.com\/de\/wp-json\/wp\/v2\/pages\/151256\/revisions\/151713"}],"up":[{"embeddable":true,"href":"https:\/\/www.imagoprinter.com\/de\/wp-json\/wp\/v2\/pages\/151248"}],"wp:attachment":[{"href":"https:\/\/www.imagoprinter.com\/de\/wp-json\/wp\/v2\/media?parent=151256"}],"curies":[{"name":"wp","href":"https:\/\/api.w.org\/{rel}","templated":true}]}}