{"id":151366,"date":"2023-04-24T13:59:52","date_gmt":"2023-04-24T11:59:52","guid":{"rendered":"https:\/\/www.imagoprinter.com\/uber-imago\/"},"modified":"2025-05-05T16:01:33","modified_gmt":"2025-05-05T14:01:33","slug":"uber-imago","status":"publish","type":"page","link":"https:\/\/www.imagoprinter.com\/de\/uber-imago\/","title":{"rendered":"\u00dcBER IMAGO"},"content":{"rendered":"<p>Die Belegschaft von IMAGO besteht aus hochqualifizierten Mitarbeitern, darunter Experten aus den Bereichen Druck, mechanische Konstruktion, Automatisierung, Elektronik, Marketing und Wirtschaft. Wir haben 7 Abteilungen mit einer fortschrittlichen Managementstruktur geschaffen, was sich in der Effektivit\u00e4t und Effizienz des Unternehmens niederschl\u00e4gt.<\/p>\n<p>Wir haben ein ERP-System eingef\u00fchrt, um die Planung der Aufgaben in unserem Unternehmen zu erleichtern und alle Elemente seiner Funktionsweise zu integrieren. Dar\u00fcber hinaus haben wir die Kanban-Methode f\u00fcr das Produktionsmanagement und das 5S-System eingef\u00fchrt, um die Effizienz der durchgef\u00fchrten Arbeiten zu verbessern.<\/p>\n<p>Wir bieten unseren Kunden einen umfassenden Service und technische Unterst\u00fctzung. Wir konzentrieren uns auf den Aufbau langfristiger Beziehungen und gemeinsame Entwicklung!<\/p>\n","protected":false},"excerpt":{"rendered":"<p>Die Belegschaft von IMAGO besteht aus hochqualifizierten Mitarbeitern, darunter Experten aus den Bereichen Druck, mechanische Konstruktion, Automatisierung, Elektronik, Marketing und&#8230;<\/p>\n","protected":false},"author":1,"featured_media":0,"parent":0,"menu_order":0,"comment_status":"closed","ping_status":"closed","template":"template-about.php","meta":{"_acf_changed":false,"footnotes":""},"class_list":["post-151366","page","type-page","status-publish","hentry"],"acf":[],"_links":{"self":[{"href":"https:\/\/www.imagoprinter.com\/de\/wp-json\/wp\/v2\/pages\/151366","targetHints":{"allow":["GET"]}}],"collection":[{"href":"https:\/\/www.imagoprinter.com\/de\/wp-json\/wp\/v2\/pages"}],"about":[{"href":"https:\/\/www.imagoprinter.com\/de\/wp-json\/wp\/v2\/types\/page"}],"author":[{"embeddable":true,"href":"https:\/\/www.imagoprinter.com\/de\/wp-json\/wp\/v2\/users\/1"}],"replies":[{"embeddable":true,"href":"https:\/\/www.imagoprinter.com\/de\/wp-json\/wp\/v2\/comments?post=151366"}],"version-history":[{"count":3,"href":"https:\/\/www.imagoprinter.com\/de\/wp-json\/wp\/v2\/pages\/151366\/revisions"}],"predecessor-version":[{"id":151709,"href":"https:\/\/www.imagoprinter.com\/de\/wp-json\/wp\/v2\/pages\/151366\/revisions\/151709"}],"wp:attachment":[{"href":"https:\/\/www.imagoprinter.com\/de\/wp-json\/wp\/v2\/media?parent=151366"}],"curies":[{"name":"wp","href":"https:\/\/api.w.org\/{rel}","templated":true}]}}