{"id":151399,"date":"2023-04-04T11:35:08","date_gmt":"2023-04-04T09:35:08","guid":{"rendered":"https:\/\/www.imagoprinter.com\/homepage\/"},"modified":"2026-02-02T16:23:16","modified_gmt":"2026-02-02T15:23:16","slug":"homepage","status":"publish","type":"page","link":"https:\/\/www.imagoprinter.com\/de\/","title":{"rendered":"Homepage"},"content":{"rendered":"","protected":false},"excerpt":{"rendered":"","protected":false},"author":1,"featured_media":0,"parent":0,"menu_order":0,"comment_status":"closed","ping_status":"closed","template":"","meta":{"_acf_changed":false,"footnotes":""},"class_list":["post-151399","page","type-page","status-publish","hentry"],"acf":{"top_slider":[{"text":"<h1 data-start=\"0\" data-end=\"60\"><strong>Ihr Partner f\u00fcr digitale Druck- und Dekorationstechnologie<\/strong><\/h1>\r\n<p data-start=\"62\" data-end=\"361\" data-is-last-node=\"\" data-is-only-node=\"\">Bei <strong data-start=\"66\" data-end=\"83\">IMAGO Printer<\/strong> begleiten wir unsere Kunden von der Problemanalyse \u00fcber Tests im <strong data-start=\"149\" data-end=\"180\">Anwendungslabor (Proof-Lab)<\/strong> und die Auswahl der Tinten im <strong data-start=\"211\" data-end=\"230\">INKnovation Lab<\/strong> sowie der Druckausr\u00fcstung bis hin zur <strong data-start=\"269\" data-end=\"319\">Maschineninstallation, Schulung und Aufr\u00fcstung<\/strong> w\u00e4hrend des gesamten Produktlebenszyklus.<\/p>","bg":152080,"is_bg":true,"btn_1":"","btn_2":""},{"text":"<h1>Sehen Sie sich IMAGO-Ger\u00e4te live auf internationalen Messen an<\/h1>\r\nTreffen Sie uns auf der wichtigsten Messe des Jahres 2026. Sehen Sie sich die IMAGO-Drucker in Aktion an, \u00fcberpr\u00fcfen Sie die Druckqualit\u00e4t auf echten Produkten und sprechen Sie mit unseren Experten \u00fcber die Implementierung der Technologie in Ihrer Produktion.\r\nDies ist die beste Gelegenheit, die M\u00f6glichkeiten der Ger\u00e4te live zu beurteilen \u2013 ohne Pr\u00e4sentationen und Versprechungen, nur mit realen Ergebnissen.","bg":153464,"is_bg":true,"btn_1":"","btn_2":""}],"top_text":"<h1>Polnischer Hersteller von <b>modernen digitalen Flachbettdruckern<\/b><\/h1>\r\nIMAGO Printer ist auf die Herstellung von hochmodernen kleinformatigen Druckger\u00e4ten spezialisiert: UV-LED-Drucker, Aluminiumdrucker und Plotter f\u00fcr die S\u00fc\u00dfwarenindustrie. Erfahren Sie mehr \u00fcber unsere Produkte und wie wir Ihr Gesch\u00e4ft revolutionieren k\u00f6nnen!","top_img":151411,"top_btn_1":{"title":"Erfahren Sie mehr \u00fcber Technologie","url":"https:\/\/www.imagoprinter.com\/de\/produkte\/","target":""},"top_btn_2":{"title":"Zum Shop gehen","url":"https:\/\/sklep.imagoprinter.com\/","target":"_blank"},"top_cta":{"img":153465,"title":"Kontakt-Formular","text":"Verwenden Sie das Kontaktformular, um eine Pr\u00e4sentation zu vereinbaren","link":{"title":"Nutzen Sie das Formular","url":"#popup-151246","target":""}},"devices_text_1":"<h2>Imago printer ist der gr\u00f6\u00dfte polnische Hersteller von <b>Flachbettdruckmaschinen<\/b><\/h2>","devices_text_2":"10 Jahre Erfahrung in der Entwicklung von Tintenstrahldruckerdesigns.\r\n\r\nIn dieser Zeit haben wir durch eigene Erfahrungen und durch die Absolvierung von Kursen und Schulungen bei Fachleuten der Branche ein enormes Know-how auf dem Gebiet der Digitaldrucktechnik aufgebaut. Das Ergebnis unserer langj\u00e4hrigen Entwicklung ist die Optimierung des Entwurfs- und Produktionsprozesses, so dass sich die in unserem Werk hergestellten Ger\u00e4te durch hohe Qualit\u00e4t auszeichnen. Wir konzentrieren uns auf den Aufbau langfristiger Beziehungen zu unseren Kunden, die Unterst\u00fctzung und Beratung in allen Bereichen des Betriebs und die gemeinsame Entwicklung.","devices_btn":{"title":"Kontakt aufnehmen","url":"https:\/\/www.imagoprinter.com\/de\/kontakt\/","target":""},"devices_slider":[{"title":"Lebensmittel-Drucker","link":{"title":"Erfahren Sie mehr \u00fcber Technologie","url":"https:\/\/www.imagoprinter.com\/de\/inspirationen\/lebensmittel-drucker\/","target":""},"text":"Technologie mit essbarer Tinte f\u00fcr die Dekoration von S\u00fc\u00dfwaren. Drucken Sie auf Kuchen, Kekse, Macarons, Schokolade oder Geleebohnen!   ","img":151410},{"title":"UV-LED-Drucker","link":{"title":"Erfahren Sie mehr \u00fcber Technologie","url":"https:\/\/www.imagoprinter.com\/de\/inspirationen\/uv-led-drucker\/","target":""},"text":"Technologie f\u00fcr das Branding und die Personalisierung von Werbegeschenken, Souvenirs oder der Hochzeitsindustrie. Drucken Sie auf Holz, Glas, Metall, Leder oder Kunststoff! ","img":151408},{"title":"Drucker f\u00fcr Aluminium","link":{"title":"Erfahren Sie mehr \u00fcber Technologie","url":"https:\/\/www.imagoprinter.com\/produkty\/drukarki-do-aluminium\/","target":""},"text":"Unverw\u00fcstliche Metalldrucktechnik. Erstellen Sie widerstandsf\u00e4hige Namensschilder, Lagerschilder, Schalttafeln oder Zertifikate.   ","img":151409},{"title":"Nanosolvent-Drucker","link":{"title":"Erfahren Sie mehr \u00fcber Technologie","url":"https:\/\/www.imagoprinter.com\/de\/inspirationen\/nanosolvent-drucker\/","target":""},"text":"  Drucktechnik mit Tinte, die tief in das Material eindringt. Drucken Sie auf Holz, Kerzen, Leder oder Kork!   ","img":151431},{"title":"Zubeh\u00f6r","link":{"title":"Erfahren Sie mehr \u00fcber Technologie","url":"https:\/\/www.imagoprinter.com\/de\/produkte\/druckerzubehor\/","target":""},"text":"Unsere F&E-Abteilung entwickelt st\u00e4ndig neue Designs f\u00fcr kundenspezifisches Zubeh\u00f6r.","img":151430}],"about_head":"<h2><b>Warum<\/b> IMAGO?<\/h2>\r\nWenn Sie sich f\u00fcr IMAGO entscheiden, setzen Sie auf Professionalit\u00e4t, Qualit\u00e4t und fortschrittliche Technologie. Alle unsere Produkte werden aus industriellen Teilen h\u00f6chster Qualit\u00e4t hergestellt und die Produktion ist perfekt organisiert.\r\nUnsere F&amp;E-Abteilung entwickelt st\u00e4ndig neue Designs und Technologien, um unseren Kunden die besten L\u00f6sungen zu bieten.\r\n<h3><strong>Wenn Sie sich f\u00fcr IMAGO-Produkte entscheiden, haben Sie eine Garantie:<\/strong><\/h3>","about_list":[{"text":"Polnisch professionelle Ausr\u00fcstung Herstellung"},{"text":"Weltklasse-Digitaldrucktechnologie"},{"text":"innovative L\u00f6sungen"},{"text":"eine breite Palette von Anwendungen"},{"text":"umfassende technische und technologische Unterst\u00fctzung"},{"text":"hervorragender Kundenservice"},{"text":"Produkte und Dienstleistungen h\u00f6chster Qualit\u00e4t"},{"text":"schnelle Investitionsrentabilit\u00e4t  "}],"about_img":152546,"about_cta":{"title":"Vereinbaren Sie einen Termin f\u00fcr eine kostenlose Beratung","url":"#popup-151246","target":""},"ben_head":"<h2>IMAGO Digitaldrucker:\r\n6<b>wichtige Vorteile f\u00fcr Ihr Unternehmen<\/b><\/h2>","ben_list":[{"title":"Polnische Produktion","text":"UV-LED-Drucker, Aluminiumdrucker, Lebensmitteldrucker und unsere anderen Ger\u00e4te werden in Polen hergestellt. Dies gew\u00e4hrleistet die h\u00f6chste Qualit\u00e4t der hergestellten Ger\u00e4te und eine umfassende technische und technologische Unterst\u00fctzung."},{"title":"Drucken Sie Bilder und Text in h\u00f6chster Qualit\u00e4t.","text":"Die Digitaldrucker von IMAGO k\u00f6nnen Bilder und Texte in hoher Aufl\u00f6sung, mit perfekter Farbwiedergabe und Detailgenauigkeit drucken. Die Ausdrucke sind klar und sauber. So werden Ihre Kunden mit den Ergebnissen zufrieden sein."},{"title":"Robuste Konstruktion.","text":"Die Digitaldrucker von IMAGO sind so konzipiert, dass sie so lange wie m\u00f6glich f\u00fcr unsere Kunden halten. Die Ger\u00e4te sind aus haltbaren, schadensresistenten Materialien gefertigt. Wir haben auch Systeme eingef\u00fchrt, die den Druckkopf und das gesamte Drucksystem vor Sch\u00e4den sch\u00fctzen."},{"title":"Kann auf eine Vielzahl von Oberfl\u00e4chen gedruckt werden.","text":"Unsere Spezialisten verf\u00fcgen \u00fcber ein umfangreiches technologisches Wissen. So k\u00f6nnen sie die Kunden dabei unterst\u00fctzen, die Art und das Verfahren des Drucks auf ihre Bed\u00fcrfnisse abzustimmen."},{"title":"Niedrige Betriebskosten.","text":"Die Kosten f\u00fcr das Bedrucken eines ganzen Tisches mit Werbeartikeln auf unserem UV-LED-Drucker betragen etwa 1 \u00a3. Bei S\u00fc\u00dfwarenplottern betragen die Kosten f\u00fcr das Bedrucken eines ganzen Tisches mit Keksen mit einem Logo ca. 0,15 z\u0142."},{"title":"Einfach zu bedienen.","text":"Die Digitaldrucker von IMAGO sind sehr einfach zu bedienen, so dass keine speziellen Kenntnisse erforderlich sind."}],"video_head":"<h2>Machen Sie einen virtuellen Rundgang durch unsere Produktion!<\/h2>\r\nSehen Sie sich die Produktionshalle an und erfahren Sie mehr \u00fcber den Herstellungsprozess unserer Drucker.","video_btn":{"title":"Besuchen Sie uns","url":"https:\/\/goo.gl\/maps\/YKdwRw1E4rwMn23z8","target":"_blank"},"video_cover":151374,"video_yt_url":"https:\/\/youtu.be\/N3NwQhK3bBQ","gallery_text_1":"<h2>Finden Sie eine L\u00f6sung f\u00fcr sich selbst<\/h2>\r\n<span class=\"TextRun SCXW202808673 BCX0\" lang=\"PL-PL\" xml:lang=\"PL-PL\" data-contrast=\"none\"><span class=\"NormalTextRun SCXW202808673 BCX0\">IMAGO-Ger\u00e4te arbeiten mit einer breiten Palette von Materialien.<\/span><\/span>","gallery_text_2":"<span class=\"TextRun SCXW202808673 BCX0\" lang=\"PL-PL\" xml:lang=\"PL-PL\" data-contrast=\"none\"> <span class=\"NormalTextRun SCXW202808673 BCX0\">UV-LED-Drucker <\/span><span class=\"NormalTextRun SCXW202808673 BCX0\">werden verwendet <\/span><span class=\"NormalTextRun SCXW202808673 BCX0\">f\u00fcr <\/span><span class=\"NormalTextRun SCXW202808673 BCX0\">Druck von Werbeartikeln, Personalisierung von Touristensouvenirs oder Hochzeitsdekorationen.<\/span><span class=\"NormalTextRun SCXW202808673 BCX0\"> Drucker f\u00fcr Aluminium werden \u00fcberall eingesetzt <\/span><span class=\"NormalTextRun ContextualSpellingAndGrammarErrorV2Themed SCXW202808673 BCX0\">dort<\/span><span class=\"NormalTextRun SCXW202808673 BCX0\"> wo die h\u00f6chste Druckbest\u00e4ndigkeit erforderlich ist: Druck von Namensschildern, Frontplatten oder T\u00fcrbeschriftungen. Lebensmitteldrucker hingegen werden eingesetzt f\u00fcr <\/span> <span class=\"NormalTextRun SCXW202808673 BCX0\"> an <\/span><span class=\"NormalTextRun SCXW202808673 BCX0\">drucken<\/span><span class=\"NormalTextRun SCXW202808673 BCX0\"> auf Torten, Macarons oder Pralinen.<\/span><\/span>","gallery_cta_2":{"title":"Testen Sie unsere Drucker","url":"#popup-151246","target":""},"gallery_list":[{"title":"Lebensmittel-Drucker","images":[151300,151283,151306,151302,151310,151285,7127]},{"title":"UV-LED-Drucker","images":[151327,151357,151315,151342,151426,151328,151347,151252]},{"title":"Drucker f\u00fcr Aluminium","images":[151258,151262,151260,151257,151263,151259]},{"title":"Nano-L\u00f6sungsmitteldrucker","images":[151338,151271,151274,151273,151272]}],"rev_head":"<h2>Was sagen die Kunden \u00fcber uns?<\/h2>","rev_list":[{"img":151440,"text":"Wir verwenden seit 3 Jahren IMAGO S\u00fc\u00dfwarenplotter - in dieser Zeit haben wir 3 Vulpes-Maschinen gekauft. Wir freuen uns, sagen zu k\u00f6nnen, dass die von IMAGO entwickelte Technologie f\u00fcr den Druck auf Schokolade Weltklasse ist. Die Qualit\u00e4t der mit der Vulpes-Maschine gedruckten Dekorationen ist die beste, die wir bis jetzt auf dem Markt gesehen haben.\r\n\r\nDas Unternehmen bietet umfassende Schulungen und Unterst\u00fctzung bei der Bedienung und Wartung der Ger\u00e4te. Wir empfehlen IMAGO Printer nachdr\u00fccklich als vertrauensw\u00fcrdigen Partner und freuen uns auf eine weitere fruchtbare Zusammenarbeit.","name":"Micha\u0142 Nikanorow | MM Brown Sp. Z o.o."},{"img":151443,"text":"F\u00fcr die Herstellung von Namensschildern hatten wir bereits mehrere verschiedene Druckmaschinen im Einsatz. Die Aquila Aluminium Maschine von IMAGO Printer Sp. z o.o. ist bei weitem die modernste und beste L\u00f6sung, mit der wir gearbeitet haben. Mit dieser Maschine haben wir die Qualit\u00e4t der von uns angebotenen Namensschilder erh\u00f6ht.\r\n\r\nWir sch\u00e4tzen auch die kompetente und professionelle technische Beratung und den Service-Support, der immer zur Verf\u00fcgung steht, um unsere Produktion im Fluss und unsere Arbeit stabil zu halten.\r\n\r\nWir k\u00f6nnen ohne Zweifel sagen, dass das Ger\u00e4t von IMAGO derzeit die beste auf dem Markt erh\u00e4ltliche L\u00f6sung f\u00fcr die industrielle Produktion von unverw\u00fcstlichen Typenschildern ist.","name":"Bartosz Chojnacki | Bartes"},{"img":151439,"text":"<span class=\"OYPEnA font-feature-liga-off font-feature-clig-off font-feature-calt-off text-decoration-none text-strikethrough-none\">Wenn ich gewusst h\u00e4tte, dass der Kauf eines Falco-Druckers von IMAGO<\/span> <span class=\"OYPEnA font-feature-liga-off font-feature-clig-off font-feature-calt-off text-decoration-none text-strikethrough-none\">wird eine solche Rakete in der Entwicklung sein, h\u00e4tte ich es vorher gemacht! \ud83d\ude0a Nach 3 Monaten der Nutzung kann ich endlich die Massenproduktion von personalisierten Torten f\u00fcr Kunden garantieren, in brillanter Druckqualit\u00e4t! Ich w\u00fcrde es jedem empfehlen, der von einem kleinen Handwerksbetrieb auf PRO-Niveau aufsteigen will. Die beste Investition des Jahres! <\/span>","name":"Agnieszka Krenc | Krenc Kruszy"},{"img":"","text":"Das Aquila UV-LED-Ger\u00e4t von IMAGO in unserer Werkstatt funktioniert perfekt. Diese L\u00f6sung erm\u00f6glicht es uns, unser Gesch\u00e4ft auszubauen und hochwertige Produkte f\u00fcr unsere anspruchsvollen Kunden zu entwickeln.\r\n\r\nDas Ger\u00e4t ist einfach zu bedienen, professionell gemacht und problemlos, und die Zusammenarbeit mit dem IMAGO-Team ist ein Vergn\u00fcgen.","name":"Piotr Studniarek | Beamteam"},{"img":"","text":"Ich w\u00fcrde die Gadget-Markierungsdrucker von IMAGO Printer jedem empfehlen, der eine effiziente und qualitativ hochwertige Druckmaschine sucht. Die Maschine ist sehr effizient und zuverl\u00e4ssig und erm\u00f6glicht es uns, mehr Auftr\u00e4ge zu erf\u00fcllen und unsere Produktion zu steigern, ohne dass wir uns darum k\u00fcmmern m\u00fcssen. Die verwendete Software ist einfach zu bedienen und erm\u00f6glicht es uns, die Drucke individuell zu gestalten.\r\n\r\nIch m\u00f6chte auch betonen, dass IMAGO uns einen hervorragenden Service geboten hat, so dass der Kauf und die Installation reibungslos verliefen. IMAGO Printer ist sicherlich ein vertrauensw\u00fcrdiges und professionelles Unternehmen.","name":"Rafa\u0142 Krysiak | CAMELO.PL"},{"img":151442,"text":"DURABLE Sp. z o.o. bescheinigt, dass die Mitarbeiter der IMAGO Printer Sp. z o.o. \u00fcber die notwendigen Kenntnisse und Erfahrungen im Bau von Druckger\u00e4ten verf\u00fcgen, die f\u00fcr die Arbeit in der Produktionslinie bestimmt sind, wie z.B. ein f\u00fcr unsere Bed\u00fcrfnisse entwickelter Digitaldrucker, der in einer Produktionslinie zum Druck von Massenprodukten arbeitet.","name":"DURABLE Sp. Z o.o."},{"img":151441,"text":"Meine Erfahrungen mit dem polnischen UV-LED-Drucker von IMAGO Printer sind sehr positiv. Es ist ein \u00e4u\u00dferst professionelles Ger\u00e4t, das es mir erm\u00f6glicht hat, die Produktivit\u00e4t meines Unternehmens zu steigern und die von uns angebotenen Dienstleistungen zu erweitern. Der Aquila UV-LED-Drucker hat es mir erm\u00f6glicht, eine Vielzahl von Materialien zu bedrucken, darunter Glas und Kunststoff, was mir zus\u00e4tzliche Gesch\u00e4ftsprojekte er\u00f6ffnet hat. Die Mitarbeiter von IMAGO waren sehr hilfsbereit und freundlich und machten mir den Kauf und die Installation des Ger\u00e4ts leicht. Kurzum - sehr empfehlenswert!","name":"Krzysztof Budzy\u0144ski | Red Flamingo"},{"img":151444,"text":"<span class=\"OYPEnA font-feature-liga-off font-feature-clig-off font-feature-calt-off text-decoration-none text-strikethrough-none\">\"Ich betreibe mein Gesch\u00e4ft unter dem Namen 'Basia Sweets' seit 2018 und am Anfang habe ich alles von Hand gemacht. Die Themen kamen immer wieder, und ich musste nicht nur die Kekse backen, sondern auch glasieren, mit Blumen und anderen glasierten Elementen verzieren und obendrein mit einem Pinsel und schwarzer Farbe immer wieder \"Heilige Taufe\" schreiben, Augen oder andere sehr kleine und pr\u00e4zise Elemente hinzuf\u00fcgen. F\u00fcr die Beschriftung brauchte ich dringend Hilfe, da ich f\u00fcr solche pr\u00e4zisen Arbeiten am l\u00e4ngsten brauchte und sie mit Unzul\u00e4nglichkeiten behaftet waren. Zun\u00e4chst stie\u00df ich auf eine Firma namens JetLt. Leider kam das Ger\u00e4t besch\u00e4digt an. Die Firma, bei der ich das Ger\u00e4t gekauft hatte, weigerte sich, es zu reparieren, so dass ich mich schlie\u00dflich beschwerte und den Drucker zur\u00fcckgab. Ich hatte den IMAGO \"Falco\"-Drucker schon einmal gesehen, aber er schien mir in meiner h\u00e4uslichen Umgebung ein riesiges Ger\u00e4t zu sein - ich dachte, der Drucker w\u00fcrde einen halben Raum einnehmen. Ein Gespr\u00e4ch mit einem Vertreter des Unternehmens gab jedoch den Ausschlag f\u00fcr die Investition. Mit dem Kauf des 'Falco' konnte ich die Art und Weise, wie ich \u00fcber das Wachstum meines Unternehmens nachdachte, v\u00f6llig \u00e4ndern. Der Drucker \u00fcbertraf nicht nur meine Erwartungen, sondern er\u00f6ffnete mir ein Feld neuer M\u00f6glichkeiten. Ich m\u00f6chte an dieser Stelle betonen, dass sich das Profil meines Unternehmens in Bezug auf die Technik der Herstellung von Keksen nicht ge\u00e4ndert hat, ich habe die Herstellung von personalisierten Eiskeksen nicht zugunsten des Drucks aufgegeben - aber ich habe begonnen, den Druck als zus\u00e4tzliches Element zur \"Vervollst\u00e4ndigung\" der Dekoration einzusetzen. Meine Kekse wurden von sehr bekannten Unternehmen wie Orlen, PGE, von Beh\u00f6rden wie dem Ministerium f\u00fcr Umweltschutz und der saudi-arabischen Botschaft gesch\u00e4tzt. \"<\/span>","name":"Barbara Trawi\u0144ska | Basia Sweets"}],"map_head":"<h1>Wo kann man polnische Drucker finden?<\/h1>\r\nIMAGO-Drucker werden in Dutzenden von L\u00e4ndern auf der ganzen Welt eingesetzt. Sehen Sie, wo unsere Ger\u00e4te im Einsatz sind.","map_btn":"","map_static":151445,"map_url":"https:\/\/www.google.com\/maps\/d\/u\/1\/edit?mid=18gYUHVBuFKOVi1KxiwsRX8O1Zjmcmzs&usp=sharing"},"_links":{"self":[{"href":"https:\/\/www.imagoprinter.com\/de\/wp-json\/wp\/v2\/pages\/151399","targetHints":{"allow":["GET"]}}],"collection":[{"href":"https:\/\/www.imagoprinter.com\/de\/wp-json\/wp\/v2\/pages"}],"about":[{"href":"https:\/\/www.imagoprinter.com\/de\/wp-json\/wp\/v2\/types\/page"}],"author":[{"embeddable":true,"href":"https:\/\/www.imagoprinter.com\/de\/wp-json\/wp\/v2\/users\/1"}],"replies":[{"embeddable":true,"href":"https:\/\/www.imagoprinter.com\/de\/wp-json\/wp\/v2\/comments?post=151399"}],"version-history":[{"count":2,"href":"https:\/\/www.imagoprinter.com\/de\/wp-json\/wp\/v2\/pages\/151399\/revisions"}],"predecessor-version":[{"id":153474,"href":"https:\/\/www.imagoprinter.com\/de\/wp-json\/wp\/v2\/pages\/151399\/revisions\/153474"}],"wp:attachment":[{"href":"https:\/\/www.imagoprinter.com\/de\/wp-json\/wp\/v2\/media?parent=151399"}],"curies":[{"name":"wp","href":"https:\/\/api.w.org\/{rel}","templated":true}]}}