{"id":151698,"date":"2023-06-01T16:08:50","date_gmt":"2023-06-01T14:08:50","guid":{"rendered":"https:\/\/www.imagoprinter.com\/europaische-union\/"},"modified":"2023-06-01T16:08:50","modified_gmt":"2023-06-01T14:08:50","slug":"europaische-union","status":"publish","type":"page","link":"https:\/\/www.imagoprinter.com\/de\/europaische-union\/","title":{"rendered":"Europ\u00e4ische Union"},"content":{"rendered":"<p><img fetchpriority=\"high\" decoding=\"async\" class=\"alignnone wp-image-859 size-full\" src=\"https:\/\/imagoprinter.com2\/wp-content\/uploads\/2023\/06\/FE_POIR_poziom_pl.webp\" alt=\"\" width=\"2000\" height=\"275\" srcset=\"https:\/\/www.imagoprinter.com\/wp-content\/uploads\/2023\/06\/FE_POIR_poziom_pl.webp 2000w, https:\/\/www.imagoprinter.com\/wp-content\/uploads\/2023\/06\/FE_POIR_poziom_pl-475x65.webp 475w, https:\/\/www.imagoprinter.com\/wp-content\/uploads\/2023\/06\/FE_POIR_poziom_pl-1024x141.webp 1024w, https:\/\/www.imagoprinter.com\/wp-content\/uploads\/2023\/06\/FE_POIR_poziom_pl-150x21.webp 150w, https:\/\/www.imagoprinter.com\/wp-content\/uploads\/2023\/06\/FE_POIR_poziom_pl-768x106.webp 768w, https:\/\/www.imagoprinter.com\/wp-content\/uploads\/2023\/06\/FE_POIR_poziom_pl-1536x211.webp 1536w, https:\/\/www.imagoprinter.com\/wp-content\/uploads\/2023\/06\/FE_POIR_poziom_pl-1920x264.webp 1920w\" sizes=\"(max-width: 2000px) 100vw, 2000px\" \/><\/p>\n<p>Vorbereitung des Projekts f\u00fcr Eurogrant, das im Rahmen des EIC Accelerator durchgef\u00fchrt werden soll. Nummer der Finanzhilfevereinbarung: POIR.02.03.06-14-0071\/21<\/p>\n<p>Ziel des Projekts: Unterst\u00fctzung des Antragstellers bei der Beantragung von Mitteln aus dem Horizon Europe EIC Accelerator Open. Der Erhalt von F\u00f6rdermitteln erm\u00f6glicht die Vorbereitung eines Eurogrant-Antrags in folgenden Bereichen: Dokumentation, einschlie\u00dflich Durchf\u00fchrbarkeitsstudie, \u00dcberarbeitung des Antrags, Pr\u00e4sentation der Idee vor der Europ\u00e4ischen Kommission, Durchf\u00fchrung von \u00dcbersetzungen. Ziel des Eurogrant ist die Entwicklung und Implementierung eines Point-of-Sale-Ger\u00e4ts mit einem Softwaresystem und einem speziellen Druckger\u00e4t, das mit Bildverarbeitungssystemen ausgestattet ist, um die Positionierung des Drucks entsprechend der tats\u00e4chlichen Position der Backwaren im Drucker zu unterst\u00fctzen.<\/p>\n<p>Beg\u00fcnstigter: IMAGO PRINTER SP\u00d3\u0141KA Z OGRANICZON\u0104 ODPOWIEDZIALNO\u015aCI\u0104<br \/>\nZwischengeschaltete Stelle: Polnische Agentur f\u00fcr Unternehmensentwicklung<br \/>\nOperationelles Programm Intelligente Entwicklung 2014-2020<br \/>\nDer Wert des gew\u00e4hrten Zuschusses &#8211; 280.060,00 PLN<\/p>\n","protected":false},"excerpt":{"rendered":"<p>Vorbereitung des Projekts f\u00fcr Eurogrant, das im Rahmen des EIC Accelerator durchgef\u00fchrt werden soll. Nummer der Finanzhilfevereinbarung: POIR.02.03.06-14-0071\/21 Ziel des&#8230;<\/p>\n","protected":false},"author":1,"featured_media":0,"parent":0,"menu_order":0,"comment_status":"closed","ping_status":"closed","template":"","meta":{"_acf_changed":false,"footnotes":""},"class_list":["post-151698","page","type-page","status-publish","hentry"],"acf":[],"_links":{"self":[{"href":"https:\/\/www.imagoprinter.com\/de\/wp-json\/wp\/v2\/pages\/151698","targetHints":{"allow":["GET"]}}],"collection":[{"href":"https:\/\/www.imagoprinter.com\/de\/wp-json\/wp\/v2\/pages"}],"about":[{"href":"https:\/\/www.imagoprinter.com\/de\/wp-json\/wp\/v2\/types\/page"}],"author":[{"embeddable":true,"href":"https:\/\/www.imagoprinter.com\/de\/wp-json\/wp\/v2\/users\/1"}],"replies":[{"embeddable":true,"href":"https:\/\/www.imagoprinter.com\/de\/wp-json\/wp\/v2\/comments?post=151698"}],"version-history":[{"count":0,"href":"https:\/\/www.imagoprinter.com\/de\/wp-json\/wp\/v2\/pages\/151698\/revisions"}],"wp:attachment":[{"href":"https:\/\/www.imagoprinter.com\/de\/wp-json\/wp\/v2\/media?parent=151698"}],"curies":[{"name":"wp","href":"https:\/\/api.w.org\/{rel}","templated":true}]}}