{"id":151700,"date":"2023-06-01T16:22:08","date_gmt":"2023-06-01T14:22:08","guid":{"rendered":"https:\/\/www.imagoprinter.com\/uber-imago\/qualitatspolitik\/"},"modified":"2025-05-05T15:42:38","modified_gmt":"2025-05-05T13:42:38","slug":"qualitatspolitik","status":"publish","type":"page","link":"https:\/\/www.imagoprinter.com\/de\/uber-imago\/qualitatspolitik\/","title":{"rendered":"Qualit\u00e4tspolitik"},"content":{"rendered":"\n<h2 class=\"wp-block-heading has-text-align-center\">Auftrag des Unternehmens<\/h2>\n\n<p class=\"has-text-align-center\">Unser Ziel ist es, innovative, zuverl\u00e4ssige und hochwertige Druckl\u00f6sungen anzubieten. Unsere Priorit\u00e4t ist es, unsere Kunden voll und ganz zufrieden zu stellen, indem wir nicht nur qualitativ hochwertige Produkte, sondern auch einen effizienten Kundendienst anbieten. Unsere Motivation ist es, umfassende L\u00f6sungen anzubieten, die unseren Kunden helfen, ihre Produktivit\u00e4t zu steigern und Kosten zu senken. Gleichzeitig legen wir gro\u00dfen Wert auf die Qualit\u00e4t unserer Arbeit und die Zufriedenheit unserer Mitarbeiter. Wir sind bestrebt, ein dynamisches Team und ein florierendes Unternehmen zu erhalten. Wir sch\u00e4tzen unsere Mitarbeiter, indem wir ihre Entwicklung f\u00f6rdern, ein freundliches Arbeitsumfeld bieten und Engagement und Zusammenarbeit f\u00f6rdern.     <\/p>\n\n<p><\/p>\n\n<h2 class=\"wp-block-heading has-text-align-center\">Drei Hauptziele<\/h2>\n\n<p class=\"has-text-align-center\">Wir wollen den oben genannten Auftrag durch folgende Ma\u00dfnahmen erf\u00fcllen:<\/p>\n\n<div class=\"wp-block-columns is-layout-flex wp-container-core-columns-is-layout-9d6595d7 wp-block-columns-is-layout-flex\">\n<div class=\"wp-block-column is-layout-flow wp-block-column-is-layout-flow\" style=\"flex-basis:66.66%\">\n<p><strong>SICHERHEIT DER KUNDEN wird erreicht durch:<\/strong><\/p>\n\n\n\n<ul class=\"wp-block-list\">\n<li>Produktionsanlagen mit einer breiten Palette von Anwendungen, die ihm ein sehr breites Spektrum von M\u00f6glichkeiten bieten.<\/li>\n\n\n\n<li>H\u00f6chste Druckqualit\u00e4t unabh\u00e4ngig vom Bedruckstoff und der verwendeten Tinte,<\/li>\n\n\n\n<li>effizienter und schneller Service, der die Ausfallzeiten der Maschinen minimiert.<\/li>\n<\/ul>\n\n\n\n<p><strong>KONTINUIERLICHE VERBESSERUNG durch:<\/strong><\/p>\n\n\n\n<ul class=\"wp-block-list\">\n<li>Ein disziplinierter und prozessorientierter Ansatz, um Probleme zu \u00fcberwinden und die Entwicklung zu beschleunigen,<\/li>\n\n\n\n<li>Kontinuierliche Verbesserung von Prozessen, die eine schnelle Lieferung von Ger\u00e4ten hoher Qualit\u00e4t erm\u00f6glichen,<\/li>\n\n\n\n<li>Offenheit f\u00fcr die Bed\u00fcrfnisse der Kunden, deren Ideen die treibende Kraft f\u00fcr die Entwicklung unseres Unternehmens sind.<\/li>\n<\/ul>\n\n\n\n<p><strong>KONTINUIERLICHE ENTWICKLUNG durch:<\/strong><\/p>\n\n\n\n<ul class=\"wp-block-list\">\n<li>Offenheit f\u00fcr die Bed\u00fcrfnisse des Marktes und die Erf\u00fcllung der Kundenw\u00fcnsche,<\/li>\n\n\n\n<li>Der Wunsch, kontinuierlich Wissen zu erwerben und dieses in unsere Produkte einzubringen, um sie zu den besten ihrer Klasse zu machen,<\/li>\n\n\n\n<li>Wir suchen nach L\u00f6sungen aus vielen Bereichen der Wissenschaft, die unsere Produkte in jeder Hinsicht durchdacht machen und ihre Schw\u00e4chen minimieren.<\/li>\n<\/ul>\n<\/div>\n\n\n\n<div class=\"wp-block-column is-layout-flow wp-block-column-is-layout-flow\" style=\"flex-basis:33.33%\"><div class=\"wp-block-image\">\n<figure class=\"aligncenter size-full is-resized\"><img decoding=\"async\" src=\"https:\/\/imagoprinter.com\/wp-content\/uploads\/2023\/06\/Pawel-2-1.webp\" alt=\"\" class=\"wp-image-7591\" width=\"167\" height=\"250\"\/><\/figure>\n<\/div>\n\n\n<div style=\"height:50px\" aria-hidden=\"true\" class=\"wp-block-spacer\"><\/div>\n\n\n\n<blockquote class=\"wp-block-quote has-text-align-center is-layout-flow wp-block-quote-is-layout-flow\">\n<p>Als Vorstandsvorsitzender des Unternehmens verpflichtet er sich pers\u00f6nlich, diese Politik bei unseren Mitarbeitern und allen interessierten Parteien umzusetzen und aufrechtzuerhalten.<br\/><\/p>\n<cite>Pawe\u0142 P\u0119siek<br>CEO<\/cite><\/blockquote>\n\n\n\n<p><\/p>\n<\/div>\n<\/div>\n\n<p>\u00a0<\/p>\n\n<h2 class=\"wp-block-heading has-text-align-center\">Wir erkl\u00e4ren<\/h2>\n\n<ul class=\"wp-block-list\">\n<li>Effizientes Management nach modernsten Methoden, die eine vollst\u00e4ndige Befriedigung der Kundenbed\u00fcrfnisse garantieren.<\/li>\n\n\n\n<li>Besch\u00e4ftigung von erfahrenem Personal mit hoher Qualifikation und praktischen F\u00e4higkeiten.<\/li>\n\n\n\n<li>Anwendung der neuesten Methoden und Techniken der maschinellen Fertigung<\/li>\n\n\n\n<li>St\u00e4ndige Erweiterung des Angebots an Produkten und Dienstleistungen<\/li>\n\n\n\n<li>Die oberste Leitung verpflichtet sich, die Anforderungen zu erf\u00fcllen und die Wirksamkeit des Qualit\u00e4tsmanagementsystems st\u00e4ndig zu verbessern.<\/li>\n<\/ul>\n\n<p>Die Gesch\u00e4ftsleitung erwartet von den Mitarbeitern des Unternehmens, dass sie sich st\u00e4ndig f\u00fcr die Verbesserung der Qualit\u00e4t der erbrachten Dienstleistungen engagieren und Initiative bei der Verbesserung des Qualit\u00e4tsmanagementsystems zeigen.<\/p>\n\n<p><\/p>\n\n<p>Die Idee ist, dass das Motto &#8222;Qualit\u00e4t ist unser Motto&#8220; jeden Tag von jedem Mitarbeiter in jeder Position in die Praxis umgesetzt werden sollte.<\/p>\n","protected":false},"excerpt":{"rendered":"<p>Auftrag des Unternehmens Unser Ziel ist es, innovative, zuverl\u00e4ssige und hochwertige Druckl\u00f6sungen anzubieten. Unsere Priorit\u00e4t ist es, unsere Kunden voll&#8230;<\/p>\n","protected":false},"author":1,"featured_media":0,"parent":151366,"menu_order":0,"comment_status":"closed","ping_status":"closed","template":"template-gutenberg.php","meta":{"_acf_changed":false,"footnotes":""},"class_list":["post-151700","page","type-page","status-publish","hentry"],"acf":[],"_links":{"self":[{"href":"https:\/\/www.imagoprinter.com\/de\/wp-json\/wp\/v2\/pages\/151700","targetHints":{"allow":["GET"]}}],"collection":[{"href":"https:\/\/www.imagoprinter.com\/de\/wp-json\/wp\/v2\/pages"}],"about":[{"href":"https:\/\/www.imagoprinter.com\/de\/wp-json\/wp\/v2\/types\/page"}],"author":[{"embeddable":true,"href":"https:\/\/www.imagoprinter.com\/de\/wp-json\/wp\/v2\/users\/1"}],"replies":[{"embeddable":true,"href":"https:\/\/www.imagoprinter.com\/de\/wp-json\/wp\/v2\/comments?post=151700"}],"version-history":[{"count":1,"href":"https:\/\/www.imagoprinter.com\/de\/wp-json\/wp\/v2\/pages\/151700\/revisions"}],"predecessor-version":[{"id":151703,"href":"https:\/\/www.imagoprinter.com\/de\/wp-json\/wp\/v2\/pages\/151700\/revisions\/151703"}],"up":[{"embeddable":true,"href":"https:\/\/www.imagoprinter.com\/de\/wp-json\/wp\/v2\/pages\/151366"}],"wp:attachment":[{"href":"https:\/\/www.imagoprinter.com\/de\/wp-json\/wp\/v2\/media?parent=151700"}],"curies":[{"name":"wp","href":"https:\/\/api.w.org\/{rel}","templated":true}]}}