{"id":7662,"date":"2023-06-01T16:08:50","date_gmt":"2023-06-01T14:08:50","guid":{"rendered":"https:\/\/imagoprinter.com\/unia-europejska\/"},"modified":"2023-07-14T14:10:42","modified_gmt":"2023-07-14T12:10:42","slug":"unia-europejska","status":"publish","type":"page","link":"https:\/\/www.imagoprinter.com\/en\/unia-europejska\/","title":{"rendered":"Unia Europejska"},"content":{"rendered":"<p><img fetchpriority=\"high\" decoding=\"async\" class=\"alignnone wp-image-859 size-full\" src=\"https:\/\/imagoprinter.com2\/wp-content\/uploads\/2023\/06\/FE_POIR_poziom_pl.webp\" alt=\"\" width=\"2000\" height=\"275\" srcset=\"https:\/\/www.imagoprinter.com\/wp-content\/uploads\/2023\/06\/FE_POIR_poziom_pl.webp 2000w, https:\/\/www.imagoprinter.com\/wp-content\/uploads\/2023\/06\/FE_POIR_poziom_pl-475x65.webp 475w, https:\/\/www.imagoprinter.com\/wp-content\/uploads\/2023\/06\/FE_POIR_poziom_pl-1024x141.webp 1024w, https:\/\/www.imagoprinter.com\/wp-content\/uploads\/2023\/06\/FE_POIR_poziom_pl-150x21.webp 150w, https:\/\/www.imagoprinter.com\/wp-content\/uploads\/2023\/06\/FE_POIR_poziom_pl-768x106.webp 768w, https:\/\/www.imagoprinter.com\/wp-content\/uploads\/2023\/06\/FE_POIR_poziom_pl-1536x211.webp 1536w, https:\/\/www.imagoprinter.com\/wp-content\/uploads\/2023\/06\/FE_POIR_poziom_pl-1920x264.webp 1920w\" sizes=\"(max-width: 2000px) 100vw, 2000px\" \/><\/p>\n<p>Preparation of the project for Eurogrant planned for implementation within the framework of EIC Accelerator. Grant agreement number: POIR.02.03.06-14-0071\/21<\/p>\n<p>Project Objective: To support the applicant to apply for Horizon Europe EIC Accelerator Open funding. Obtaining funding will allow to prepare an application for Eurogrant in the scope of: documentation, including feasibility study, revision of the application, presentation of the idea before the EC, performance of translations. The goal of the Eurogrant is to develop and implement a Point of Sale device with a software system and a dedicated printing device equipped with vision systems to help position the print according to the actual location of the baked goods in the printer.<\/p>\n<p>Beneficiary: IMAGO PRINTER SP\u00d3\u0141KA Z OGRANICZON\u0104 ODPOWIEDZIALNO\u015aCI\u0104<br \/>\nIntermediate Body: Polish Agency for Enterprise Development<br \/>\nOperational Program Intelligent Development 2014-2020<br \/>\nThe value of the grant awarded &#8211; 280,060.00 PLN<\/p>\n","protected":false},"excerpt":{"rendered":"<p>Preparation of the project for Eurogrant planned for implementation within the framework of EIC Accelerator. Grant agreement number: POIR.02.03.06-14-0071\/21 Project&#8230;<\/p>\n","protected":false},"author":1,"featured_media":0,"parent":0,"menu_order":0,"comment_status":"closed","ping_status":"closed","template":"","meta":{"_acf_changed":false,"footnotes":""},"class_list":["post-7662","page","type-page","status-publish","hentry"],"acf":[],"_links":{"self":[{"href":"https:\/\/www.imagoprinter.com\/en\/wp-json\/wp\/v2\/pages\/7662","targetHints":{"allow":["GET"]}}],"collection":[{"href":"https:\/\/www.imagoprinter.com\/en\/wp-json\/wp\/v2\/pages"}],"about":[{"href":"https:\/\/www.imagoprinter.com\/en\/wp-json\/wp\/v2\/types\/page"}],"author":[{"embeddable":true,"href":"https:\/\/www.imagoprinter.com\/en\/wp-json\/wp\/v2\/users\/1"}],"replies":[{"embeddable":true,"href":"https:\/\/www.imagoprinter.com\/en\/wp-json\/wp\/v2\/comments?post=7662"}],"version-history":[{"count":1,"href":"https:\/\/www.imagoprinter.com\/en\/wp-json\/wp\/v2\/pages\/7662\/revisions"}],"predecessor-version":[{"id":8291,"href":"https:\/\/www.imagoprinter.com\/en\/wp-json\/wp\/v2\/pages\/7662\/revisions\/8291"}],"wp:attachment":[{"href":"https:\/\/www.imagoprinter.com\/en\/wp-json\/wp\/v2\/media?parent=7662"}],"curies":[{"name":"wp","href":"https:\/\/api.w.org\/{rel}","templated":true}]}}