{"id":154728,"date":"2023-06-01T16:08:50","date_gmt":"2023-06-01T14:08:50","guid":{"rendered":"https:\/\/www.imagoprinter.com\/union-europea\/"},"modified":"2023-06-01T16:08:50","modified_gmt":"2023-06-01T14:08:50","slug":"union-europea","status":"publish","type":"page","link":"https:\/\/www.imagoprinter.com\/es\/union-europea\/","title":{"rendered":"Uni\u00f3n Europea"},"content":{"rendered":"<p><img fetchpriority=\"high\" decoding=\"async\" class=\"alignnone wp-image-859 size-full\" src=\"https:\/\/imagoprinter.com2\/wp-content\/uploads\/2023\/06\/FE_POIR_poziom_pl.webp\" alt=\"\" width=\"2000\" height=\"275\" srcset=\"https:\/\/www.imagoprinter.com\/wp-content\/uploads\/2023\/06\/FE_POIR_poziom_pl.webp 2000w, https:\/\/www.imagoprinter.com\/wp-content\/uploads\/2023\/06\/FE_POIR_poziom_pl-475x65.webp 475w, https:\/\/www.imagoprinter.com\/wp-content\/uploads\/2023\/06\/FE_POIR_poziom_pl-1024x141.webp 1024w, https:\/\/www.imagoprinter.com\/wp-content\/uploads\/2023\/06\/FE_POIR_poziom_pl-150x21.webp 150w, https:\/\/www.imagoprinter.com\/wp-content\/uploads\/2023\/06\/FE_POIR_poziom_pl-768x106.webp 768w, https:\/\/www.imagoprinter.com\/wp-content\/uploads\/2023\/06\/FE_POIR_poziom_pl-1536x211.webp 1536w, https:\/\/www.imagoprinter.com\/wp-content\/uploads\/2023\/06\/FE_POIR_poziom_pl-1920x264.webp 1920w\" sizes=\"(max-width: 2000px) 100vw, 2000px\" \/><\/p>\n<p>1.Preparaci\u00f3n del proyecto de Eurobeca previsto para su ejecuci\u00f3n en el marco del Acelerador EIC. N\u00famero del acuerdo de subvenci\u00f3n: POIR.02.03.06-14-0071\/21 <\/p>\n<p>Objetivo del proyecto: Apoyar al solicitante para que solicite la financiaci\u00f3n Horizon Europe EIC Accelerator Open. La obtenci\u00f3n de la financiaci\u00f3n permitir\u00e1 la preparaci\u00f3n de la solicitud de la Eurobeca en cuanto a: documentaci\u00f3n, incluido el estudio de viabilidad, revisi\u00f3n de la solicitud, presentaci\u00f3n de la idea ante la CE, traducci\u00f3n. El objetivo de la Eurobeca es desarrollar y poner en marcha un dispositivo de Punto de Venta con un sistema de software y un dispositivo de impresi\u00f3n dedicado equipado con sistemas de visi\u00f3n para apoyar el posicionamiento de la impresi\u00f3n de acuerdo con la ubicaci\u00f3n real del producto horneado en la impresora.  <\/p>\n<p><b>Beneficiario<\/b>: IMAGO PRINTER SOCIEDAD DE RESPONSABILIDAD LIMITADA<br \/>\n<b>Organismo Intermedio<\/b>: Agencia Polaca para el Desarrollo Empresarial<br \/>\n<b>Programa Operativo de Desarrollo Inteligente<\/b> 2014-2020<br \/>\n<b>Valor de la subvenci\u00f3n concedida<\/b> &#8211; 280.060,00 PLN<\/p>\n<header><\/header>\n<header class=\"mb-10\"><span data-contrast=\"auto\">     <\/span><\/header>\n<header><\/header>\n<header class=\"mb-10\"><span data-contrast=\"auto\">  2. IMAGO PRINTER SP. Z O.O. est\u00e1 llevando a cabo un proyecto cofinanciado por los Fondos Europeos &#8211; apoyado por el Programa Fondos Europeos para la Modernizaci\u00f3n.   <\/span><span data-contrast=\"auto\">Econom\u00eda, en Prioridad: Apoyo a los emprendedores, Medida: Promoci\u00f3n de la marca de las PYME innovadoras<\/span><span data-ccp-props=\"{\"335551550\":6,\"335551620\":6}\"> <\/span><span data-ccp-props=\"{\"335551550\":6,\"335551620\":6}\"> <\/span><span data-contrast=\"auto\">T\u00edtulo del proyecto: <\/span><b><span data-contrast=\"auto\">\u00abDesarrollo de la exportaci\u00f3n de los innovadores trazadores de alimentos IMAGO VULPES mediante la participaci\u00f3n en ferias internacionales y misiones econ\u00f3micas\u00bb.<\/span><\/b><span data-ccp-props=\"{\"335551550\":6,\"335551620\":6}\"> <\/span><span data-ccp-props=\"{\"335551550\":6,\"335551620\":6}\"> <\/span><span data-contrast=\"auto\">El objeto del proyecto es la promoci\u00f3n e internacionalizaci\u00f3n de la innovadora l\u00ednea de dispositivos IMAGO VULPES -plotters especializados en confiter\u00eda que permiten la impresi\u00f3n directa con tintas comestibles sobre productos alimenticios- en mercados extranjeros estrat\u00e9gicos seleccionados. El proyecto ser\u00e1 ejecutado por la empresa IMAGO PRINTER sp. z o.o., fabricante polaco de soluciones modernas de la frontera entre la industria de maquinaria y las tecnolog\u00edas alimentarias. La gama de productos cubiertos por el proyecto incluye impresoras modernas de la l\u00ednea VULPES (Est\u00e1ndar, PRO, Industrial).     <\/span><span data-ccp-props=\"{\"335551550\":6,\"335551620\":6,\"335559739\":0}\"> <\/span><span data-contrast=\"auto\">El objetivo del proyecto es reforzar el reconocimiento de la marca IMAGO VULPES, aumentar las ventas en el extranjero y entrar de forma sostenible en mercados con gran potencial de crecimiento. La expansi\u00f3n prevista incluye los pa\u00edses de Europa Occidental y Septentrional y Norteam\u00e9rica: Alemania, Francia, Italia, Pa\u00edses Bajos, B\u00e9lgica, Ruman\u00eda, Hungr\u00eda, Austria, Irlanda, Dinamarca, Portugal, Rep\u00fablica Checa, Espa\u00f1a, Reino Unido, Grecia, Canad\u00e1, EE.UU. y Brasil. <\/span><span data-ccp-props=\"{\"335551550\":6,\"335551620\":6,\"335559739\":0}\"> <\/span><span data-ccp-props=\"{\"335551550\":6,\"335551620\":6}\"> <\/span><\/header>\n<header class=\"mb-10\"><span data-contrast=\"auto\">Gasto total: PLN 3 710 294,36<\/span><span data-ccp-props=\"{\"335551550\":6,\"335551620\":6}\"> <\/span><span data-contrast=\"auto\">Financiaci\u00f3n de la UE para el proyecto: PLN 1 669 779,42<\/span><span data-ccp-props=\"{\"335551550\":6,\"335551620\":6}\"> <\/span><\/p>\n<p><span data-ccp-props=\"{\"335551550\":6,\"335551620\":6}\"> <\/span><\/p>\n<p><b><span data-contrast=\"auto\">#FondosEuropeos, #ImagoPrinter, #Innovaci\u00f3n, #Innovaci\u00f3n.<\/span><\/b><b><span data-contrast=\"none\"> <\/span><\/b><b><span data-contrast=\"auto\">ferias<\/span><\/b><span data-ccp-props=\"{\"335551550\":6,\"335551620\":6}\"> <\/span><\/p>\n<\/header>\n","protected":false},"excerpt":{"rendered":"<p>1.Preparaci\u00f3n del proyecto de Eurobeca previsto para su ejecuci\u00f3n en el marco del Acelerador EIC. N\u00famero del acuerdo de subvenci\u00f3n:&#8230;<\/p>\n","protected":false},"author":1,"featured_media":0,"parent":0,"menu_order":0,"comment_status":"closed","ping_status":"closed","template":"","meta":{"_acf_changed":false,"footnotes":""},"class_list":["post-154728","page","type-page","status-publish","hentry"],"acf":[],"_links":{"self":[{"href":"https:\/\/www.imagoprinter.com\/es\/wp-json\/wp\/v2\/pages\/154728","targetHints":{"allow":["GET"]}}],"collection":[{"href":"https:\/\/www.imagoprinter.com\/es\/wp-json\/wp\/v2\/pages"}],"about":[{"href":"https:\/\/www.imagoprinter.com\/es\/wp-json\/wp\/v2\/types\/page"}],"author":[{"embeddable":true,"href":"https:\/\/www.imagoprinter.com\/es\/wp-json\/wp\/v2\/users\/1"}],"replies":[{"embeddable":true,"href":"https:\/\/www.imagoprinter.com\/es\/wp-json\/wp\/v2\/comments?post=154728"}],"version-history":[{"count":0,"href":"https:\/\/www.imagoprinter.com\/es\/wp-json\/wp\/v2\/pages\/154728\/revisions"}],"wp:attachment":[{"href":"https:\/\/www.imagoprinter.com\/es\/wp-json\/wp\/v2\/media?parent=154728"}],"curies":[{"name":"wp","href":"https:\/\/api.w.org\/{rel}","templated":true}]}}