{"id":154737,"date":"2023-05-14T23:25:05","date_gmt":"2023-05-14T21:25:05","guid":{"rendered":"https:\/\/www.imagoprinter.com\/inspiraciones\/impresoras-para-aluminio\/"},"modified":"2026-03-05T20:46:58","modified_gmt":"2026-03-05T19:46:58","slug":"impresoras-para-aluminio","status":"publish","type":"page","link":"https:\/\/www.imagoprinter.com\/es\/inspiraciones\/impresoras-para-aluminio\/","title":{"rendered":"Impresoras para aluminio"},"content":{"rendered":"<h1>Insp\u00edrate en<br \/>\nimpresi\u00f3n en aluminio<\/h1>\n<p>Las impresoras para aluminio permiten crear impresiones muy precisas y pr\u00e1cticamente indestructibles sobre aluminio anodizado. Gracias a la m\u00e1xima calidad y extraordinaria precisi\u00f3n de la impresi\u00f3n, es posible reproducir hasta el \u00faltimo detalle. Como resultado, las placas de identificaci\u00f3n, los paneles de control y las marcas de las salas no s\u00f3lo ser\u00e1n resistentes, sino que mantendr\u00e1n su aspecto durante muchos a\u00f1os.<\/p>\n<p>&nbsp;<\/p>\n","protected":false},"excerpt":{"rendered":"<p>Insp\u00edrate en impresi\u00f3n en aluminio Las impresoras para aluminio permiten crear impresiones muy precisas y pr\u00e1cticamente indestructibles sobre aluminio anodizado&#8230;.<\/p>\n","protected":false},"author":1,"featured_media":0,"parent":154730,"menu_order":0,"comment_status":"closed","ping_status":"closed","template":"template-gallery.php","meta":{"_acf_changed":false,"footnotes":""},"class_list":["post-154737","page","type-page","status-publish","hentry"],"acf":[],"_links":{"self":[{"href":"https:\/\/www.imagoprinter.com\/es\/wp-json\/wp\/v2\/pages\/154737","targetHints":{"allow":["GET"]}}],"collection":[{"href":"https:\/\/www.imagoprinter.com\/es\/wp-json\/wp\/v2\/pages"}],"about":[{"href":"https:\/\/www.imagoprinter.com\/es\/wp-json\/wp\/v2\/types\/page"}],"author":[{"embeddable":true,"href":"https:\/\/www.imagoprinter.com\/es\/wp-json\/wp\/v2\/users\/1"}],"replies":[{"embeddable":true,"href":"https:\/\/www.imagoprinter.com\/es\/wp-json\/wp\/v2\/comments?post=154737"}],"version-history":[{"count":2,"href":"https:\/\/www.imagoprinter.com\/es\/wp-json\/wp\/v2\/pages\/154737\/revisions"}],"predecessor-version":[{"id":154841,"href":"https:\/\/www.imagoprinter.com\/es\/wp-json\/wp\/v2\/pages\/154737\/revisions\/154841"}],"up":[{"embeddable":true,"href":"https:\/\/www.imagoprinter.com\/es\/wp-json\/wp\/v2\/pages\/154730"}],"wp:attachment":[{"href":"https:\/\/www.imagoprinter.com\/es\/wp-json\/wp\/v2\/media?parent=154737"}],"curies":[{"name":"wp","href":"https:\/\/api.w.org\/{rel}","templated":true}]}}