{"id":154762,"date":"2023-05-14T23:23:57","date_gmt":"2023-05-14T21:23:57","guid":{"rendered":"https:\/\/www.imagoprinter.com\/inspiraciones\/impresoras-alimentarias\/"},"modified":"2026-03-05T22:55:19","modified_gmt":"2026-03-05T21:55:19","slug":"impresoras-alimentarias","status":"publish","type":"page","link":"https:\/\/www.imagoprinter.com\/es\/inspiraciones\/impresoras-alimentarias\/","title":{"rendered":"Impresoras alimentarias"},"content":{"rendered":"<h1>Insp\u00edrate en la impresi\u00f3n<br \/>\nen confiter\u00eda<\/h1>\n<p><span class=\"TextRun SCXW78867824 BCX0\" lang=\"PL-PL\" xml:lang=\"PL-PL\" data-contrast=\"none\"><span class=\"NormalTextRun SCXW78867824 BCX0\">Descubre nuevas formas de decorar <\/span><span class=\"NormalTextRun SCXW78867824 BCX0\">tus productos de confiter\u00eda<\/span> <span class=\"NormalTextRun SCXW78867824 BCX0\">utilizando<\/span><span class=\"NormalTextRun SCXW78867824 BCX0\"> dru<\/span><span class=\"NormalTextRun SCXW78867824 BCX0\">impresoras alimentarias. <\/span> <\/span><\/p>\n","protected":false},"excerpt":{"rendered":"<p>Insp\u00edrate en la impresi\u00f3n en confiter\u00eda Descubre nuevas formas de decorar tus productos de confiter\u00eda utilizando druimpresoras alimentarias.<\/p>\n","protected":false},"author":1,"featured_media":0,"parent":154730,"menu_order":0,"comment_status":"closed","ping_status":"closed","template":"template-gallery.php","meta":{"_acf_changed":false,"footnotes":""},"class_list":["post-154762","page","type-page","status-publish","hentry"],"acf":[],"_links":{"self":[{"href":"https:\/\/www.imagoprinter.com\/es\/wp-json\/wp\/v2\/pages\/154762","targetHints":{"allow":["GET"]}}],"collection":[{"href":"https:\/\/www.imagoprinter.com\/es\/wp-json\/wp\/v2\/pages"}],"about":[{"href":"https:\/\/www.imagoprinter.com\/es\/wp-json\/wp\/v2\/types\/page"}],"author":[{"embeddable":true,"href":"https:\/\/www.imagoprinter.com\/es\/wp-json\/wp\/v2\/users\/1"}],"replies":[{"embeddable":true,"href":"https:\/\/www.imagoprinter.com\/es\/wp-json\/wp\/v2\/comments?post=154762"}],"version-history":[{"count":1,"href":"https:\/\/www.imagoprinter.com\/es\/wp-json\/wp\/v2\/pages\/154762\/revisions"}],"predecessor-version":[{"id":155199,"href":"https:\/\/www.imagoprinter.com\/es\/wp-json\/wp\/v2\/pages\/154762\/revisions\/155199"}],"up":[{"embeddable":true,"href":"https:\/\/www.imagoprinter.com\/es\/wp-json\/wp\/v2\/pages\/154730"}],"wp:attachment":[{"href":"https:\/\/www.imagoprinter.com\/es\/wp-json\/wp\/v2\/media?parent=154762"}],"curies":[{"name":"wp","href":"https:\/\/api.w.org\/{rel}","templated":true}]}}