{"id":154842,"date":"2023-04-15T14:51:37","date_gmt":"2023-04-15T12:51:37","guid":{"rendered":"https:\/\/www.imagoprinter.com\/?page_id=154842"},"modified":"2026-03-13T09:15:07","modified_gmt":"2026-03-13T08:15:07","slug":"contacto","status":"publish","type":"page","link":"https:\/\/www.imagoprinter.com\/es\/contacto\/","title":{"rendered":"Contacto"},"content":{"rendered":"<h1>\u00bfTienes alguna pregunta?<br \/>\n\u00a1Ponte en contacto con nosotros!<\/h1>\n<p>Si tienes alguna pregunta o deseas conocer m\u00e1s sobre nuestros productos y servicios, \u00a1no dudes en ponerte en contacto con nosotros! Estaremos encantados de ayudarte a elegir el dispositivo adecuado y te aconsejaremos cu\u00e1l se adapta mejor a las caracter\u00edsticas espec\u00edficas de tu negocio.<\/p>\n","protected":false},"excerpt":{"rendered":"<p>\u00bfTienes alguna pregunta? \u00a1Ponte en contacto con nosotros! Si tienes alguna pregunta o deseas conocer m\u00e1s sobre nuestros productos y&#8230;<\/p>\n","protected":false},"author":1,"featured_media":0,"parent":0,"menu_order":0,"comment_status":"closed","ping_status":"closed","template":"template-contact.php","meta":{"_acf_changed":false,"footnotes":""},"class_list":["post-154842","page","type-page","status-publish","hentry"],"acf":[],"_links":{"self":[{"href":"https:\/\/www.imagoprinter.com\/es\/wp-json\/wp\/v2\/pages\/154842","targetHints":{"allow":["GET"]}}],"collection":[{"href":"https:\/\/www.imagoprinter.com\/es\/wp-json\/wp\/v2\/pages"}],"about":[{"href":"https:\/\/www.imagoprinter.com\/es\/wp-json\/wp\/v2\/types\/page"}],"author":[{"embeddable":true,"href":"https:\/\/www.imagoprinter.com\/es\/wp-json\/wp\/v2\/users\/1"}],"replies":[{"embeddable":true,"href":"https:\/\/www.imagoprinter.com\/es\/wp-json\/wp\/v2\/comments?post=154842"}],"version-history":[{"count":3,"href":"https:\/\/www.imagoprinter.com\/es\/wp-json\/wp\/v2\/pages\/154842\/revisions"}],"predecessor-version":[{"id":155403,"href":"https:\/\/www.imagoprinter.com\/es\/wp-json\/wp\/v2\/pages\/154842\/revisions\/155403"}],"wp:attachment":[{"href":"https:\/\/www.imagoprinter.com\/es\/wp-json\/wp\/v2\/media?parent=154842"}],"curies":[{"name":"wp","href":"https:\/\/api.w.org\/{rel}","templated":true}]}}