{"id":154882,"date":"2023-04-24T13:59:52","date_gmt":"2023-04-24T11:59:52","guid":{"rendered":"https:\/\/www.imagoprinter.com\/sobre-imago\/"},"modified":"2026-03-05T22:52:59","modified_gmt":"2026-03-05T21:52:59","slug":"sobre-imago","status":"publish","type":"page","link":"https:\/\/www.imagoprinter.com\/es\/sobre-imago\/","title":{"rendered":"SOBRE IMAGO"},"content":{"rendered":"<p>La plantilla de IMAGO est\u00e1 formada por empleados altamente cualificados, entre ellos expertos en los campos de la impresi\u00f3n, el dise\u00f1o mec\u00e1nico, la automatizaci\u00f3n, la electr\u00f3nica, el marketing y los negocios. Hemos creado 7 departamentos con una estructura de gesti\u00f3n avanzada, lo que se traduce en la eficacia y eficiencia de la empresa.<\/p>\n<p>Implantamos un sistema ERP para facilitar la planificaci\u00f3n de las tareas en nuestra empresa e integrar todos los elementos de su funcionamiento. Adem\u00e1s, introdujimos el m\u00e9todo Kanban para la gesti\u00f3n de la producci\u00f3n y el sistema 5S para mejorar la eficacia del trabajo realizado.<\/p>\n<p>Proporcionamos a nuestros clientes un servicio integral y asistencia t\u00e9cnica. Nos centramos en establecer relaciones a largo plazo y en crecer juntos.<\/p>\n","protected":false},"excerpt":{"rendered":"<p>La plantilla de IMAGO est\u00e1 formada por empleados altamente cualificados, entre ellos expertos en los campos de la impresi\u00f3n, el&#8230;<\/p>\n","protected":false},"author":1,"featured_media":0,"parent":0,"menu_order":0,"comment_status":"closed","ping_status":"closed","template":"template-about.php","meta":{"_acf_changed":false,"footnotes":""},"class_list":["post-154882","page","type-page","status-publish","hentry"],"acf":[],"_links":{"self":[{"href":"https:\/\/www.imagoprinter.com\/es\/wp-json\/wp\/v2\/pages\/154882","targetHints":{"allow":["GET"]}}],"collection":[{"href":"https:\/\/www.imagoprinter.com\/es\/wp-json\/wp\/v2\/pages"}],"about":[{"href":"https:\/\/www.imagoprinter.com\/es\/wp-json\/wp\/v2\/types\/page"}],"author":[{"embeddable":true,"href":"https:\/\/www.imagoprinter.com\/es\/wp-json\/wp\/v2\/users\/1"}],"replies":[{"embeddable":true,"href":"https:\/\/www.imagoprinter.com\/es\/wp-json\/wp\/v2\/comments?post=154882"}],"version-history":[{"count":1,"href":"https:\/\/www.imagoprinter.com\/es\/wp-json\/wp\/v2\/pages\/154882\/revisions"}],"predecessor-version":[{"id":155197,"href":"https:\/\/www.imagoprinter.com\/es\/wp-json\/wp\/v2\/pages\/154882\/revisions\/155197"}],"wp:attachment":[{"href":"https:\/\/www.imagoprinter.com\/es\/wp-json\/wp\/v2\/media?parent=154882"}],"curies":[{"name":"wp","href":"https:\/\/api.w.org\/{rel}","templated":true}]}}