{"id":154915,"date":"2023-06-01T16:22:08","date_gmt":"2023-06-01T14:22:08","guid":{"rendered":"https:\/\/www.imagoprinter.com\/sobre-imago\/politica-de-calidad\/"},"modified":"2026-03-05T21:11:09","modified_gmt":"2026-03-05T20:11:09","slug":"politica-de-calidad","status":"publish","type":"page","link":"https:\/\/www.imagoprinter.com\/es\/sobre-imago\/politica-de-calidad\/","title":{"rendered":"Pol\u00edtica de calidad"},"content":{"rendered":"\n<h2 class=\"wp-block-heading has-text-align-center\">Misi\u00f3n de la empresa<\/h2>\n\n<p class=\"has-text-align-center\">Nuestra misi\u00f3n es proporcionar soluciones de impresi\u00f3n innovadoras, fiables y de alta calidad. Nuestra prioridad es satisfacer plenamente a nuestros clientes proporcion\u00e1ndoles no s\u00f3lo productos de alta calidad, sino tambi\u00e9n un servicio posventa eficaz. Nos motiva el deseo de ofrecer soluciones integrales que ayuden a nuestros clientes a aumentar la productividad y reducir los costes. Al mismo tiempo, hacemos hincapi\u00e9 en la prestaci\u00f3n de un trabajo de alta calidad y en la satisfacci\u00f3n de nuestros empleados. Nos esforzamos por mantener un equipo din\u00e1mico y una empresa pr\u00f3spera. Valoramos a nuestros empleados fomentando su desarrollo, proporcionando un entorno de trabajo agradable y promoviendo el compromiso y la colaboraci\u00f3n.       <\/p>\n\n<p><\/p>\n\n<h2 class=\"wp-block-heading has-text-align-center\">Tres objetivos principales<\/h2>\n\n<p class=\"has-text-align-center\">Pretendemos alcanzar la misi\u00f3n anterior mediante  <\/p>\n\n<div class=\"wp-block-columns is-layout-flex wp-container-core-columns-is-layout-9d6595d7 wp-block-columns-is-layout-flex\">\n<div class=\"wp-block-column is-layout-flow wp-block-column-is-layout-flow\" style=\"flex-basis:66.66%\">\n<p><strong>La satisfacci\u00f3n del CLIENTE se consigue mediante:<\/strong><\/p>\n\n\n\n<ul class=\"wp-block-list\">\n<li>Fabricar equipos con un amplio espectro de aplicaciones le permite ofrecer un abanico muy amplio de posibilidades.<\/li>\n\n\n\n<li>Calidad de impresi\u00f3n superior, independientemente del soporte y del tipo de tinta utilizados,<\/li>\n\n\n\n<li>un servicio eficaz y r\u00e1pido que minimice el tiempo de inactividad de las m\u00e1quinas.<\/li>\n<\/ul>\n\n\n\n<p><strong>DESARROLLO CONTINUO por:<\/strong><\/p>\n\n\n\n<ul class=\"wp-block-list\">\n<li>Disciplina y un enfoque de proceso para ayudar a superar los problemas y acelerar el desarrollo,<\/li>\n\n\n\n<li>Mejora continua de los procesos para permitir la entrega r\u00e1pida de equipos manteniendo un alto nivel de rendimiento,<\/li>\n\n\n\n<li>apertura a las necesidades de los clientes, cuyas ideas impulsan el desarrollo de nuestra empresa.<\/li>\n<\/ul>\n\n\n\n<p><strong>DESARROLLO INCONDICIONAL a trav\u00e9s de:<\/strong><\/p>\n\n\n\n<ul class=\"wp-block-list\">\n<li>Apertura a las necesidades del mercado y satisfacci\u00f3n de las necesidades de los clientes,<\/li>\n\n\n\n<li>el deseo de adquirir continuamente conocimientos e implementarlos en nuestros productos para convertirlos en los mejores de su clase,<\/li>\n\n\n\n<li>buscando soluciones de una amplia gama de disciplinas cient\u00edficas que hagan que nuestros productos sean reflexivos desde todos los \u00e1ngulos, minimizando sus puntos d\u00e9biles.<\/li>\n<\/ul>\n<\/div>\n\n\n\n<div class=\"wp-block-column is-layout-flow wp-block-column-is-layout-flow\" style=\"flex-basis:33.33%\"><div class=\"wp-block-image\">\n<figure class=\"aligncenter size-full is-resized\"><img decoding=\"async\" src=\"https:\/\/imagoprinter.com\/wp-content\/uploads\/2023\/06\/Pawel-2-1.webp\" alt=\"\" class=\"wp-image-7591\" width=\"167\" height=\"250\"\/><\/figure>\n<\/div>\n\n\n<div style=\"height:50px\" aria-hidden=\"true\" class=\"wp-block-spacer\"><\/div>\n\n\n\n<blockquote class=\"wp-block-quote has-text-align-center is-layout-flow wp-block-quote-is-layout-flow\">\n<p>Como Presidente del Consejo de Administraci\u00f3n de la empresa, me comprometo personalmente a aplicar y mantener la pol\u00edtica entre los empleados de nuestra empresa y todas las partes interesadas.<br\/><\/p>\n<cite>Pawe\u0142 P\u0119siek<br>Presidente del Consejo de Administraci\u00f3n<\/cite><\/blockquote>\n<\/div>\n<\/div>\n\n<h2 class=\"wp-block-heading has-text-align-center\">Declaramos<\/h2>\n\n<ul class=\"wp-block-list\">\n<li>Gesti\u00f3n eficaz seg\u00fan los m\u00e9todos m\u00e1s avanzados que garantizan la plena satisfacci\u00f3n de las necesidades de los clientes.  <\/li>\n\n\n\n<li>Emplear personal experimentado con alta cualificaci\u00f3n y aptitudes pr\u00e1cticas.  <\/li>\n<\/ul>\n\n<ul class=\"wp-block-list\">\n<li>Utilizaci\u00f3n de los \u00faltimos m\u00e9todos y t\u00e9cnicas de fabricaci\u00f3n mec\u00e1nica  <\/li>\n\n\n\n<li>Ampliaci\u00f3n continua de la gama de productos y servicios prestados  <\/li>\n<\/ul>\n\n<p>La alta direcci\u00f3n se compromete a cumplir los requisitos y a mejorar continuamente la eficacia del Sistema de Gesti\u00f3n de la Calidad.  <\/p>\n\n<p>El Consejo espera que los empleados de la Empresa participen constantemente en actividades para mejorar la calidad de los servicios prestados y muestren iniciativa en la mejora del Sistema de Gesti\u00f3n de la Calidad.  <\/p>\n\n<p>La idea es que el lema <strong>\u00abla calidad es nuestro lema\u00bb <\/strong>sea puesto en pr\u00e1ctica cada d\u00eda por cada empleado en cada puesto.  <\/p>\n","protected":false},"excerpt":{"rendered":"<p>Misi\u00f3n de la empresa Nuestra misi\u00f3n es proporcionar soluciones de impresi\u00f3n innovadoras, fiables y de alta calidad. Nuestra prioridad es&#8230;<\/p>\n","protected":false},"author":1,"featured_media":0,"parent":154882,"menu_order":0,"comment_status":"closed","ping_status":"closed","template":"template-gutenberg.php","meta":{"_acf_changed":false,"footnotes":""},"class_list":["post-154915","page","type-page","status-publish","hentry"],"acf":[],"_links":{"self":[{"href":"https:\/\/www.imagoprinter.com\/es\/wp-json\/wp\/v2\/pages\/154915","targetHints":{"allow":["GET"]}}],"collection":[{"href":"https:\/\/www.imagoprinter.com\/es\/wp-json\/wp\/v2\/pages"}],"about":[{"href":"https:\/\/www.imagoprinter.com\/es\/wp-json\/wp\/v2\/types\/page"}],"author":[{"embeddable":true,"href":"https:\/\/www.imagoprinter.com\/es\/wp-json\/wp\/v2\/users\/1"}],"replies":[{"embeddable":true,"href":"https:\/\/www.imagoprinter.com\/es\/wp-json\/wp\/v2\/comments?post=154915"}],"version-history":[{"count":1,"href":"https:\/\/www.imagoprinter.com\/es\/wp-json\/wp\/v2\/pages\/154915\/revisions"}],"predecessor-version":[{"id":154917,"href":"https:\/\/www.imagoprinter.com\/es\/wp-json\/wp\/v2\/pages\/154915\/revisions\/154917"}],"up":[{"embeddable":true,"href":"https:\/\/www.imagoprinter.com\/es\/wp-json\/wp\/v2\/pages\/154882"}],"wp:attachment":[{"href":"https:\/\/www.imagoprinter.com\/es\/wp-json\/wp\/v2\/media?parent=154915"}],"curies":[{"name":"wp","href":"https:\/\/api.w.org\/{rel}","templated":true}]}}