{"id":154918,"date":"2023-04-26T17:39:33","date_gmt":"2023-04-26T15:39:33","guid":{"rendered":"https:\/\/www.imagoprinter.com\/?page_id=154918"},"modified":"2026-03-05T21:13:26","modified_gmt":"2026-03-05T20:13:26","slug":"productos","status":"publish","type":"page","link":"https:\/\/www.imagoprinter.com\/es\/productos\/","title":{"rendered":"Productos"},"content":{"rendered":"<h1>Conozca nuestra oferta<\/h1>\n<p>Imprima lo que necesite de forma r\u00e1pida, f\u00e1cil y con calidad fotogr\u00e1fica en la impresora digital de IMAGO.<\/p>\n","protected":false},"excerpt":{"rendered":"<p>Conozca nuestra oferta Imprima lo que necesite de forma r\u00e1pida, f\u00e1cil y con calidad fotogr\u00e1fica en la impresora digital de&#8230;<\/p>\n","protected":false},"author":1,"featured_media":0,"parent":0,"menu_order":0,"comment_status":"closed","ping_status":"closed","template":"template-offer.php","meta":{"_acf_changed":false,"footnotes":""},"class_list":["post-154918","page","type-page","status-publish","hentry"],"acf":[],"_links":{"self":[{"href":"https:\/\/www.imagoprinter.com\/es\/wp-json\/wp\/v2\/pages\/154918","targetHints":{"allow":["GET"]}}],"collection":[{"href":"https:\/\/www.imagoprinter.com\/es\/wp-json\/wp\/v2\/pages"}],"about":[{"href":"https:\/\/www.imagoprinter.com\/es\/wp-json\/wp\/v2\/types\/page"}],"author":[{"embeddable":true,"href":"https:\/\/www.imagoprinter.com\/es\/wp-json\/wp\/v2\/users\/1"}],"replies":[{"embeddable":true,"href":"https:\/\/www.imagoprinter.com\/es\/wp-json\/wp\/v2\/comments?post=154918"}],"version-history":[{"count":2,"href":"https:\/\/www.imagoprinter.com\/es\/wp-json\/wp\/v2\/pages\/154918\/revisions"}],"predecessor-version":[{"id":154921,"href":"https:\/\/www.imagoprinter.com\/es\/wp-json\/wp\/v2\/pages\/154918\/revisions\/154921"}],"wp:attachment":[{"href":"https:\/\/www.imagoprinter.com\/es\/wp-json\/wp\/v2\/media?parent=154918"}],"curies":[{"name":"wp","href":"https:\/\/api.w.org\/{rel}","templated":true}]}}