{"id":155124,"date":"2023-04-04T11:35:08","date_gmt":"2023-04-04T09:35:08","guid":{"rendered":"https:\/\/www.imagoprinter.com\/pagina-de-inicio\/"},"modified":"2026-03-06T00:01:33","modified_gmt":"2026-03-05T23:01:33","slug":"pagina-de-inicio","status":"publish","type":"page","link":"https:\/\/www.imagoprinter.com\/es\/","title":{"rendered":"P\u00e1gina de inicio"},"content":{"rendered":"","protected":false},"excerpt":{"rendered":"","protected":false},"author":1,"featured_media":0,"parent":0,"menu_order":0,"comment_status":"closed","ping_status":"closed","template":"","meta":{"_acf_changed":false,"footnotes":""},"class_list":["post-155124","page","type-page","status-publish","hentry"],"acf":{"top_slider":[{"text":"<h1>Tu socio en impresi\u00f3n digital<\/h1>\r\nEn IMAGO Printer, guiamos al cliente desde el an\u00e1lisis del problema, pasando por las pruebas en el laboratorio de aplicaciones (Proof-Lab) y la selecci\u00f3n de tintas (INKnovation Lab) y utillaje del equipo de impresi\u00f3n, hasta la instalaci\u00f3n de la m\u00e1quina, la formaci\u00f3n y las actualizaciones del ciclo de vida.","bg":155196,"is_bg":true,"btn_1":"","btn_2":""},{"text":"<h2>Dise\u00f1ado y fabricado en Polonia<\/h2>\r\nImpresora IMAGO es un fabricante polaco de sistemas de impresi\u00f3n digital de \u00faltima generaci\u00f3n dise\u00f1ados y fabricados en Polonia, con sus propias instalaciones de I+D y un servicio centrado en la longevidad de las soluciones.","bg":152077,"is_bg":true,"btn_1":{"title":"M\u00e1s informaci\u00f3n ","url":"https:\/\/www.imagoprinter.com\/es\/sobre-imago\/","target":""},"btn_2":""},{"text":"<h2>Ver los equipos IMAGO en directo en la feria<\/h2>\r\nEncu\u00e9ntranos en la feria m\u00e1s importante de 2026. Observa las impresoras IMAGO en funcionamiento real, comprueba la calidad de impresi\u00f3n en productos reales y habla con nuestros expertos sobre la implantaci\u00f3n de la tecnolog\u00eda en tu producci\u00f3n.\r\n\u00c9sta es la mejor oportunidad para evaluar las capacidades de los dispositivos <strong>en directo<\/strong>: nada de presentaciones y promesas, s\u00f3lo resultados reales.","bg":155195,"is_bg":true,"btn_1":"","btn_2":""}],"top_text":"<h1>Fabricante polaco de <b>impresoras digitales planas modernas<\/b><\/h1>\r\nEn IMAGO Printer estamos especializados en la fabricaci\u00f3n de equipos de impresi\u00f3n de peque\u00f1o formato de \u00faltima generaci\u00f3n: impresoras LED UV, impresoras de aluminio y plotters de confecci\u00f3n. \u00a1Descubre nuestros productos y c\u00f3mo podemos revolucionar tu negocio!","top_img":155136,"top_btn_1":{"title":"Productos","url":"https:\/\/www.imagoprinter.com\/es\/productos\/","target":""},"top_btn_2":{"title":"Ir a la tienda","url":"https:\/\/sklep.imagoprinter.com\/","target":"_blank"},"top_cta":{"img":155193,"title":"Formulario de contacto","text":"Hablemos de la optimizaci\u00f3n de la impresi\u00f3n en tu producci\u00f3n","link":{"title":"Utilice el formulario","url":"#popup-154727","target":""}},"devices_text_1":"<h2>Imago printer es el mayor fabricante polaco de <b>equipos de impresi\u00f3n plana<\/b><\/h2>","devices_text_2":"10 a\u00f1os de experiencia en el desarrollo de dise\u00f1os de impresoras de inyecci\u00f3n de tinta.\r\n\r\nDurante este tiempo, hemos acumulado un enorme know-how en el campo de la tecnolog\u00eda de impresi\u00f3n digital gracias a nuestra propia experiencia y a los cursos y formaci\u00f3n realizados con especialistas del sector. El resultado de nuestros muchos a\u00f1os de desarrollo es la optimizaci\u00f3n del proceso de dise\u00f1o y producci\u00f3n, de modo que los dispositivos creados en nuestra planta se caracterizan por su alta calidad. Nos centramos en establecer relaciones duraderas con nuestros clientes, asistencia y asesoramiento en todas las \u00e1reas de funcionamiento y desarrollo conjunto.","devices_btn":{"title":"Ponte en contacto","url":"https:\/\/www.imagoprinter.com\/es\/contacto\/","target":""},"devices_slider":[{"title":"Impresoras alimentarias","link":{"title":"Conoce la tecnolog\u00eda","url":"https:\/\/www.imagoprinter.com\/es\/productos\/impresoras-para-alimentos\/","target":""},"text":"Tecnolog\u00eda de tintas comestibles para decoraci\u00f3n de reposter\u00eda. \u00a1Imprime en pasteles, galletas, macarons, chocolate o gominolas!   ","img":155135},{"title":"Impresoras LED UV","link":{"title":"Conoce la tecnolog\u00eda","url":"https:\/\/www.imagoprinter.com\/es\/productos\/impresoras-uv-led\/","target":""},"text":"Tecnolog\u00eda para la marca y la personalizaci\u00f3n de gadgets promocionales, souvenirs o la industria nupcial. \u00a1Imprime en madera, cristal, metal, cuero o pl\u00e1stico! ","img":155133},{"title":"Impresoras para aluminio","link":{"title":"Conoce la tecnolog\u00eda","url":"https:\/\/www.imagoprinter.com\/es\/productos\/impresoras-para-aluminio\/","target":""},"text":"Tecnolog\u00eda de impresi\u00f3n met\u00e1lica indestructible. Crea placas de identificaci\u00f3n resistentes, r\u00f3tulos de almac\u00e9n, paneles de control o certificados.   ","img":155134},{"title":"Impresoras con nanosolventes","link":{"title":"Conoce la tecnolog\u00eda","url":"https:\/\/www.imagoprinter.com\/es\/productos\/impresoras-nanosolvent\/","target":""},"text":"  Tecnolog\u00eda de impresi\u00f3n con tinta que penetra profundamente en el material. \u00a1Imprime en madera, velas, cuero o corcho!   ","img":155156},{"title":"Accesorios","link":{"title":"Conoce la tecnolog\u00eda","url":"https:\/\/www.imagoprinter.com\/es\/productos\/accesorios-para-impresoras\/","target":""},"text":"Nuestro departamento de I+D crea constantemente nuevos dise\u00f1os de accesorios dedicados al cliente.","img":155155}],"about_head":"<h2><b>\u00bfPor qu\u00e9<\/b> IMAGO?<\/h2>\r\nCuando eliges IMAGO, apuestas por la profesionalidad, la calidad y la tecnolog\u00eda avanzada. Todos nuestros productos est\u00e1n fabricados con piezas industriales de la m\u00e1xima calidad y la producci\u00f3n est\u00e1 perfectamente organizada.\r\nNuestro departamento de I+D desarrolla constantemente nuevos dise\u00f1os y tecnolog\u00edas para ofrecer a nuestros clientes las mejores soluciones.\r\n<h3><strong>Cuando eliges productos IMAGO, tienes una garant\u00eda:<\/strong><\/h3>","about_list":[{"text":"pulir la fabricaci\u00f3n de equipos profesionales"},{"text":"tecnolog\u00eda de impresi\u00f3n digital de primera clase"},{"text":"soluciones innovadoras"},{"text":"una amplia gama de aplicaciones"},{"text":"apoyo t\u00e9cnico y tecnol\u00f3gico integral"},{"text":"excelente servicio al cliente"},{"text":"productos y servicios de m\u00e1xima calidad"},{"text":"r\u00e1pido retorno de la inversi\u00f3n  "}],"about_img":154982,"about_cta":{"title":"Pide cita para una consulta gratuita","url":"#popup-154727","target":""},"ben_head":"<h2>Impresoras digitales IMAGO:\r\n6<b>ventajas clave para tu empresa<\/b><\/h2>","ben_list":[{"title":"Producci\u00f3n polaca","text":"Las impresoras LED UV, las impresoras de aluminio, las impresoras alimentarias y el resto de nuestros equipos se fabrican en Polonia. Esto garantiza la m\u00e1xima calidad de los equipos fabricados y un amplio apoyo t\u00e9cnico y tecnol\u00f3gico."},{"title":"Imprime im\u00e1genes y texto de la m\u00e1xima calidad.","text":"Las impresoras digitales IMAGO pueden imprimir im\u00e1genes y texto en alta resoluci\u00f3n, con una reproducci\u00f3n perfecta del color y atenci\u00f3n al detalle. Las impresiones son claras y limpias. Como resultado, tus clientes estar\u00e1n encantados con los resultados."},{"title":"Construcci\u00f3n robusta.","text":"Las impresoras digitales IMAGO est\u00e1n dise\u00f1adas para durar lo m\u00e1ximo posible para nuestros clientes. Est\u00e1n fabricadas con materiales duraderos y resistentes a los da\u00f1os. Tambi\u00e9n hemos introducido sistemas para proteger de da\u00f1os el cabezal de impresi\u00f3n y todo el sistema de impresi\u00f3n."},{"title":"Imprimible en diversas superficies.","text":"Nuestros especialistas tienen amplios conocimientos tecnol\u00f3gicos. Esto les permite ayudar a los clientes a adaptar el tipo y el m\u00e9todo de impresi\u00f3n a sus necesidades."},{"title":"Bajos costes de funcionamiento.","text":"El coste de imprimir una mesa entera de golosinas publicitarias en nuestra impresora LED UV es de aproximadamente 1 euro. En el caso de los plotters de confiter\u00eda, el coste de imprimir una mesa entera de galletas con un logotipo es de aproximadamente 0,15 z\u0142."},{"title":"F\u00e1cil de utilizar.","text":"Las impresoras digitales IMAGO son muy f\u00e1ciles de manejar, por lo que su uso es sencillo y no requiere conocimientos especializados."}],"video_head":"<h2>\u00a1Haz una visita virtual a nuestra producci\u00f3n!<\/h2>\r\nVisita la nave de producci\u00f3n y conoce el proceso de fabricaci\u00f3n de nuestras impresoras.","video_btn":{"title":"Vis\u00edtanos","url":"https:\/\/goo.gl\/maps\/YKdwRw1E4rwMn23z8","target":"_blank"},"video_cover":154890,"video_yt_url":"https:\/\/youtu.be\/N3NwQhK3bBQ","gallery_text_1":"<h2>Encuentra una soluci\u00f3n para ti<\/h2>\r\n<span class=\"TextRun SCXW202808673 BCX0\" lang=\"PL-PL\" xml:lang=\"PL-PL\" data-contrast=\"none\"><span class=\"NormalTextRun SCXW202808673 BCX0\">Los equipos IMAGO trabajan con una amplia gama de materiales.<\/span><\/span>","gallery_text_2":"<span class=\"TextRun SCXW202808673 BCX0\" lang=\"PL-PL\" xml:lang=\"PL-PL\" data-contrast=\"none\"> <span class=\"NormalTextRun SCXW202808673 BCX0\">Las impresoras LED UV <\/span><span class=\"NormalTextRun SCXW202808673 BCX0\">se utilizan <\/span><span class=\"NormalTextRun SCXW202808673 BCX0\">para <\/span><span class=\"NormalTextRun SCXW202808673 BCX0\">la impresi\u00f3n de artilugios publicitarios, la personalizaci\u00f3n de recuerdos tur\u00edsticos o la decoraci\u00f3n de bodas.<\/span><span class=\"NormalTextRun SCXW202808673 BCX0\"> Las impresoras para aluminio se utilizan en todas partes <\/span><span class=\"NormalTextRun ContextualSpellingAndGrammarErrorV2Themed SCXW202808673 BCX0\">all\u00ed<\/span><span class=\"NormalTextRun SCXW202808673 BCX0\"> gdzie wymagana jest najwi\u0119ksza trwa\u0142o\u015b\u0107 wydruku: druk tabliczek znamionowych, paneli czo\u0142owych, czy oznacze\u0144 drzwi. Drukarki spo\u017cywcze natomiast s\u0142u\u017c\u0105<\/span> <span class=\"NormalTextRun SCXW202808673 BCX0\"> a <\/span><span class=\"NormalTextRun SCXW202808673 BCX0\">imprimir<\/span><span class=\"NormalTextRun SCXW202808673 BCX0\"> en tartas, macarons o bombones.<\/span><\/span>","gallery_cta_2":{"title":"Prueba nuestras impresoras","url":"#popup-154727","target":""},"gallery_list":[{"title":"Impresoras alimentarias","images":[154781,154764,154787,154783,154791,154766,7127]},{"title":"Impresoras LED UV","images":[154808,154838,154796,154823,155151,154809,154828,154735]},{"title":"Impresoras para aluminio","images":[154739,154743,154741,154738,154744,154740]},{"title":"Impresoras nano-solventes","images":[154819,154752,154755,154754,154753]}],"rev_head":"<h2>\u00bfQu\u00e9 dicen los clientes de nosotros?<\/h2>","rev_list":[{"img":155165,"text":"Llevamos 3 a\u00f1os utilizando plotters de confiter\u00eda IMAGO, durante los cuales hemos adquirido 3 m\u00e1quinas Vulpes. Nos complace decir que la tecnolog\u00eda de impresi\u00f3n sobre chocolate desarrollada por IMAGO es de primera clase. La calidad de las decoraciones impresas con la m\u00e1quina Vulpes es la m\u00e1s alta que hemos visto en el mercado hasta la fecha.\r\n\r\nLa empresa proporciona formaci\u00f3n completa y apoyo en el funcionamiento y mantenimiento de los equipos. Recomendamos encarecidamente a IMAGO Printer como socio de confianza y esperamos seguir manteniendo una cooperaci\u00f3n fruct\u00edfera.","name":"Micha\u0142 Nikanorow | MM Brown Sp. Z o.o."},{"img":155168,"text":"A la hora de producir placas de identificaci\u00f3n, ya dispon\u00edamos de varias m\u00e1quinas de impresi\u00f3n diferentes. La m\u00e1quina Aquila Aluminium de IMAGO Printer Sp. z o.o. es, con diferencia, la m\u00e1s avanzada y la mejor soluci\u00f3n con la que hemos trabajado. Con esta m\u00e1quina hemos aumentado la calidad de las placas identificativas que ofrecemos.\r\n\r\nTambi\u00e9n apreciamos el asesoramiento t\u00e9cnico experto y profesional y el servicio de asistencia que siempre est\u00e1 disponible para mantener nuestra producci\u00f3n fluida y nuestro trabajo estable.\r\n\r\nPodemos afirmar sin lugar a dudas que el dispositivo de IMAGO es actualmente la mejor soluci\u00f3n disponible en el mercado para la producci\u00f3n industrial de placas de identificaci\u00f3n indestructibles.","name":"Bartosz Chojnacki | Bartes"},{"img":155164,"text":"<span class=\"OYPEnA font-feature-liga-off font-feature-clig-off font-feature-calt-off text-decoration-none text-strikethrough-none\">Si hubiera sabido que la compra de una impresora Falco de IMAGO<\/span> <span class=\"OYPEnA font-feature-liga-off font-feature-clig-off font-feature-calt-off text-decoration-none text-strikethrough-none\">ser\u00e1 un cohete en el desarrollo, \u00a1lo habr\u00eda hecho antes! \ud83d\ude0a \u00a1Despu\u00e9s de 3 meses utiliz\u00e1ndolo, por fin puedo garantizar a los clientes la producci\u00f3n en masa de pasteles personalizados, con una calidad de impresi\u00f3n brillante! Se lo recomendar\u00eda a cualquiera que quiera pasar de un negocio casero\/artesanal al nivel PRO. \u00a1La mejor inversi\u00f3n del a\u00f1o! <\/span>","name":"Agnieszka Krenc | Krenc Kruszy"},{"img":"","text":"La unidad LED UV Aquila de IMAGO en nuestro taller funciona perfectamente. Esta soluci\u00f3n nos permite hacer crecer nuestro negocio y crear productos de primera calidad para nuestros exigentes clientes.\r\n\r\nLa m\u00e1quina es f\u00e1cil de usar, est\u00e1 hecha con profesionalidad y no da problemas, y trabajar con el equipo de IMAGO es un placer.","name":"Piotr Studniarek | Beamteam"},{"img":"","text":"Recomendar\u00eda las impresoras de marcaje de gadgets de IMAGO Printer a cualquiera que busque una m\u00e1quina de impresi\u00f3n eficaz y de alta calidad. La m\u00e1quina es muy eficaz y fiable, lo que nos permite cumplir m\u00e1s pedidos y aumentar nuestra producci\u00f3n sin preocuparnos por ello. El software utilizado es f\u00e1cil de usar y nos permite personalizar las impresiones.\r\n\r\nTambi\u00e9n me gustar\u00eda destacar que IMAGO nos proporcion\u00f3 un servicio excelente, gracias al cual la compra y la instalaci\u00f3n se realizaron sin problemas. IMAGO Printer es sin duda una empresa fiable y profesional.","name":"Rafa\u0142 Krysiak | CAMELO.PL"},{"img":155167,"text":"DURABLE Sp. z o.o. certifica que los empleados de IMAGO Printer Sp. z o.o. tienen los conocimientos y la experiencia necesarios en la construcci\u00f3n de dispositivos de impresi\u00f3n destinados a trabajar en una l\u00ednea de producci\u00f3n, un ejemplo de los cuales es una impresora digital dise\u00f1ada para nuestras necesidades, que trabaja en una l\u00ednea de producci\u00f3n para imprimir cantidades masivas de productos.","name":"DURABLE Sp. Z o.o."},{"img":155166,"text":"Mi experiencia con la impresora polaca UV LED de IMAGO Printer ha sido muy positiva. Es una m\u00e1quina extremadamente profesional que me ha permitido aumentar la productividad de mi empresa y ampliar los servicios que ofrecemos. La impresora LED UV Aquila me ha permitido imprimir en diversos materiales, como vidrio y pl\u00e1stico, lo que me ha abierto nuevos proyectos empresariales. El personal de IMAGO fue muy servicial y amable, y me facilit\u00f3 el proceso de compra e instalaci\u00f3n de la m\u00e1quina. En resumen: \u00a1muy recomendable!","name":"Krzysztof Budzy\u0144ski | Red Flamingo"},{"img":155169,"text":"<span class=\"OYPEnA font-feature-liga-off font-feature-clig-off font-feature-calt-off text-decoration-none text-strikethrough-none\">\"Llevo mi negocio con el nombre \"Basia Sweets\" desde 2018 y al principio lo hac\u00eda todo a mano. Los temas se suced\u00edan, y no s\u00f3lo ten\u00eda que hornear las galletas, sino tambi\u00e9n escarcharlas, decorarlas con flores y otros elementos glaseados, y encima, con un pincel y tinte negro, escribir \"Santo Bautismo\" una y otra vez, a\u00f1adir ojos u otros elementos muy peque\u00f1os y precisos. Necesitaba urgentemente ayuda con las letras, ya que ese trabajo tan preciso era el que m\u00e1s tiempo me llevaba completar y estaba plagado de deficiencias. Al principio di con una empresa llamada JetLt. Por desgracia, el equipo lleg\u00f3 da\u00f1ado. La empresa a la que se lo compr\u00e9 se neg\u00f3 a repararlo, as\u00ed que acab\u00e9 quej\u00e1ndome y devolviendo la impresora. Hab\u00eda visto antes la impresora IMAGO \"Falco\", pero me parec\u00eda un equipo enorme para mi entorno dom\u00e9stico: pens\u00e9 que la impresora ocupar\u00eda media habitaci\u00f3n. Sin embargo, una conversaci\u00f3n con un representante de la empresa hizo que me decidiera a invertir. Con la compra de la \"Falco\", pude cambiar por completo mi forma de pensar sobre el crecimiento de mi negocio. La impresora no s\u00f3lo super\u00f3 mis expectativas, sino que me abri\u00f3 un campo de nuevas posibilidades. Aqu\u00ed se\u00f1alar\u00e9 que no cambi\u00f3 el perfil de mi negocio en cuanto a la t\u00e9cnica de hacer galletas, no renunci\u00e9 a crear galletas glaseadas personalizadas en favor de la impresi\u00f3n, pero empec\u00e9 a utilizar la impresi\u00f3n como un elemento adicional para \"completar\" la decoraci\u00f3n. Mis galletas han sido apreciadas por empresas muy conocidas como Orlen, PGE, por organismos administrativos como el Ministerio de Protecci\u00f3n Medioambiental y la Embajada de Arabia Saud\u00ed. \"<\/span>","name":"Barbara Trawi\u0144ska | Basia Sweets"}],"map_head":"<h1>\u00bfD\u00f3nde se pueden encontrar impresoras polacas?<\/h1>\r\nLas impresoras IMAGO se utilizan en decenas de pa\u00edses de todo el mundo. Mira d\u00f3nde trabajan nuestros dispositivos.","map_btn":"","map_static":155171,"map_url":"https:\/\/www.google.com\/maps\/d\/u\/1\/edit?mid=18gYUHVBuFKOVi1KxiwsRX8O1Zjmcmzs&usp=sharing"},"_links":{"self":[{"href":"https:\/\/www.imagoprinter.com\/es\/wp-json\/wp\/v2\/pages\/155124","targetHints":{"allow":["GET"]}}],"collection":[{"href":"https:\/\/www.imagoprinter.com\/es\/wp-json\/wp\/v2\/pages"}],"about":[{"href":"https:\/\/www.imagoprinter.com\/es\/wp-json\/wp\/v2\/types\/page"}],"author":[{"embeddable":true,"href":"https:\/\/www.imagoprinter.com\/es\/wp-json\/wp\/v2\/users\/1"}],"replies":[{"embeddable":true,"href":"https:\/\/www.imagoprinter.com\/es\/wp-json\/wp\/v2\/comments?post=155124"}],"version-history":[{"count":2,"href":"https:\/\/www.imagoprinter.com\/es\/wp-json\/wp\/v2\/pages\/155124\/revisions"}],"predecessor-version":[{"id":155275,"href":"https:\/\/www.imagoprinter.com\/es\/wp-json\/wp\/v2\/pages\/155124\/revisions\/155275"}],"wp:attachment":[{"href":"https:\/\/www.imagoprinter.com\/es\/wp-json\/wp\/v2\/media?parent=155124"}],"curies":[{"name":"wp","href":"https:\/\/api.w.org\/{rel}","templated":true}]}}