{"id":150587,"date":"2023-04-04T11:35:08","date_gmt":"2023-04-04T09:35:08","guid":{"rendered":"https:\/\/www.imagoprinter.com\/?page_id=150587"},"modified":"2026-02-02T16:22:38","modified_gmt":"2026-02-02T15:22:38","slug":"page-daccueil","status":"publish","type":"page","link":"https:\/\/www.imagoprinter.com\/fr\/","title":{"rendered":"Page d\u2019accueil"},"content":{"rendered":"","protected":false},"excerpt":{"rendered":"","protected":false},"author":1,"featured_media":0,"parent":0,"menu_order":0,"comment_status":"closed","ping_status":"closed","template":"","meta":{"_acf_changed":false,"footnotes":""},"class_list":["post-150587","page","type-page","status-publish","hentry"],"acf":{"top_slider":[{"text":"<h1><strong>Votre partenaire en impression num\u00e9rique et d\u00e9coration<\/strong><\/h1>\r\nChez <strong data-start=\"63\" data-end=\"80\">IMAGO Printer<\/strong>, nous accompagnons nos clients depuis l\u2019analyse du probl\u00e8me, les tests dans notre laboratoire d\u2019application (<strong data-start=\"190\" data-end=\"203\">Proof-Lab<\/strong>) et la s\u00e9lection des encres dans notre <strong data-start=\"243\" data-end=\"262\">INKnovation Lab<\/strong>, jusqu\u2019\u00e0 l\u2019installation des machines, la formation et les mises \u00e0 niveau tout au long du cycle de vie du produit.","bg":152378,"is_bg":true,"btn_1":"","btn_2":""},{"text":"<h1>D\u00e9couvrez les appareils IMAGO en direct lors des salons internationaux<\/h1>\r\nVenez nous rencontrer lors du salon le plus important de 2026. D\u00e9couvrez les imprimantes IMAGO en action, v\u00e9rifiez la qualit\u00e9 d'impression sur des produits r\u00e9els et discutez avec nos experts de la mise en \u0153uvre de cette technologie dans votre production.\r\nC'est la meilleure occasion d'\u00e9valuer les capacit\u00e9s des appareils en direct, sans pr\u00e9sentation ni promesses, mais avec des r\u00e9sultats concrets.","bg":153457,"is_bg":true,"btn_1":"","btn_2":""}],"top_text":"<h1 align=\"LEFT\">Fabricant europ\u00e9en d\u2019imprimantes num\u00e9riques modernes<\/h1>\r\n<p align=\"LEFT\">Chez IMAGO Printer, nous sommes sp\u00e9cialis\u00e9s dans la production d\u2019imprimantes num\u00e9riques petit format : imprimantes UV LED, imprimantes pour aluminium et imprimantes alimentaires. D\u00e9couvrez nos produits et voyez comment nous pouvons r\u00e9volutionner votre entreprise !<\/p>","top_img":150600,"top_btn_1":{"title":"D\u00e9couvrir la technologie","url":"https:\/\/www.imagoprinter.com\/fr\/produits\/","target":""},"top_btn_2":{"title":"Commander une imprimante","url":"#popup-151087","target":""},"top_cta":{"img":153458,"title":"Contact","text":"Prenez rendez-vous avec notre sp\u00e9cialiste et d\u00e9couvrez comment nous pouvons booster votre activit\u00e9.","link":{"title":"Envoyer un message","url":"#popup-151087","target":""}},"devices_text_1":"<h2>IMAGO Printer est l\u2019un des plus grands fabricants europ\u00e9ens d\u2019imprimantes num\u00e9riques \u00e0 plat.<\/h2>","devices_text_2":"Au cours des 10 derni\u00e8res ann\u00e9es, notre \u00e9quipe a acquis une solide exp\u00e9rience dans l\u2019industrie de l\u2019impression num\u00e9rique, d\u00e9veloppant un savoir-faire unique en mati\u00e8re de conception et de fabrication d\u2019imprimantes. Nos sp\u00e9cialistes hautement qualifi\u00e9s, issus de divers domaines, offrent un support technique complet et con\u00e7oivent des technologies adapt\u00e9es aux besoins des clients. Nous privil\u00e9gions des relations durables, un accompagnement commercial et un d\u00e9veloppement commun.","devices_btn":"","devices_slider":[{"title":"Imprimantes Alimentaires","link":{"title":"Explorez la technologie","url":"https:\/\/www.imagoprinter.com\/fr\/produits\/imprimantes-alimentaires\/","target":""},"text":"Encres comestibles pour la d\u00e9coration de p\u00e2tisseries. Imprimez sur g\u00e2teaux, biscuits, macarons, chocolat et bonbons !","img":150599},{"title":"Imprimantes UV LED","link":{"title":"Explorez la technologie","url":"https:\/\/www.imagoprinter.com\/fr\/produits\/imprimantes-uv-led\/","target":""},"text":"Id\u00e9ales pour le branding et la personnalisation d\u2019objets publicitaires, souvenirs ou articles de mariage. Imprimez sur bois, verre, m\u00e9tal, cuir et plastiques !","img":150597},{"title":"Imprimantes pour Aluminium","link":{"title":"Explorez la technologie","url":"https:\/\/www.imagoprinter.com\/fr\/produits\/imprimantes-aluminium\/","target":""},"text":"Une technologie d\u2019impression m\u00e9tallique indestructible. Parfait pour plaques signal\u00e9tiques, marquages d\u2019entrep\u00f4t, panneaux de commande et certificats.","img":150598},{"title":"Imprimantes Nanosolvant","link":{"title":"Explorez la technologie","url":"https:\/\/www.imagoprinter.com\/fr\/produits\/imprimantes-nanosolvant\/","target":""},"text":"Impression avec encre p\u00e9n\u00e9trante en profondeur. Imprimez sur bois, bougies, cuir et li\u00e8ge !","img":150620},{"title":"Accessoires","link":{"title":"Explorez la technologie","url":"https:\/\/www.imagoprinter.com\/fr\/produits\/accessoires-pour-imprimantes\/","target":""},"text":"Notre d\u00e9partement de recherche et d\u00e9veloppement cr\u00e9e en permanence de nouveaux mod\u00e8les d'accessoires d\u00e9di\u00e9s aux clients.","img":150619}],"about_head":"<h2>Pourquoi choisir IMAGO ?<\/h2>\r\nChoisir IMAGO, c\u2019est opter pour le professionnalisme, la qualit\u00e9 et des technologies avanc\u00e9es. Nos produits sont con\u00e7us avec des composants industriels haut de gamme, et notre production est parfaitement ma\u00eetris\u00e9e. Notre d\u00e9partement R&amp;D travaille en permanence au d\u00e9veloppement de nouveaux projets et technologies pour garantir \u00e0 nos clients les meilleures solutions.\r\n<h3>Avec IMAGO, vous b\u00e9n\u00e9ficiez de :<\/h3>\r\n&nbsp;","about_list":[{"text":"Une fabrication europ\u00e9enne de haute qualit\u00e9"},{"text":"Des technologies d\u2019impression num\u00e9rique de classe mondiale"},{"text":"Des solutions innovantes et performantes"},{"text":"Un support technique et technologique complet"},{"text":"Une excellente qualit\u00e9 des produits et services"},{"text":"Une large gamme d\u2019applications possibles"},{"text":"Un service client exceptionnel"},{"text":"Retour sur investissement rapide"}],"about_img":152545,"about_cta":{"title":"Prendre une consultation gratuite ! ","url":"#popup-151087","target":"_blank"},"ben_head":"<h2>Imprimantes IMAGO : <strong>6 avantages majeurs pour votre entreprise<\/strong><\/h2>\r\n&nbsp;","ben_list":[{"title":"Fabrication europ\u00e9enne","text":"Nos imprimantes UV LED, imprimantes pour aluminium et imprimantes alimentaires sont fabriqu\u00e9es en Pologne, garantissant une qualit\u00e9 sup\u00e9rieure et un support technique complet."},{"title":"Impression d\u2019images et de textes en haute qualit\u00e9","text":"Nos imprimantes offrent des impressions haute r\u00e9solution avec des couleurs \u00e9clatantes et un niveau de d\u00e9tail exceptionnel."},{"title":"Utilisation facile","text":"Nos imprimantes sont intuitives et ne n\u00e9cessitent pas de comp\u00e9tences sp\u00e9cialis\u00e9es pour \u00eatre utilis\u00e9es."},{"title":"Impression sur divers supports","text":"Nos experts vous accompagnent pour adapter la technologie d\u2019impression \u00e0 vos besoins sp\u00e9cifiques."},{"title":"Construction robuste","text":"<p align=\"LEFT\"><span style=\"font-size: large;\"><span lang=\"fr-FR\">Nos imprimantes sont con\u00e7ues pour durer. Fabriqu\u00e9es \u00e0 partir de mat\u00e9riaux r\u00e9sistants, elles int\u00e8grent des syst\u00e8mes de protection pour prolonger la dur\u00e9e de vie des t\u00eates et du syst\u00e8me d\u2019impression.<\/span><\/span><\/p>\r\n&nbsp;"},{"title":"Co\u00fbts d\u2019exploitation r\u00e9duits","text":"Le co\u00fbt d\u2019impression d\u2019une surface enti\u00e8re de gadgets publicitaires avec une imprimante UV LED est d\u2019environ 0.2 EURO. Pour un plateau complet de biscuits imprim\u00e9s avec un traceur alimentaire, le co\u00fbt est d\u2019environ 0,05 EURO."}],"video_head":"<h2>Regardez notre production !<\/h2>","video_btn":{"title":"Venez nous rendre visite en personne !","url":"https:\/\/www.google.com\/maps\/place\/Imago+Printer+Sp.+z+o.o.\/@52.182774,21.0829261,15z\/data=!4m6!3m5!1s0x471ecda792c897e1:0xad11dc04bf9c0b57!8m2!3d52.182774!4d21.0829261!16s%2Fg%2F11h_bxc2b8?entry=tts&shorturl=1","target":"_blank"},"video_cover":150648,"video_yt_url":"https:\/\/youtu.be\/l5vWHsYz1UE","gallery_text_1":"<h2>Trouvez la solution qui vous convient<\/h2>\r\nLes imprimantes IMAGO sont compatibles avec une large gamme de mat\u00e9riaux.","gallery_text_2":"Nos imprimantes UV LED sont utilis\u00e9es dans divers secteurs : impression sur gadgets publicitaires, personnalisation d\u2019emballages, souvenirs touristiques, objets d\u00e9coratifs, impressions graphiques et articles de mariage. Les imprimantes pour aluminium sont id\u00e9ales pour des marquages durables, tels que plaques signal\u00e9tiques, panneaux de commande et signalisation industrielle. Enfin, les imprimantes alimentaires permettent d\u2019imprimer sur des g\u00e2teaux, macarons, chocolats, pralines, bonbons et m\u00eame la mousse de lait des caf\u00e9s.","gallery_cta_2":"","gallery_list":[{"title":"Imprimantes alimentaires","images":[150759,150742,150765,150761,150769,150744,7127]},{"title":"Imprimantes UV LED","images":[150786,150816,150774,150801,150615,150787,150806,150711]},{"title":"Imprimantes sur aluminium","images":[150717,150721,150719,150716,150722,150718]},{"title":"Imprimantes Nanosolvant","images":[150797,150730,150733,150732,150731]}],"rev_head":"<h2>Que disent nos clients de nous ?<\/h2>","rev_list":[{"img":150629,"text":"We have been using IMAGO confectionery plotters for 3 years - during this time we have purchased 3 Vulpes machines. We are pleased to say that the technology for printing on chocolate developed by IMAGO is a world-class solution. The quality of printed decorations using the Vulpes machine is the highest we have seen on the market so far.\r\n\r\nThe company provides full training and support in the operation and service of the equipment. We strongly recommend IMAGO Printer company as a trustworthy partner and look forward to further fruitful cooperation.","name":"Micha\u0142 Nikanorow | MM Brown Sp. Z o.o."},{"img":150632,"text":"Producing nameplates, we have had several different printing machines. The Aquila Aluminum machine from IMAGO Printer Sp. Z o.o. is by far the most advanced and best we have worked on. Thanks to this machine, we have increased the quality of the nameplates we offer.\r\n\r\nWe also appreciate the professional and expert technical advice and constantly available service support that allows us to maintain the fluidity of our production and stability of work with the machine.\r\n\r\nWithout a doubt, we can say that the device from IMAGO is currently the best solution available on the market for industrial production of indestructible nameplates.","name":"Bartosz Chojnacki | Bartes"},{"img":150628,"text":"<span class=\"OYPEnA font-feature-liga-off font-feature-clig-off font-feature-calt-off text-decoration-none text-strikethrough-none\">\u2018If I had known that the purchase of the Falco printer from IMAGO would be such a rocket in development, I would have done it already! \ud83d\ude0a After 3 months of use, I can finally guarantee mass production of personalised cakes to customers, in brilliant print quality! I would recommend to anyone who wants to go from a cottage\/craft business to PRO level. Best investment of the year!\u2019<\/span>","name":"Agnieszka Krenc | Krenc Kruszy"},{"img":"","text":"The Aquila UV LED device from IMAGO in our studio works perfectly. This solution allows us to grow our business and create premium products for our demanding customers.\r\n\r\nThe machine is easy to use, professionally made and hassle-free, and working with the IMAGO team is a pleasure.","name":"Piotr Studniarek | Beamteam"},{"img":"","text":"I would recommend the gadget marking printer from IMAGO Printer to anyone looking for an efficient and high-quality printing device. The machine is very efficient and reliable, allowing us to fulfill more orders and increase our production without worrying about it. The software used is easy to use and allows us to customize the prints.\r\n\r\nI would also like to emphasize that IMAGO provided us with great service, thanks to which the purchase and installation went smoothly. IMAGO Printer is certainly a trustworthy and professional company.","name":"Rafa\u0142 Krysiak | CAMELO.PL"},{"img":150631,"text":"DURABLE Sp. Z o.o. certifies that the employees of IMAGO Printer Sp. Z o.o. have the necessary knowledge and experience in the construction of printing equipment intended for work in the production line, an example of which is a digital printer designed for our needs, working in a production line for printing mass quantities of products.","name":"DURABLE Sp. Z o.o."},{"img":150630,"text":"My experience with the Polish UV LED printer from IMAGO Printer has been very positive. It is an extremely professional machine that has allowed me to increase my company's productivity and expand the services we offer. The Aquila UV LED printer has allowed me to print on a variety of materials, including glass and plastics, which has opened up additional business projects for me. IMAGO's staff was very helpful and friendly, which made the process of purchasing and installing the machine easy for me. In short - I highly recommend it!","name":"Krzysztof Budzy\u0144ski | Red Flamingo"},{"img":150633,"text":"<span class=\"OYPEnA font-feature-liga-off font-feature-clig-off font-feature-calt-off text-decoration-none text-strikethrough-none\">\"I have been running my business under the name \u201cBasia Sweets\u201d since 2018 and in the beginning I did everything by hand. The themes kept coming, and not only did I have to bake the cookies, but I also had to glaze, decorate with flowers and other icing elements, and on top of that, with a brush and black dye, write \u2018Holy Baptism\u2019 over and over again, add eyes or other very small and precise elements. I was in urgent need of help with the lettering, as such precise work took me the longest to complete and was fraught with shortcomings. I initially came across a company called JetLt. Unfortunately, the equipment arrived damaged. The company I bought it from refused to service it, so I ended up complaining and returning the printer. I had seen the IMAGO \u2018Falco\u2019 printer before, but it seemed like a huge piece of equipment in my home environment - I thought the printer would take up half a room. However, a conversation with a company representative made the decision to invest. With the purchase of the \u2018Falco\u2019, I was able to completely change the way I thought about growing my business. The printer not only exceeded my expectations, but opened up a field of new possibilities for me. Here, I will point out that it did not change the profile of my business in terms of the technique of making cookies, I did not give up creating personalised iced cookies in favour of printing - but I started using printing as an additional element to \u2018complete\u2019 the decoration. My cookies have been appreciated by very well-known companies such as Orlen, PGE, by administrative bodies such as the Ministry of Environmental Protection and the Saudi Arabian Embassy. \"<\/span>","name":"Barbara Trawi\u0144ska | Basia Sweets"}],"map_head":"<h2>O\u00f9 peut-on trouver nos imprimantes ?<\/h2>\r\nLes imprimantes IMAGO sont utilis\u00e9es dans des dizaines de pays \u00e0 travers le monde. D\u00e9couvrez o\u00f9 nos appareils sont en fonctionnement.","map_btn":"","map_static":150634,"map_url":"https:\/\/www.google.com\/maps\/d\/u\/1\/edit?mid=18gYUHVBuFKOVi1KxiwsRX8O1Zjmcmzs&usp=sharing"},"_links":{"self":[{"href":"https:\/\/www.imagoprinter.com\/fr\/wp-json\/wp\/v2\/pages\/150587","targetHints":{"allow":["GET"]}}],"collection":[{"href":"https:\/\/www.imagoprinter.com\/fr\/wp-json\/wp\/v2\/pages"}],"about":[{"href":"https:\/\/www.imagoprinter.com\/fr\/wp-json\/wp\/v2\/types\/page"}],"author":[{"embeddable":true,"href":"https:\/\/www.imagoprinter.com\/fr\/wp-json\/wp\/v2\/users\/1"}],"replies":[{"embeddable":true,"href":"https:\/\/www.imagoprinter.com\/fr\/wp-json\/wp\/v2\/comments?post=150587"}],"version-history":[{"count":3,"href":"https:\/\/www.imagoprinter.com\/fr\/wp-json\/wp\/v2\/pages\/150587\/revisions"}],"predecessor-version":[{"id":153473,"href":"https:\/\/www.imagoprinter.com\/fr\/wp-json\/wp\/v2\/pages\/150587\/revisions\/153473"}],"wp:attachment":[{"href":"https:\/\/www.imagoprinter.com\/fr\/wp-json\/wp\/v2\/media?parent=150587"}],"curies":[{"name":"wp","href":"https:\/\/api.w.org\/{rel}","templated":true}]}}