{"id":150639,"date":"2023-04-24T13:59:52","date_gmt":"2023-04-24T11:59:52","guid":{"rendered":"https:\/\/www.imagoprinter.com\/?page_id=150639"},"modified":"2025-11-12T10:10:29","modified_gmt":"2025-11-12T09:10:29","slug":"qui-sommes-nous","status":"publish","type":"page","link":"https:\/\/www.imagoprinter.com\/fr\/qui-sommes-nous\/","title":{"rendered":"\u00c0 propos d&rsquo;imago"},"content":{"rendered":"<p>IMAGO, c\u2019est une \u00e9quipe de 40 professionnels hautement qualifi\u00e9s, sp\u00e9cialis\u00e9s en impression, ing\u00e9nierie m\u00e9canique, automatisation, \u00e9lectronique, marketing et gestion. Nous avons structur\u00e9 notre organisation en 7 d\u00e9partements avec une gestion avanc\u00e9e, ce qui se traduit par une efficacit\u00e9 accrue.<\/p>\n<p>Nous avons mis en place un syst\u00e8me ERP pour planifier nos activit\u00e9s et int\u00e9grer tous les aspects de notre fonctionnement. De plus, nous avons adopt\u00e9 la m\u00e9thode kanban pour la gestion de la production ainsi que le syst\u00e8me 5S pour am\u00e9liorer l&rsquo;efficacit\u00e9 du travail.<\/p>\n<p>Nous offrons \u00e0 nos clients un service complet et un support technique, avec pour objectif de b\u00e2tir des relations \u00e0 long terme et de favoriser un d\u00e9veloppement mutuel.<\/p>\n","protected":false},"excerpt":{"rendered":"<p>IMAGO, c\u2019est une \u00e9quipe de 40 professionnels hautement qualifi\u00e9s, sp\u00e9cialis\u00e9s en impression, ing\u00e9nierie m\u00e9canique, automatisation, \u00e9lectronique, marketing et gestion. Nous&#8230;<\/p>\n","protected":false},"author":1,"featured_media":0,"parent":0,"menu_order":0,"comment_status":"closed","ping_status":"closed","template":"template-about.php","meta":{"_acf_changed":false,"footnotes":""},"class_list":["post-150639","page","type-page","status-publish","hentry"],"acf":[],"_links":{"self":[{"href":"https:\/\/www.imagoprinter.com\/fr\/wp-json\/wp\/v2\/pages\/150639","targetHints":{"allow":["GET"]}}],"collection":[{"href":"https:\/\/www.imagoprinter.com\/fr\/wp-json\/wp\/v2\/pages"}],"about":[{"href":"https:\/\/www.imagoprinter.com\/fr\/wp-json\/wp\/v2\/types\/page"}],"author":[{"embeddable":true,"href":"https:\/\/www.imagoprinter.com\/fr\/wp-json\/wp\/v2\/users\/1"}],"replies":[{"embeddable":true,"href":"https:\/\/www.imagoprinter.com\/fr\/wp-json\/wp\/v2\/comments?post=150639"}],"version-history":[{"count":3,"href":"https:\/\/www.imagoprinter.com\/fr\/wp-json\/wp\/v2\/pages\/150639\/revisions"}],"predecessor-version":[{"id":152854,"href":"https:\/\/www.imagoprinter.com\/fr\/wp-json\/wp\/v2\/pages\/150639\/revisions\/152854"}],"wp:attachment":[{"href":"https:\/\/www.imagoprinter.com\/fr\/wp-json\/wp\/v2\/media?parent=150639"}],"curies":[{"name":"wp","href":"https:\/\/api.w.org\/{rel}","templated":true}]}}