{"id":150677,"date":"2023-04-15T14:51:37","date_gmt":"2023-04-15T12:51:37","guid":{"rendered":"https:\/\/www.imagoprinter.com\/?page_id=150677"},"modified":"2026-03-13T09:14:28","modified_gmt":"2026-03-13T08:14:28","slug":"contact","status":"publish","type":"page","link":"https:\/\/www.imagoprinter.com\/fr\/contact\/","title":{"rendered":"Contact"},"content":{"rendered":"<h1 style=\"text-align: left;\">Avez-vous des questions ?<br \/>\nPrenez contact avec nous !<\/h1>\n<p>Si vous avez des questions ou si vous souhaitez en savoir plus sur nos produits et services, n&rsquo;h\u00e9sitez pas \u00e0 nous contacter ! Nous nous ferons un plaisir de vous aider \u00e0 choisir le bon appareil &#8211; en vous sugg\u00e9rant celui qui conviendra le mieux \u00e0 votre entreprise.<\/p>\n","protected":false},"excerpt":{"rendered":"<p>Avez-vous des questions ? Prenez contact avec nous ! Si vous avez des questions ou si vous souhaitez en savoir&#8230;<\/p>\n","protected":false},"author":1,"featured_media":0,"parent":0,"menu_order":0,"comment_status":"closed","ping_status":"closed","template":"template-contact.php","meta":{"_acf_changed":false,"footnotes":""},"class_list":["post-150677","page","type-page","status-publish","hentry"],"acf":[],"_links":{"self":[{"href":"https:\/\/www.imagoprinter.com\/fr\/wp-json\/wp\/v2\/pages\/150677","targetHints":{"allow":["GET"]}}],"collection":[{"href":"https:\/\/www.imagoprinter.com\/fr\/wp-json\/wp\/v2\/pages"}],"about":[{"href":"https:\/\/www.imagoprinter.com\/fr\/wp-json\/wp\/v2\/types\/page"}],"author":[{"embeddable":true,"href":"https:\/\/www.imagoprinter.com\/fr\/wp-json\/wp\/v2\/users\/1"}],"replies":[{"embeddable":true,"href":"https:\/\/www.imagoprinter.com\/fr\/wp-json\/wp\/v2\/comments?post=150677"}],"version-history":[{"count":4,"href":"https:\/\/www.imagoprinter.com\/fr\/wp-json\/wp\/v2\/pages\/150677\/revisions"}],"predecessor-version":[{"id":155402,"href":"https:\/\/www.imagoprinter.com\/fr\/wp-json\/wp\/v2\/pages\/150677\/revisions\/155402"}],"wp:attachment":[{"href":"https:\/\/www.imagoprinter.com\/fr\/wp-json\/wp\/v2\/media?parent=150677"}],"curies":[{"name":"wp","href":"https:\/\/api.w.org\/{rel}","templated":true}]}}