{"id":150701,"date":"2023-05-13T16:40:26","date_gmt":"2023-05-13T14:40:26","guid":{"rendered":"https:\/\/www.imagoprinter.com\/?page_id=150701"},"modified":"2026-01-26T13:57:03","modified_gmt":"2026-01-26T12:57:03","slug":"service","status":"publish","type":"page","link":"https:\/\/www.imagoprinter.com\/fr\/service\/","title":{"rendered":"Service"},"content":{"rendered":"<p>Remplissez le formulaire de rapport ou contactez notre technicien de service pour localiser et \u00e9liminer le d\u00e9faut li\u00e9 \u00e0 la machine.<\/p>\n","protected":false},"excerpt":{"rendered":"<p>Remplissez le formulaire de rapport ou contactez notre technicien de service pour localiser et \u00e9liminer le d\u00e9faut li\u00e9 \u00e0 la&#8230;<\/p>\n","protected":false},"author":1,"featured_media":0,"parent":0,"menu_order":0,"comment_status":"closed","ping_status":"closed","template":"template-support.php","meta":{"_acf_changed":false,"footnotes":""},"class_list":["post-150701","page","type-page","status-publish","hentry"],"acf":[],"_links":{"self":[{"href":"https:\/\/www.imagoprinter.com\/fr\/wp-json\/wp\/v2\/pages\/150701","targetHints":{"allow":["GET"]}}],"collection":[{"href":"https:\/\/www.imagoprinter.com\/fr\/wp-json\/wp\/v2\/pages"}],"about":[{"href":"https:\/\/www.imagoprinter.com\/fr\/wp-json\/wp\/v2\/types\/page"}],"author":[{"embeddable":true,"href":"https:\/\/www.imagoprinter.com\/fr\/wp-json\/wp\/v2\/users\/1"}],"replies":[{"embeddable":true,"href":"https:\/\/www.imagoprinter.com\/fr\/wp-json\/wp\/v2\/comments?post=150701"}],"version-history":[{"count":3,"href":"https:\/\/www.imagoprinter.com\/fr\/wp-json\/wp\/v2\/pages\/150701\/revisions"}],"predecessor-version":[{"id":153419,"href":"https:\/\/www.imagoprinter.com\/fr\/wp-json\/wp\/v2\/pages\/150701\/revisions\/153419"}],"wp:attachment":[{"href":"https:\/\/www.imagoprinter.com\/fr\/wp-json\/wp\/v2\/media?parent=150701"}],"curies":[{"name":"wp","href":"https:\/\/api.w.org\/{rel}","templated":true}]}}