{"id":150715,"date":"2023-05-14T23:25:05","date_gmt":"2023-05-14T21:25:05","guid":{"rendered":"https:\/\/www.imagoprinter.com\/inspiracje\/imprimantes-pour-aluminium\/"},"modified":"2025-04-14T00:01:29","modified_gmt":"2025-04-13T22:01:29","slug":"imprimantes-pour-aluminium","status":"publish","type":"page","link":"https:\/\/www.imagoprinter.com\/fr\/inspirations\/imprimantes-pour-aluminium\/","title":{"rendered":"Imprimantes pour Aluminium"},"content":{"rendered":"<h1>Inspirez-vous<br \/>\nde l&rsquo;impression sur aluminium<\/h1>\n<p>Les imprimantes en aluminium vous permettent de cr\u00e9er des impressions tr\u00e8s pr\u00e9cises et pratiquement indestructibles sur de l&rsquo;aluminium anodis\u00e9. Gr\u00e2ce \u00e0 la plus haute qualit\u00e9 et \u00e0 la pr\u00e9cision extraordinaire de l&rsquo;impression, il est possible de reproduire chaque plus petit d\u00e9tail. Gr\u00e2ce \u00e0 cela, les plaques signal\u00e9tiques, les panneaux de commande et les marquages \u200b\u200bde pi\u00e8ce seront non seulement durables, mais conserveront \u00e9galement leur apparence pendant de nombreuses ann\u00e9es.<\/p>\n<p>&nbsp;<\/p>\n<p>&nbsp;<\/p>\n","protected":false},"excerpt":{"rendered":"<p>Inspirez-vous de l&rsquo;impression sur aluminium Les imprimantes en aluminium vous permettent de cr\u00e9er des impressions tr\u00e8s pr\u00e9cises et pratiquement indestructibles&#8230;<\/p>\n","protected":false},"author":1,"featured_media":0,"parent":150707,"menu_order":0,"comment_status":"closed","ping_status":"closed","template":"template-gallery.php","meta":{"_acf_changed":false,"footnotes":""},"class_list":["post-150715","page","type-page","status-publish","hentry"],"acf":[],"_links":{"self":[{"href":"https:\/\/www.imagoprinter.com\/fr\/wp-json\/wp\/v2\/pages\/150715","targetHints":{"allow":["GET"]}}],"collection":[{"href":"https:\/\/www.imagoprinter.com\/fr\/wp-json\/wp\/v2\/pages"}],"about":[{"href":"https:\/\/www.imagoprinter.com\/fr\/wp-json\/wp\/v2\/types\/page"}],"author":[{"embeddable":true,"href":"https:\/\/www.imagoprinter.com\/fr\/wp-json\/wp\/v2\/users\/1"}],"replies":[{"embeddable":true,"href":"https:\/\/www.imagoprinter.com\/fr\/wp-json\/wp\/v2\/comments?post=150715"}],"version-history":[{"count":3,"href":"https:\/\/www.imagoprinter.com\/fr\/wp-json\/wp\/v2\/pages\/150715\/revisions"}],"predecessor-version":[{"id":151093,"href":"https:\/\/www.imagoprinter.com\/fr\/wp-json\/wp\/v2\/pages\/150715\/revisions\/151093"}],"up":[{"embeddable":true,"href":"https:\/\/www.imagoprinter.com\/fr\/wp-json\/wp\/v2\/pages\/150707"}],"wp:attachment":[{"href":"https:\/\/www.imagoprinter.com\/fr\/wp-json\/wp\/v2\/media?parent=150715"}],"curies":[{"name":"wp","href":"https:\/\/api.w.org\/{rel}","templated":true}]}}