{"id":150725,"date":"2023-05-14T23:22:42","date_gmt":"2023-05-14T21:22:42","guid":{"rendered":"https:\/\/www.imagoprinter.com\/inspiracje\/imprimantes-nanosolvant\/"},"modified":"2025-04-14T00:01:21","modified_gmt":"2025-04-13T22:01:21","slug":"imprimantes-nanosolvant","status":"publish","type":"page","link":"https:\/\/www.imagoprinter.com\/fr\/inspirations\/imprimantes-nanosolvant\/","title":{"rendered":"Imprimantes Nanosolvant"},"content":{"rendered":"<h1>Inspirez-vous<br \/>\ndes imprimantes \u00e0 nanosolvants<\/h1>\n<p>D\u00e9couvrez des projets cr\u00e9\u00e9s \u00e0 l&rsquo;aide de nano-encres innovantes et cr\u00e9ez des produits uniques.<\/p>\n","protected":false},"excerpt":{"rendered":"<p>Inspirez-vous des imprimantes \u00e0 nanosolvants D\u00e9couvrez des projets cr\u00e9\u00e9s \u00e0 l&rsquo;aide de nano-encres innovantes et cr\u00e9ez des produits uniques.<\/p>\n","protected":false},"author":1,"featured_media":0,"parent":150707,"menu_order":0,"comment_status":"closed","ping_status":"closed","template":"template-gallery.php","meta":{"_acf_changed":false,"footnotes":""},"class_list":["post-150725","page","type-page","status-publish","hentry"],"acf":[],"_links":{"self":[{"href":"https:\/\/www.imagoprinter.com\/fr\/wp-json\/wp\/v2\/pages\/150725","targetHints":{"allow":["GET"]}}],"collection":[{"href":"https:\/\/www.imagoprinter.com\/fr\/wp-json\/wp\/v2\/pages"}],"about":[{"href":"https:\/\/www.imagoprinter.com\/fr\/wp-json\/wp\/v2\/types\/page"}],"author":[{"embeddable":true,"href":"https:\/\/www.imagoprinter.com\/fr\/wp-json\/wp\/v2\/users\/1"}],"replies":[{"embeddable":true,"href":"https:\/\/www.imagoprinter.com\/fr\/wp-json\/wp\/v2\/comments?post=150725"}],"version-history":[{"count":3,"href":"https:\/\/www.imagoprinter.com\/fr\/wp-json\/wp\/v2\/pages\/150725\/revisions"}],"predecessor-version":[{"id":151092,"href":"https:\/\/www.imagoprinter.com\/fr\/wp-json\/wp\/v2\/pages\/150725\/revisions\/151092"}],"up":[{"embeddable":true,"href":"https:\/\/www.imagoprinter.com\/fr\/wp-json\/wp\/v2\/pages\/150707"}],"wp:attachment":[{"href":"https:\/\/www.imagoprinter.com\/fr\/wp-json\/wp\/v2\/media?parent=150725"}],"curies":[{"name":"wp","href":"https:\/\/api.w.org\/{rel}","templated":true}]}}