{"id":150740,"date":"2023-05-14T23:23:57","date_gmt":"2023-05-14T21:23:57","guid":{"rendered":"https:\/\/www.imagoprinter.com\/inspiracje\/imprimantes-alimentaires\/"},"modified":"2025-04-14T00:01:12","modified_gmt":"2025-04-13T22:01:12","slug":"imprimantes-alimentaires","status":"publish","type":"page","link":"https:\/\/www.imagoprinter.com\/fr\/inspirations\/imprimantes-alimentaires\/","title":{"rendered":"Imprimantes Alimentaires"},"content":{"rendered":"<h1>Inspirez-vous<br \/>\nde l&rsquo;impression en confiserie<\/h1>\n<p><span class=\"TextRun SCXW78867824 BCX0\" lang=\"PL-PL\" xml:lang=\"PL-PL\" data-contrast=\"none\"><span class=\"NormalTextRun SCXW78867824 BCX0\">Odkryj nowe sposoby dekoracji <\/span><span class=\"NormalTextRun SCXW78867824 BCX0\">Twoich produkt\u00f3w cukierniczych<\/span> <span class=\"NormalTextRun SCXW78867824 BCX0\">u\u017cywaj\u0105c<\/span><span class=\"NormalTextRun SCXW78867824 BCX0\"> dru<\/span><span class=\"NormalTextRun SCXW78867824 BCX0\">karek spo\u017cywczych. <\/span><\/span><span class=\"EOP SCXW78867824 BCX0\" data-ccp-props=\"{&quot;134245417&quot;:false,&quot;201341983&quot;:0,&quot;335551550&quot;:6,&quot;335551620&quot;:6,&quot;335559740&quot;:360}\">\u00a0<\/span><\/p>\n","protected":false},"excerpt":{"rendered":"<p>Inspirez-vous de l&rsquo;impression en confiserie Odkryj nowe sposoby dekoracji Twoich produkt\u00f3w cukierniczych u\u017cywaj\u0105c drukarek spo\u017cywczych. \u00a0<\/p>\n","protected":false},"author":1,"featured_media":0,"parent":150707,"menu_order":0,"comment_status":"closed","ping_status":"closed","template":"template-gallery.php","meta":{"_acf_changed":false,"footnotes":""},"class_list":["post-150740","page","type-page","status-publish","hentry"],"acf":[],"_links":{"self":[{"href":"https:\/\/www.imagoprinter.com\/fr\/wp-json\/wp\/v2\/pages\/150740","targetHints":{"allow":["GET"]}}],"collection":[{"href":"https:\/\/www.imagoprinter.com\/fr\/wp-json\/wp\/v2\/pages"}],"about":[{"href":"https:\/\/www.imagoprinter.com\/fr\/wp-json\/wp\/v2\/types\/page"}],"author":[{"embeddable":true,"href":"https:\/\/www.imagoprinter.com\/fr\/wp-json\/wp\/v2\/users\/1"}],"replies":[{"embeddable":true,"href":"https:\/\/www.imagoprinter.com\/fr\/wp-json\/wp\/v2\/comments?post=150740"}],"version-history":[{"count":3,"href":"https:\/\/www.imagoprinter.com\/fr\/wp-json\/wp\/v2\/pages\/150740\/revisions"}],"predecessor-version":[{"id":151091,"href":"https:\/\/www.imagoprinter.com\/fr\/wp-json\/wp\/v2\/pages\/150740\/revisions\/151091"}],"up":[{"embeddable":true,"href":"https:\/\/www.imagoprinter.com\/fr\/wp-json\/wp\/v2\/pages\/150707"}],"wp:attachment":[{"href":"https:\/\/www.imagoprinter.com\/fr\/wp-json\/wp\/v2\/media?parent=150740"}],"curies":[{"name":"wp","href":"https:\/\/api.w.org\/{rel}","templated":true}]}}