{"id":150772,"date":"2023-04-07T11:53:24","date_gmt":"2023-04-07T09:53:24","guid":{"rendered":"https:\/\/www.imagoprinter.com\/inspiracje\/imprimantes-uv-led\/"},"modified":"2025-04-14T00:01:44","modified_gmt":"2025-04-13T22:01:44","slug":"imprimantes-uv-led","status":"publish","type":"page","link":"https:\/\/www.imagoprinter.com\/fr\/inspirations\/imprimantes-uv-led\/","title":{"rendered":"Imprimantes UV LED"},"content":{"rendered":"<h1>Inspirez-vous<br \/>\nde l&rsquo;impression LED UV<\/h1>\n<p>D\u00e9couvrez des projets r\u00e9alis\u00e9s \u00e0 l&rsquo;aide de nos imprimantes et d\u00e9couvrez les applications de l&rsquo;impression LED UV dans votre entreprise !<\/p>\n","protected":false},"excerpt":{"rendered":"<p>Inspirez-vous de l&rsquo;impression LED UV D\u00e9couvrez des projets r\u00e9alis\u00e9s \u00e0 l&rsquo;aide de nos imprimantes et d\u00e9couvrez les applications de l&rsquo;impression&#8230;<\/p>\n","protected":false},"author":1,"featured_media":0,"parent":150707,"menu_order":0,"comment_status":"closed","ping_status":"closed","template":"template-gallery.php","meta":{"_acf_changed":false,"footnotes":""},"class_list":["post-150772","page","type-page","status-publish","hentry"],"acf":[],"_links":{"self":[{"href":"https:\/\/www.imagoprinter.com\/fr\/wp-json\/wp\/v2\/pages\/150772","targetHints":{"allow":["GET"]}}],"collection":[{"href":"https:\/\/www.imagoprinter.com\/fr\/wp-json\/wp\/v2\/pages"}],"about":[{"href":"https:\/\/www.imagoprinter.com\/fr\/wp-json\/wp\/v2\/types\/page"}],"author":[{"embeddable":true,"href":"https:\/\/www.imagoprinter.com\/fr\/wp-json\/wp\/v2\/users\/1"}],"replies":[{"embeddable":true,"href":"https:\/\/www.imagoprinter.com\/fr\/wp-json\/wp\/v2\/comments?post=150772"}],"version-history":[{"count":3,"href":"https:\/\/www.imagoprinter.com\/fr\/wp-json\/wp\/v2\/pages\/150772\/revisions"}],"predecessor-version":[{"id":151094,"href":"https:\/\/www.imagoprinter.com\/fr\/wp-json\/wp\/v2\/pages\/150772\/revisions\/151094"}],"up":[{"embeddable":true,"href":"https:\/\/www.imagoprinter.com\/fr\/wp-json\/wp\/v2\/pages\/150707"}],"wp:attachment":[{"href":"https:\/\/www.imagoprinter.com\/fr\/wp-json\/wp\/v2\/media?parent=150772"}],"curies":[{"name":"wp","href":"https:\/\/api.w.org\/{rel}","templated":true}]}}