{"id":150819,"date":"2023-04-26T17:39:33","date_gmt":"2023-04-26T15:39:33","guid":{"rendered":"https:\/\/www.imagoprinter.com\/?page_id=150819"},"modified":"2025-04-14T00:06:10","modified_gmt":"2025-04-13T22:06:10","slug":"produits","status":"publish","type":"page","link":"https:\/\/www.imagoprinter.com\/fr\/produits\/","title":{"rendered":"Produits"},"content":{"rendered":"<h1>D\u00e9couvrez notre offre<\/h1>\n<p>Imprimez ce dont vous avez besoin rapidement, facilement et en qualit\u00e9 photo avec une imprimante num\u00e9rique IMAGO !<\/p>\n","protected":false},"excerpt":{"rendered":"<p>D\u00e9couvrez notre offre Imprimez ce dont vous avez besoin rapidement, facilement et en qualit\u00e9 photo avec une imprimante num\u00e9rique IMAGO&#8230;<\/p>\n","protected":false},"author":1,"featured_media":0,"parent":0,"menu_order":0,"comment_status":"closed","ping_status":"closed","template":"template-offer.php","meta":{"_acf_changed":false,"footnotes":""},"class_list":["post-150819","page","type-page","status-publish","hentry"],"acf":[],"_links":{"self":[{"href":"https:\/\/www.imagoprinter.com\/fr\/wp-json\/wp\/v2\/pages\/150819","targetHints":{"allow":["GET"]}}],"collection":[{"href":"https:\/\/www.imagoprinter.com\/fr\/wp-json\/wp\/v2\/pages"}],"about":[{"href":"https:\/\/www.imagoprinter.com\/fr\/wp-json\/wp\/v2\/types\/page"}],"author":[{"embeddable":true,"href":"https:\/\/www.imagoprinter.com\/fr\/wp-json\/wp\/v2\/users\/1"}],"replies":[{"embeddable":true,"href":"https:\/\/www.imagoprinter.com\/fr\/wp-json\/wp\/v2\/comments?post=150819"}],"version-history":[{"count":2,"href":"https:\/\/www.imagoprinter.com\/fr\/wp-json\/wp\/v2\/pages\/150819\/revisions"}],"predecessor-version":[{"id":151097,"href":"https:\/\/www.imagoprinter.com\/fr\/wp-json\/wp\/v2\/pages\/150819\/revisions\/151097"}],"wp:attachment":[{"href":"https:\/\/www.imagoprinter.com\/fr\/wp-json\/wp\/v2\/media?parent=150819"}],"curies":[{"name":"wp","href":"https:\/\/api.w.org\/{rel}","templated":true}]}}