{"id":151169,"date":"2023-06-01T16:22:08","date_gmt":"2023-06-01T14:22:08","guid":{"rendered":"https:\/\/www.imagoprinter.com\/qui-sommes-nous\/polityka-jakosci\/"},"modified":"2025-04-25T11:49:45","modified_gmt":"2025-04-25T09:49:45","slug":"politique-de-qualite","status":"publish","type":"page","link":"https:\/\/www.imagoprinter.com\/fr\/qui-sommes-nous\/politique-de-qualite\/","title":{"rendered":"Politique de qualit\u00e9"},"content":{"rendered":"\n<h2 class=\"wp-block-heading has-text-align-center\">Mission de l&rsquo;entreprise<\/h2>\n\n\n\n<p>Notre mission est de fournir des solutions d&rsquo;impression innovantes, fiables et de haute qualit\u00e9. Notre priorit\u00e9 est de satisfaire pleinement nos clients en leur proposant non seulement des produits de qualit\u00e9, mais aussi un service apr\u00e8s-vente efficace. Nous sommes anim\u00e9s par la volont\u00e9 d\u2019offrir des solutions compl\u00e8tes qui aident nos clients \u00e0 accro\u00eetre leur productivit\u00e9 et \u00e0 r\u00e9duire leurs co\u00fbts. En parall\u00e8le, nous mettons l&rsquo;accent sur la qualit\u00e9 du travail fourni et la satisfaction de nos employ\u00e9s. Nous nous effor\u00e7ons de maintenir une \u00e9quipe dynamique et une entreprise prosp\u00e8re. Nous valorisons nos collaborateurs en encourageant leur d\u00e9veloppement, en offrant un environnement de travail convivial et en favorisant l&rsquo;engagement ainsi que la coop\u00e9ration.<\/p>\n\n\n\n<h2 class=\"wp-block-heading has-text-align-center\">Trois objectifs principaux<\/h2>\n\n\n\n<p class=\"has-text-align-center\">Nous visons \u00e0 atteindre cette mission par le biais de :<\/p>\n\n\n\n<div class=\"wp-block-columns is-layout-flex wp-container-core-columns-is-layout-9d6595d7 wp-block-columns-is-layout-flex\">\n<div class=\"wp-block-column is-layout-flow wp-block-column-is-layout-flow\" style=\"flex-basis:66.66%\">\n<p><strong>S\u00c9CURIT\u00c9 DU CLIENT<\/strong> assur\u00e9e par :<\/p>\n\n\n\n<ul class=\"wp-block-list\">\n<li>La fabrication d\u2019\u00e9quipements polyvalents offrant une tr\u00e8s large gamme de possibilit\u00e9s,<\/li>\n\n\n\n<li>Une qualit\u00e9 d\u2019impression optimale, quel que soit le support ou le type d\u2019encre utilis\u00e9,<\/li>\n\n\n\n<li>Un service efficace et rapide, minimisant les temps d\u2019arr\u00eat des machines.<\/li>\n<\/ul>\n\n\n\n<p><strong><strong>AM\u00c9LIORATION CONTINUE<\/strong> gr\u00e2ce \u00e0 :<\/strong><\/p>\n\n\n\n<ul class=\"wp-block-list\">\n<li>Une discipline rigoureuse et une approche par processus permettant de surmonter les probl\u00e8mes et d\u2019acc\u00e9l\u00e9rer le d\u00e9veloppement,<\/li>\n\n\n\n<li>L\u2019am\u00e9lioration continue des processus permettant une livraison rapide d\u2019\u00e9quipements de haute qualit\u00e9,<\/li>\n\n\n\n<li>L\u2019ouverture aux besoins des clients, dont les id\u00e9es sont le moteur du d\u00e9veloppement de notre entreprise.<\/li>\n<\/ul>\n\n\n\n<p><strong><strong>D\u00c9VELOPPEMENT PERMANENT<\/strong> par :<\/strong><\/p>\n\n\n\n<ul class=\"wp-block-list\">\n<li>Une \u00e9coute active des besoins du march\u00e9 et la satisfaction des attentes des clients,<\/li>\n\n\n\n<li>Le d\u00e9sir constant d\u2019acqu\u00e9rir des connaissances et de les int\u00e9grer \u00e0 nos produits pour en faire les meilleurs de leur cat\u00e9gorie,<\/li>\n\n\n\n<li>La recherche de solutions issues de divers domaines scientifiques, garantissant des produits con\u00e7us dans les moindres d\u00e9tails et limitant leurs points faibles.<\/li>\n<\/ul>\n<\/div>\n\n\n\n<div class=\"wp-block-column is-layout-flow wp-block-column-is-layout-flow\" style=\"flex-basis:33.33%\"><div class=\"wp-block-image\">\n<figure class=\"aligncenter size-full is-resized\"><img fetchpriority=\"high\" decoding=\"async\" width=\"667\" height=\"1000\" src=\"https:\/\/imagoprinter.com\/wp-content\/uploads\/2023\/06\/Pawel-2-1.webp\" alt=\"\" class=\"wp-image-7591\" style=\"width:167px;height:250px\"\/><\/figure>\n<\/div>\n\n\n<div style=\"height:50px\" aria-hidden=\"true\" class=\"wp-block-spacer\"><\/div>\n\n\n\n<blockquote class=\"wp-block-quote has-text-align-center is-layout-flow wp-block-quote-is-layout-flow\">\n<p>En tant que Pr\u00e9sident du Conseil d\u2019Administration de l\u2019entreprise, il s\u2019engage personnellement \u00e0 mettre en \u0153uvre et \u00e0 maintenir cette politique aupr\u00e8s de nos employ\u00e9s et de toutes les parties int\u00e9ress\u00e9es.<br><\/p>\n<cite>Pawe\u0142 P\u0119siek<br>Pr\u00e9sident Directeur G\u00e9n\u00e9ral<\/cite><\/blockquote>\n<\/div>\n<\/div>\n\n\n\n<h2 class=\"wp-block-heading has-text-align-center\">Nous d\u00e9clarons :<\/h2>\n\n\n\n<ul class=\"wp-block-list\">\n<li>Une gestion efficace selon les m\u00e9thodes les plus avanc\u00e9es, garantissant la pleine satisfaction des besoins des clients,<\/li>\n\n\n\n<li>L\u2019emploi de personnel exp\u00e9riment\u00e9, hautement qualifi\u00e9 et dot\u00e9 de comp\u00e9tences pratiques,<\/li>\n\n\n\n<li>L\u2019application des derni\u00e8res m\u00e9thodes et techniques de fabrication des machines,<\/li>\n\n\n\n<li>L\u2019\u00e9largissement constant de la gamme de produits et services propos\u00e9s,<\/li>\n\n\n\n<li>L\u2019engagement de la direction \u00e0 satisfaire aux exigences et \u00e0 am\u00e9liorer en permanence l\u2019efficacit\u00e9 du Syst\u00e8me de Management de la Qualit\u00e9.<\/li>\n<\/ul>\n\n\n\n<p>La direction attend des employ\u00e9s de l\u2019entreprise qu\u2019ils s\u2019impliquent activement dans l\u2019am\u00e9lioration de la qualit\u00e9 des services fournis et qu\u2019ils fassent preuve d\u2019initiative pour perfectionner le Syst\u00e8me de Management de la Qualit\u00e9.<\/p>\n\n\n\n<p>L\u2019id\u00e9e ma\u00eetresse est que la devise <strong>\u00ab la qualit\u00e9 est notre devise \u00bb<\/strong> soit mise en pratique chaque jour, par chaque employ\u00e9, \u00e0 chaque poste.<\/p>\n","protected":false},"excerpt":{"rendered":"<p>Mission de l&rsquo;entreprise Notre mission est de fournir des solutions d&rsquo;impression innovantes, fiables et de haute qualit\u00e9. Notre priorit\u00e9 est&#8230;<\/p>\n","protected":false},"author":1,"featured_media":0,"parent":150639,"menu_order":0,"comment_status":"closed","ping_status":"closed","template":"template-gutenberg.php","meta":{"_acf_changed":false,"footnotes":""},"class_list":["post-151169","page","type-page","status-publish","hentry"],"acf":[],"_links":{"self":[{"href":"https:\/\/www.imagoprinter.com\/fr\/wp-json\/wp\/v2\/pages\/151169","targetHints":{"allow":["GET"]}}],"collection":[{"href":"https:\/\/www.imagoprinter.com\/fr\/wp-json\/wp\/v2\/pages"}],"about":[{"href":"https:\/\/www.imagoprinter.com\/fr\/wp-json\/wp\/v2\/types\/page"}],"author":[{"embeddable":true,"href":"https:\/\/www.imagoprinter.com\/fr\/wp-json\/wp\/v2\/users\/1"}],"replies":[{"embeddable":true,"href":"https:\/\/www.imagoprinter.com\/fr\/wp-json\/wp\/v2\/comments?post=151169"}],"version-history":[{"count":1,"href":"https:\/\/www.imagoprinter.com\/fr\/wp-json\/wp\/v2\/pages\/151169\/revisions"}],"predecessor-version":[{"id":151173,"href":"https:\/\/www.imagoprinter.com\/fr\/wp-json\/wp\/v2\/pages\/151169\/revisions\/151173"}],"up":[{"embeddable":true,"href":"https:\/\/www.imagoprinter.com\/fr\/wp-json\/wp\/v2\/pages\/150639"}],"wp:attachment":[{"href":"https:\/\/www.imagoprinter.com\/fr\/wp-json\/wp\/v2\/media?parent=151169"}],"curies":[{"name":"wp","href":"https:\/\/api.w.org\/{rel}","templated":true}]}}