{"id":151174,"date":"2023-06-01T16:08:50","date_gmt":"2023-06-01T14:08:50","guid":{"rendered":"https:\/\/www.imagoprinter.com\/union-europeenne\/"},"modified":"2025-04-25T11:56:35","modified_gmt":"2025-04-25T09:56:35","slug":"union-europeenne","status":"publish","type":"page","link":"https:\/\/www.imagoprinter.com\/fr\/union-europeenne\/","title":{"rendered":"Union europ\u00e9enne"},"content":{"rendered":"<p><img fetchpriority=\"high\" decoding=\"async\" class=\"alignnone wp-image-859 size-full\" src=\"https:\/\/imagoprinter.com2\/wp-content\/uploads\/2023\/06\/FE_POIR_poziom_pl.webp\" alt=\"\" width=\"2000\" height=\"275\" srcset=\"https:\/\/www.imagoprinter.com\/wp-content\/uploads\/2023\/06\/FE_POIR_poziom_pl.webp 2000w, https:\/\/www.imagoprinter.com\/wp-content\/uploads\/2023\/06\/FE_POIR_poziom_pl-475x65.webp 475w, https:\/\/www.imagoprinter.com\/wp-content\/uploads\/2023\/06\/FE_POIR_poziom_pl-1024x141.webp 1024w, https:\/\/www.imagoprinter.com\/wp-content\/uploads\/2023\/06\/FE_POIR_poziom_pl-150x21.webp 150w, https:\/\/www.imagoprinter.com\/wp-content\/uploads\/2023\/06\/FE_POIR_poziom_pl-768x106.webp 768w, https:\/\/www.imagoprinter.com\/wp-content\/uploads\/2023\/06\/FE_POIR_poziom_pl-1536x211.webp 1536w, https:\/\/www.imagoprinter.com\/wp-content\/uploads\/2023\/06\/FE_POIR_poziom_pl-1920x264.webp 1920w\" sizes=\"(max-width: 2000px) 100vw, 2000px\" \/><\/p>\n<p>Pr\u00e9paration du projet pour un Eurogrant pr\u00e9vu dans le cadre de l\u2019EIC Accelerator<br \/>\nNum\u00e9ro de l&rsquo;accord de subvention : POIR.02.03.06-14-0071\/21<\/p>\n<p>Objectif du projet :<br \/>\nSoutenir le demandeur dans la soumission d\u2019une candidature au financement \u00ab\u00a0Horizon Europe \u2013 EIC Accelerator Open\u00a0\u00bb. L\u2019obtention de ce financement permettra de pr\u00e9parer une demande d\u2019Eurogrant couvrant les \u00e9l\u00e9ments suivants : documentation, y compris une \u00e9tude de faisabilit\u00e9, r\u00e9vision de la demande, pr\u00e9sentation du projet devant la Commission europ\u00e9enne, r\u00e9alisation de traductions.<br \/>\nL\u2019objectif de l\u2019Eurogrant est de d\u00e9velopper et de mettre en \u0153uvre un terminal de point de vente (Point of Sale) avec un syst\u00e8me logiciel et un dispositif d\u2019impression d\u00e9di\u00e9, \u00e9quip\u00e9 de syst\u00e8mes de vision permettant de positionner l\u2019impression en fonction de l\u2019emplacement r\u00e9el des produits de boulangerie dans l\u2019imprimante.<\/p>\n<p><strong>B\u00e9n\u00e9ficiaire<\/strong> : IMAGO PRINTER SP\u00d3\u0141KA Z OGRANICZON\u0104 ODPOWIEDZIALNO\u015aCI\u0104<br \/>\n<strong>Organisme interm\u00e9diaire :<\/strong> Agence Polonaise pour le D\u00e9veloppement de l\u2019Entreprise (PARP)<br \/>\n<strong>Programme Op\u00e9rationnel :<\/strong> D\u00e9veloppement Intelligent 2014-2020<br \/>\n<strong>Montant de la subvention accord\u00e9e :<\/strong> 280 060,00 PLN<\/p>\n","protected":false},"excerpt":{"rendered":"<p>Pr\u00e9paration du projet pour un Eurogrant pr\u00e9vu dans le cadre de l\u2019EIC Accelerator Num\u00e9ro de l&rsquo;accord de subvention : POIR.02.03.06-14-0071\/21&#8230;<\/p>\n","protected":false},"author":1,"featured_media":0,"parent":0,"menu_order":0,"comment_status":"closed","ping_status":"closed","template":"","meta":{"_acf_changed":false,"footnotes":""},"class_list":["post-151174","page","type-page","status-publish","hentry"],"acf":[],"_links":{"self":[{"href":"https:\/\/www.imagoprinter.com\/fr\/wp-json\/wp\/v2\/pages\/151174","targetHints":{"allow":["GET"]}}],"collection":[{"href":"https:\/\/www.imagoprinter.com\/fr\/wp-json\/wp\/v2\/pages"}],"about":[{"href":"https:\/\/www.imagoprinter.com\/fr\/wp-json\/wp\/v2\/types\/page"}],"author":[{"embeddable":true,"href":"https:\/\/www.imagoprinter.com\/fr\/wp-json\/wp\/v2\/users\/1"}],"replies":[{"embeddable":true,"href":"https:\/\/www.imagoprinter.com\/fr\/wp-json\/wp\/v2\/comments?post=151174"}],"version-history":[{"count":2,"href":"https:\/\/www.imagoprinter.com\/fr\/wp-json\/wp\/v2\/pages\/151174\/revisions"}],"predecessor-version":[{"id":151177,"href":"https:\/\/www.imagoprinter.com\/fr\/wp-json\/wp\/v2\/pages\/151174\/revisions\/151177"}],"wp:attachment":[{"href":"https:\/\/www.imagoprinter.com\/fr\/wp-json\/wp\/v2\/media?parent=151174"}],"curies":[{"name":"wp","href":"https:\/\/api.w.org\/{rel}","templated":true}]}}