{"id":151179,"date":"2023-04-03T11:33:47","date_gmt":"2023-04-03T09:33:47","guid":{"rendered":"https:\/\/www.imagoprinter.com\/qui-sommes-nous\/politique-de-confidentialite-dimago-printer-sp-z-o-o\/"},"modified":"2025-04-28T11:36:24","modified_gmt":"2025-04-28T09:36:24","slug":"politique-de-confidentialite-dimago-printer-sp-z-o-o","status":"publish","type":"page","link":"https:\/\/www.imagoprinter.com\/fr\/qui-sommes-nous\/politique-de-confidentialite-dimago-printer-sp-z-o-o\/","title":{"rendered":"Politique de Confidentialit\u00e9 d\u2019IMAGO Printer Sp. z o.o."},"content":{"rendered":"<p class=\"\" data-start=\"63\" data-end=\"173\"><strong data-start=\"63\" data-end=\"173\">POLITIQUE DE CONFIDENTIALIT\u00c9 ET UTILISATION DES COOKIES SUR LES SITES INTERNET DE IMAGO PRINTER SP. Z O.O.<\/strong><\/p>\n<p class=\"\" data-start=\"175\" data-end=\"355\">Nous respectons votre droit \u00e0 la vie priv\u00e9e. Sur cette page, vous trouverez notre position concernant la collecte, le traitement et l\u2019utilisation des informations des utilisateurs.<\/p>\n<h3 class=\"\" data-start=\"357\" data-end=\"373\">INTRODUCTION<\/h3>\n<p class=\"\" data-start=\"375\" data-end=\"916\">IMAGO PRINTER SP. Z.O.O. accorde une importance particuli\u00e8re au respect de la vie priv\u00e9e des utilisateurs du site <a class=\"\" href=\"http:\/\/www.imagoprinter.com\" target=\"_new\" rel=\"noopener\" data-start=\"489\" data-end=\"509\">www.imagoprinter.com<\/a> et d\u00e9clare qu\u2019elle s&rsquo;efforce de ne collecter que les donn\u00e9es n\u00e9cessaires au bon fonctionnement du site ou celles visant \u00e0 am\u00e9liorer l\u2019utilit\u00e9 des produits de l\u2019entreprise.<br data-start=\"681\" data-end=\"684\" \/>Cette politique de confidentialit\u00e9 est de nature informative et d\u00e9finit les r\u00e8gles de traitement des donn\u00e9es personnelles fournies dans le cadre de la boutique en ligne IMAGO PRINTER exploit\u00e9e sous le domaine : <a class=\"\" href=\"http:\/\/www.imagoprinter.com\" target=\"_new\" rel=\"noopener\" data-start=\"895\" data-end=\"915\">www.imagoprinter.com<\/a>.<\/p>\n<h3 class=\"\" data-start=\"918\" data-end=\"933\">D\u00c9FINITIONS<\/h3>\n<p class=\"\" data-start=\"935\" data-end=\"1206\"><strong data-start=\"935\" data-end=\"953\">Administrateur<\/strong> : IMAGO PRINTER SP. Z.O.O., dont le si\u00e8ge est \u00e0 Varsovie, ul. Ratuszowa 11 b.5 p.122, 03-450, inscrit au Registre national des entreprises sous le num\u00e9ro KRS 0000815395 ; capital social de 300 000 PLN ; NIP 1133001513 ; e-mail : <a rel=\"noopener\" data-start=\"1183\" data-end=\"1205\">biuro@imagoprinter.com<\/a>.<\/p>\n<p class=\"\" data-start=\"1208\" data-end=\"1630\"><strong data-start=\"1208\" data-end=\"1240\">Donn\u00e9es personnelles\/Donn\u00e9es<\/strong> : toute information relative \u00e0 une personne physique identifi\u00e9e ou identifiable par un ou plusieurs facteurs sp\u00e9cifiques \u00e0 son identit\u00e9 physique, physiologique, g\u00e9n\u00e9tique, psychique, \u00e9conomique, culturelle ou sociale, y compris l&rsquo;adresse IP de l\u2019appareil, les donn\u00e9es de localisation, l&rsquo;identifiant Internet et les informations collect\u00e9es via les cookies ou autres technologies similaires.<\/p>\n<p class=\"\" data-start=\"1632\" data-end=\"1770\"><strong data-start=\"1632\" data-end=\"1690\">RGPD (R\u00e8glement G\u00e9n\u00e9ral sur la Protection des Donn\u00e9es)<\/strong> : R\u00e8glement (UE) 2016\/679 du Parlement europ\u00e9en et du Conseil du 27 avril 2016.<\/p>\n<p class=\"\" data-start=\"1772\" data-end=\"1927\"><strong data-start=\"1772\" data-end=\"1783\">Service<\/strong> : le site <a class=\"\" href=\"http:\/\/www.imagoprinter.com\" target=\"_new\" rel=\"noopener\" data-start=\"1794\" data-end=\"1814\">www.imagoprinter.com<\/a> ainsi que d&rsquo;autres sites g\u00e9r\u00e9s par l&rsquo;Administrateur, et les applications mobiles concern\u00e9es par cette politique.<\/p>\n<p class=\"\" data-start=\"1929\" data-end=\"2060\"><strong data-start=\"1929\" data-end=\"1944\">Utilisateur<\/strong> : toute personne physique visitant le Service ou utilisant les services ou fonctionnalit\u00e9s disponibles sur le site.<\/p>\n<p class=\"\" data-start=\"2062\" data-end=\"2191\"><strong data-start=\"2062\" data-end=\"2075\">Profilage<\/strong> : traitement automatis\u00e9 de donn\u00e9es personnelles afin d\u2019\u00e9valuer certains aspects personnels d\u2019une personne physique.<\/p>\n<p class=\"\" data-start=\"2193\" data-end=\"2384\"><strong data-start=\"2193\" data-end=\"2219\">Traitement des donn\u00e9es<\/strong> : toute op\u00e9ration effectu\u00e9e sur des donn\u00e9es personnelles, telle que la collecte, l&rsquo;enregistrement, le stockage, la modification, la communication et la suppression.<\/p>\n<p class=\"\" data-start=\"2386\" data-end=\"2515\"><strong data-start=\"2386\" data-end=\"2417\">Confidentialit\u00e9 des donn\u00e9es<\/strong> : propri\u00e9t\u00e9 assurant que les donn\u00e9es ne sont pas mises \u00e0 disposition de personnes non autoris\u00e9es.<\/p>\n<h3 class=\"\" data-start=\"50\" data-end=\"74\">COLLECTE DES DONN\u00c9ES<\/h3>\n<p class=\"\" data-start=\"76\" data-end=\"169\">Toutes les donn\u00e9es provenant des Utilisateurs des Services sont collect\u00e9es de deux mani\u00e8res :<\/p>\n<ol data-start=\"171\" data-end=\"1607\">\n<li class=\"\" data-start=\"171\" data-end=\"719\">\n<p class=\"\" data-start=\"174\" data-end=\"719\"><strong data-start=\"174\" data-end=\"232\">Informations fournies volontairement par l\u2019Utilisateur<\/strong> :<br data-start=\"234\" data-end=\"237\" \/>Les utilisateurs fournissent leurs donn\u00e9es personnelles via les formulaires d&rsquo;inscription et de contact afin de cr\u00e9er un compte permanent pour effectuer des achats sur <a class=\"\" href=\"http:\/\/www.imagoprinter.com\" target=\"_new\" rel=\"noopener\" data-start=\"408\" data-end=\"428\">www.imagoprinter.com<\/a>, d\u00e9poser une plainte ou soumettre une demande.<br data-start=\"475\" data-end=\"478\" \/>Lors de l\u2019inscription, l\u2019Administrateur informe l\u2019Utilisateur des donn\u00e9es obligatoires n\u00e9cessaires \u00e0 la prestation des services (indiqu\u00e9es dans le formulaire) ainsi que des donn\u00e9es facultatives, dont l&rsquo;absence n&#8217;emp\u00eache pas l&rsquo;inscription.<\/p>\n<\/li>\n<li class=\"\" data-start=\"721\" data-end=\"1607\">\n<p class=\"\" data-start=\"724\" data-end=\"798\"><strong data-start=\"724\" data-end=\"784\">Informations collect\u00e9es lors de l\u2019utilisation du service<\/strong>, telles que :<\/p>\n<ul data-start=\"802\" data-end=\"1607\">\n<li class=\"\" data-start=\"802\" data-end=\"1196\">\n<p class=\"\" data-start=\"804\" data-end=\"1196\"><strong data-start=\"804\" data-end=\"818\">Adresse IP<\/strong> : Chaque ordinateur connect\u00e9 \u00e0 Internet poss\u00e8de un num\u00e9ro unique, l&rsquo;adresse IP, qui permet notamment d&rsquo;identifier le pays de connexion. IMAGO PRINTER se r\u00e9serve le droit de stocker des journaux internes reliant l&rsquo;adresse IP au compte client. Ceux-ci servent uniquement \u00e0 analyser d&rsquo;\u00e9ventuels probl\u00e8mes techniques li\u00e9s \u00e0 l&rsquo;inscription, \u00e0 la connexion et \u00e0 l&rsquo;utilisation du site.<\/p>\n<\/li>\n<li class=\"\" data-start=\"1200\" data-end=\"1607\">\n<p class=\"\" data-start=\"1202\" data-end=\"1607\"><strong data-start=\"1202\" data-end=\"1232\">Fichiers texte (\u00ab\u00a0cookies\u00a0\u00bb)<\/strong> : Envoy\u00e9s sur l\u2019ordinateur de l\u2019Utilisateur lors de la visite du site. Les cookies contiennent uniquement les donn\u00e9es n\u00e9cessaires au bon fonctionnement du site, y compris l\u2019identification de l\u2019utilisateur actuellement connect\u00e9. Les donn\u00e9es personnelles de l\u2019utilisateur peuvent appara\u00eetre sur les pages du site lorsqu\u2019il visite son compte personnel sur <a class=\"\" href=\"http:\/\/www.imagoprinter.com\" target=\"_new\" rel=\"noopener\" data-start=\"1586\" data-end=\"1606\">www.imagoprinter.com<\/a>.<\/p>\n<\/li>\n<\/ul>\n<\/li>\n<\/ol>\n<h3 class=\"\" data-start=\"1614\" data-end=\"1625\">COOKIES<\/h3>\n<p class=\"\" data-start=\"1627\" data-end=\"1884\">Le terme \u00ab\u00a0cookie\u00a0\u00bb dans ce document fait r\u00e9f\u00e9rence aux cookies ainsi qu&rsquo;aux outils similaires d\u00e9finis par la Directive 2009\/136\/CE du Parlement europ\u00e9en et du Conseil relative \u00e0 la protection de la vie priv\u00e9e dans le secteur des communications \u00e9lectroniques.<\/p>\n<p class=\"\" data-start=\"1886\" data-end=\"2412\">Votre navigateur peut stocker des cookies sur votre ordinateur. Ces fichiers contiennent les informations n\u00e9cessaires pour assurer le bon fonctionnement des sites d\u2019IMAGO PRINTER.<br data-start=\"2065\" data-end=\"2068\" \/>Les cookies sont de petits fichiers enregistr\u00e9s sur l&rsquo;appareil de l\u2019Utilisateur pour identifier son navigateur lors de l\u2019utilisation de nos Sites. Ils permettent \u00e0 l\u2019Administrateur de recevoir des statistiques sur le trafic, l\u2019activit\u00e9 et l&rsquo;utilisation des Services par les Utilisateurs, et ainsi d&rsquo;adapter le contenu aux pr\u00e9f\u00e9rences de chacun.<\/p>\n<p class=\"\" data-start=\"2414\" data-end=\"2595\">Les cookies <strong data-start=\"2426\" data-end=\"2447\">ne permettent pas<\/strong> d\u2019identifier directement les Utilisateurs ni de stocker leurs donn\u00e9es personnelles ; ils servent uniquement \u00e0 analyser le comportement sur le Site.<\/p>\n<p class=\"\" data-start=\"2597\" data-end=\"2641\"><strong data-start=\"2597\" data-end=\"2641\">IMAGO PRINTER utilise les cookies pour :<\/strong><\/p>\n<ul data-start=\"2642\" data-end=\"3056\">\n<li class=\"\" data-start=\"2642\" data-end=\"2725\">\n<p class=\"\" data-start=\"2644\" data-end=\"2725\">Adapter les Services aux besoins des Utilisateurs et optimiser leur utilisation ;<\/p>\n<\/li>\n<li class=\"\" data-start=\"2726\" data-end=\"2784\">\n<p class=\"\" data-start=\"2728\" data-end=\"2784\">M\u00e9moriser les pr\u00e9f\u00e9rences et les param\u00e8tres personnels ;<\/p>\n<\/li>\n<li class=\"\" data-start=\"2785\" data-end=\"2861\">\n<p class=\"\" data-start=\"2787\" data-end=\"2861\">Cr\u00e9er des statistiques pour am\u00e9liorer la structure et le contenu du Site ;<\/p>\n<\/li>\n<li class=\"\" data-start=\"2862\" data-end=\"2968\">\n<p class=\"\" data-start=\"2864\" data-end=\"2968\">Maintenir la session de l\u2019Utilisateur (apr\u00e8s connexion) sans besoin de saisie r\u00e9p\u00e9t\u00e9e des identifiants ;<\/p>\n<\/li>\n<li class=\"\" data-start=\"2969\" data-end=\"3056\">\n<p class=\"\" data-start=\"2971\" data-end=\"3056\">Sauvegarder les donn\u00e9es du panier pour \u00e9viter leur perte lors de visites ult\u00e9rieures.<\/p>\n<\/li>\n<\/ul>\n<p class=\"\" data-start=\"3058\" data-end=\"3089\"><strong data-start=\"3058\" data-end=\"3089\">Types de cookies utilis\u00e9s :<\/strong><\/p>\n<ul data-start=\"3090\" data-end=\"3257\">\n<li class=\"\" data-start=\"3090\" data-end=\"3157\">\n<p class=\"\" data-start=\"3092\" data-end=\"3157\"><strong data-start=\"3092\" data-end=\"3114\">Cookies de session<\/strong> : supprim\u00e9s \u00e0 la fermeture du navigateur ;<\/p>\n<\/li>\n<li class=\"\" data-start=\"3158\" data-end=\"3257\">\n<p class=\"\" data-start=\"3160\" data-end=\"3257\"><strong data-start=\"3160\" data-end=\"3183\">Cookies persistants<\/strong> : conserv\u00e9s sur l&rsquo;appareil de l\u2019Utilisateur pendant une dur\u00e9e d\u00e9termin\u00e9e.<\/p>\n<\/li>\n<\/ul>\n<p class=\"\" data-start=\"3259\" data-end=\"3310\"><strong data-start=\"3259\" data-end=\"3310\">Selon leur finalit\u00e9, les cookies peuvent \u00eatre :<\/strong><\/p>\n<ul data-start=\"3311\" data-end=\"3623\">\n<li class=\"\" data-start=\"3311\" data-end=\"3356\">\n<p class=\"\" data-start=\"3313\" data-end=\"3356\"><strong data-start=\"3313\" data-end=\"3328\">N\u00e9cessaires<\/strong> : pour l&rsquo;authentification ;<\/p>\n<\/li>\n<li class=\"\" data-start=\"3357\" data-end=\"3401\">\n<p class=\"\" data-start=\"3359\" data-end=\"3401\"><strong data-start=\"3359\" data-end=\"3374\">De s\u00e9curit\u00e9<\/strong> : pour d\u00e9tecter les abus ;<\/p>\n<\/li>\n<li class=\"\" data-start=\"3402\" data-end=\"3462\">\n<p class=\"\" data-start=\"3404\" data-end=\"3462\"><strong data-start=\"3404\" data-end=\"3422\">De performance<\/strong> : pour analyser l\u2019utilisation du site ;<\/p>\n<\/li>\n<li class=\"\" data-start=\"3463\" data-end=\"3534\">\n<p class=\"\" data-start=\"3465\" data-end=\"3534\"><strong data-start=\"3465\" data-end=\"3481\">Fonctionnels<\/strong> : pour personnaliser l\u2019exp\u00e9rience de l\u2019Utilisateur ;<\/p>\n<\/li>\n<li class=\"\" data-start=\"3535\" data-end=\"3623\">\n<p class=\"\" data-start=\"3537\" data-end=\"3623\"><strong data-start=\"3537\" data-end=\"3554\">Publicitaires<\/strong> : pour pr\u00e9senter des contenus adapt\u00e9s aux int\u00e9r\u00eats des Utilisateurs.<\/p>\n<\/li>\n<\/ul>\n<p class=\"\" data-start=\"3625\" data-end=\"3777\">L&rsquo;Utilisateur peut configurer son navigateur pour bloquer totalement ou partiellement les cookies. Cela peut affecter certaines fonctionnalit\u00e9s du site.<\/p>\n<h3 class=\"\" data-start=\"67\" data-end=\"93\">TRAITEMENT DES DONN\u00c9ES<\/h3>\n<p class=\"\" data-start=\"95\" data-end=\"246\">Le site <a class=\"\" href=\"http:\/\/www.imagoprinter.com\" target=\"_new\" rel=\"noopener\" data-start=\"103\" data-end=\"123\">www.imagoprinter.com<\/a> collecte et traite vos donn\u00e9es personnelles, \u00e0 savoir : votre nom, pr\u00e9nom, adresse, adresse e-mail et num\u00e9ro de t\u00e9l\u00e9phone.<\/p>\n<p class=\"\" data-start=\"248\" data-end=\"311\">Les donn\u00e9es personnelles sont trait\u00e9es dans les buts suivants :<\/p>\n<ul data-start=\"312\" data-end=\"806\">\n<li class=\"\" data-start=\"312\" data-end=\"490\">\n<p class=\"\" data-start=\"314\" data-end=\"490\"><strong data-start=\"314\" data-end=\"320\">a)<\/strong> cr\u00e9ation et bon fonctionnement du compte sur le Service \u2013 la base l\u00e9gale du traitement est la n\u00e9cessit\u00e9 de disposer de ces donn\u00e9es pour cr\u00e9er et g\u00e9rer un compte client ;<\/p>\n<\/li>\n<li class=\"\" data-start=\"491\" data-end=\"806\">\n<p class=\"\" data-start=\"493\" data-end=\"806\"><strong data-start=\"493\" data-end=\"499\">b)<\/strong> traitement de votre commande ou de vos retours, contact t\u00e9l\u00e9phonique, envoi de SMS ou de courriels (selon les donn\u00e9es fournies) pour informer sur l\u2019\u00e9tat de la commande ou pour r\u00e9soudre d\u2019\u00e9ventuels probl\u00e8mes d&rsquo;ex\u00e9cution, ainsi que pour pr\u00e9senter de nouvelles offres ou proposer la reprise de la coop\u00e9ration.<\/p>\n<\/li>\n<\/ul>\n<p class=\"\" data-start=\"808\" data-end=\"923\">Toutes les donn\u00e9es sont trait\u00e9es uniquement dans la mesure n\u00e9cessaire \u00e0 l\u2019accomplissement des objectifs mentionn\u00e9s.<\/p>\n<p class=\"\" data-start=\"925\" data-end=\"1342\">L\u2019Administrateur IMAGO PRINTER SP. Z.O.O. a d\u00e9sign\u00e9 une personne de contact pour toutes questions relatives au traitement des donn\u00e9es personnelles : <a rel=\"noopener\" data-start=\"1074\" data-end=\"1098\">dariusz@imagoprinter.com<\/a>.<br data-start=\"1099\" data-end=\"1102\" \/>Il est \u00e9galement possible de signaler tout probl\u00e8me via d&rsquo;autres adresses publi\u00e9es sur le site <a class=\"\" href=\"http:\/\/www.imagoprinter.com\" target=\"_new\" rel=\"noopener\" data-start=\"1197\" data-end=\"1217\">www.imagoprinter.com<\/a> ou par t\u00e9l\u00e9phone\/courrier. Toutefois, pour acc\u00e9l\u00e9rer le traitement, il est recommand\u00e9 d\u2019utiliser l\u2019adresse e-mail sp\u00e9cifi\u00e9e.<\/p>\n<p class=\"\" data-start=\"1344\" data-end=\"1576\">En cas de violation des dispositions du RGPD, la personne concern\u00e9e a le droit d\u2019introduire une plainte aupr\u00e8s de l\u2019Autorit\u00e9 de Protection des Donn\u00e9es (en Pologne : Pr\u00e9sident de l\u2019Office pour la Protection des Donn\u00e9es Personnelles).<\/p>\n<p class=\"\" data-start=\"1578\" data-end=\"1605\">Vos donn\u00e9es sont trait\u00e9es :<\/p>\n<ul data-start=\"1606\" data-end=\"1774\">\n<li class=\"\" data-start=\"1606\" data-end=\"1683\">\n<p class=\"\" data-start=\"1608\" data-end=\"1683\">jusqu&rsquo;\u00e0 la r\u00e9alisation de l&rsquo;objectif pour lequel elles ont \u00e9t\u00e9 collect\u00e9es ;<\/p>\n<\/li>\n<li class=\"\" data-start=\"1684\" data-end=\"1774\">\n<p class=\"\" data-start=\"1686\" data-end=\"1774\">ou, si le traitement repose sur votre consentement, jusqu&rsquo;\u00e0 ce que celui-ci soit retir\u00e9.<\/p>\n<\/li>\n<\/ul>\n<p class=\"\" data-start=\"1776\" data-end=\"1952\">Les donn\u00e9es peuvent \u00eatre conserv\u00e9es plus longtemps si la loi (ex. l\u00e9gislation fiscale) l\u2019exige ou si elles sont n\u00e9cessaires pour faire valoir ou d\u00e9fendre des droits en justice. IMAGO PRINTER informe que, pour des raisons techniques li\u00e9es \u00e0 la synchronisation des syst\u00e8mes, la pseudonymisation\/anonymisation des donn\u00e9es apr\u00e8s une opposition peut prendre jusqu\u2019\u00e0 72 heures.<\/p>\n<p class=\"\" data-start=\"2168\" data-end=\"2327\">Les donn\u00e9es collect\u00e9es via le site <a class=\"\" href=\"http:\/\/www.imagoprinter.com\" target=\"_new\" rel=\"noopener\" data-start=\"2203\" data-end=\"2223\">www.imagoprinter.com<\/a> ne seront pas vendues ni partag\u00e9es avec des tiers non li\u00e9s \u00e0 l\u2019entreprise, sauf dans les cas suivants :<\/p>\n<ul data-start=\"2328\" data-end=\"2654\">\n<li class=\"\" data-start=\"2328\" data-end=\"2400\">\n<p class=\"\" data-start=\"2330\" data-end=\"2400\">salari\u00e9s et collaborateurs d\u2019IMAGO PRINTER pour ex\u00e9cuter des services,<\/p>\n<\/li>\n<li class=\"\" data-start=\"2401\" data-end=\"2427\">\n<p class=\"\" data-start=\"2403\" data-end=\"2427\">plateformes de paiement,<\/p>\n<\/li>\n<li class=\"\" data-start=\"2428\" data-end=\"2500\">\n<p class=\"\" data-start=\"2430\" data-end=\"2500\">entreprises sp\u00e9cialis\u00e9es dans l\u2019accomplissement des t\u00e2ches de service,<\/p>\n<\/li>\n<li class=\"\" data-start=\"2501\" data-end=\"2557\">\n<p class=\"\" data-start=\"2503\" data-end=\"2557\">autorit\u00e9s publiques, en vertu des obligations l\u00e9gales,<\/p>\n<\/li>\n<li class=\"\" data-start=\"2558\" data-end=\"2654\">\n<p class=\"\" data-start=\"2560\" data-end=\"2654\">soci\u00e9t\u00e9s de recouvrement, cabinets d&rsquo;avocats, tribunaux, etc., pour la poursuite des cr\u00e9ances.<\/p>\n<\/li>\n<\/ul>\n<p>Nous garantissons que, dans tous les cas, la fourniture ou le transfert de donn\u00e9es personnelles \u00e0 des fins de traitement repose sur un mandat, un instrument juridique similaire ou une obligation l\u00e9gale. IMAGO PRINTER applique le principe de la CONFIDENTIALIT\u00c9 D\u00c8S LA CONCEPTION et met tout en \u0153uvre pour prot\u00e9ger le site web www.imagoprinter.com contre tout acc\u00e8s non autoris\u00e9 par des tiers. Cela comprend un pare-feu, un acc\u00e8s restreint aux ordinateurs (n\u00e9cessitant la saisie d&rsquo;un nom d&rsquo;utilisateur et d&rsquo;un mot de passe r\u00e9serv\u00e9s aux employ\u00e9s autoris\u00e9s) et des mesures de s\u00e9curit\u00e9 physique. Le lancement du certificat SSL pour les connexions https sera imm\u00e9diatement mis en \u0153uvre.<br \/>\nLe site web www.imagoprinter.com n&rsquo;effectue aucun profilage et, si cela devait se produire \u00e0 l&rsquo;avenir, vous en serez inform\u00e9.<br \/>\nLa Soci\u00e9t\u00e9 ne transf\u00e9rera pas vos donn\u00e9es personnelles vers des pays tiers. Les destinataires des donn\u00e9es personnelles trait\u00e9es par IMAGO PRINTER (liste compl\u00e8te ci-dessous) seront uniquement des entit\u00e9s externes prenant en charge les achats, le traitement des r\u00e9clamations et les syst\u00e8mes informatiques. UPS et DHL sont des transporteurs. \u2013 Livraison de colis aux destinataires Poczta Polska S.A. \u2013 Remise de courrier aux destinataires. Nous attirons votre attention sur le fait que les Utilisateurs ne communiquent pas leurs donn\u00e9es d&rsquo;inscription \u00e0 des tiers, notamment leur mot de passe et utilisent l&rsquo;option \u00ab\u00a0d\u00e9connexion\u00a0\u00bb apr\u00e8s avoir utilis\u00e9 les contenus et services propos\u00e9s par nos services.<\/p>\n<p><strong>DROITS RELATIFS AU TRAITEMENT DES DONN\u00c9ES PERSONNELLES<\/strong><\/p>\n<p>Toute personne dont les donn\u00e9es sont trait\u00e9es par IMAGO PRINTER SP. IMAGO PRINTER SP. Z.O.O. dispose d&rsquo;un droit d&rsquo;acc\u00e8s aux donn\u00e9es personnelles, de rectification, de suppression ou de limitation du traitement, d&rsquo;un droit d&rsquo;opposition au traitement des donn\u00e9es personnelles, d&rsquo;un droit \u00e0 la portabilit\u00e9 des donn\u00e9es personnelles et d&rsquo;un droit de r\u00e9clamation aupr\u00e8s d&rsquo;une autorit\u00e9 de contr\u00f4le. Sur le site www.imagoprinter.com, la fourniture de donn\u00e9es personnelles est facultative lors de l&rsquo;inscription. Cependant, ne pas les saisir vous emp\u00eachera de conclure un contrat d&rsquo;utilisation des fonctionnalit\u00e9s du site IMAGO PRINTER.<\/p>\n<p><strong>ENREGISTREMENT DES CONVERSATIONS T\u00c9L\u00c9PHONIQUES<\/strong><\/p>\n<p>Les conversations t\u00e9l\u00e9phoniques avec Imago Printer peuvent \u00eatre enregistr\u00e9es afin de garantir un service client de haute qualit\u00e9. Les enregistrements sont conserv\u00e9s pendant une dur\u00e9e maximale de 6 mois.<\/p>\n","protected":false},"excerpt":{"rendered":"<p>POLITIQUE DE CONFIDENTIALIT\u00c9 ET UTILISATION DES COOKIES SUR LES SITES INTERNET DE IMAGO PRINTER SP. Z O.O. Nous respectons votre&#8230;<\/p>\n","protected":false},"author":1,"featured_media":0,"parent":150639,"menu_order":0,"comment_status":"closed","ping_status":"closed","template":"","meta":{"_acf_changed":false,"footnotes":""},"class_list":["post-151179","page","type-page","status-publish","hentry"],"acf":[],"_links":{"self":[{"href":"https:\/\/www.imagoprinter.com\/fr\/wp-json\/wp\/v2\/pages\/151179","targetHints":{"allow":["GET"]}}],"collection":[{"href":"https:\/\/www.imagoprinter.com\/fr\/wp-json\/wp\/v2\/pages"}],"about":[{"href":"https:\/\/www.imagoprinter.com\/fr\/wp-json\/wp\/v2\/types\/page"}],"author":[{"embeddable":true,"href":"https:\/\/www.imagoprinter.com\/fr\/wp-json\/wp\/v2\/users\/1"}],"replies":[{"embeddable":true,"href":"https:\/\/www.imagoprinter.com\/fr\/wp-json\/wp\/v2\/comments?post=151179"}],"version-history":[{"count":2,"href":"https:\/\/www.imagoprinter.com\/fr\/wp-json\/wp\/v2\/pages\/151179\/revisions"}],"predecessor-version":[{"id":151185,"href":"https:\/\/www.imagoprinter.com\/fr\/wp-json\/wp\/v2\/pages\/151179\/revisions\/151185"}],"up":[{"embeddable":true,"href":"https:\/\/www.imagoprinter.com\/fr\/wp-json\/wp\/v2\/pages\/150639"}],"wp:attachment":[{"href":"https:\/\/www.imagoprinter.com\/fr\/wp-json\/wp\/v2\/media?parent=151179"}],"curies":[{"name":"wp","href":"https:\/\/api.w.org\/{rel}","templated":true}]}}