{"id":153601,"date":"2023-05-14T23:25:05","date_gmt":"2023-05-14T21:25:05","guid":{"rendered":"https:\/\/www.imagoprinter.com\/inspiracoes\/impressoras-para-aluminio\/"},"modified":"2026-02-23T01:17:47","modified_gmt":"2026-02-23T00:17:47","slug":"impressoras-para-aluminio","status":"publish","type":"page","link":"https:\/\/www.imagoprinter.com\/pt-pt\/inspiracoes\/impressoras-para-aluminio\/","title":{"rendered":"Impressoras para alum\u00ednio"},"content":{"rendered":"<h1>Inspira-te com<br \/>\nimpress\u00e3o em alum\u00ednio<\/h1>\n<p>As impressoras para alum\u00ednio permitem criar impress\u00f5es altamente precisas e praticamente indestrut\u00edveis em alum\u00ednio anodizado. Gra\u00e7as \u00e0 elevada qualidade e \u00e0 extraordin\u00e1ria precis\u00e3o da impress\u00e3o, \u00e9 poss\u00edvel reproduzir at\u00e9 ao \u00faltimo pormenor. Como resultado, as placas de identifica\u00e7\u00e3o, os pain\u00e9is de controlo e as marca\u00e7\u00f5es de salas n\u00e3o s\u00f3 ser\u00e3o robustos, como tamb\u00e9m manter\u00e3o a sua apar\u00eancia durante muitos anos.<\/p>\n<p>&nbsp;<\/p>\n","protected":false},"excerpt":{"rendered":"<p>Inspira-te com impress\u00e3o em alum\u00ednio As impressoras para alum\u00ednio permitem criar impress\u00f5es altamente precisas e praticamente indestrut\u00edveis em alum\u00ednio anodizado&#8230;.<\/p>\n","protected":false},"author":1,"featured_media":0,"parent":153592,"menu_order":0,"comment_status":"closed","ping_status":"closed","template":"template-gallery.php","meta":{"_acf_changed":false,"footnotes":""},"class_list":["post-153601","page","type-page","status-publish","hentry"],"acf":[],"_links":{"self":[{"href":"https:\/\/www.imagoprinter.com\/pt-pt\/wp-json\/wp\/v2\/pages\/153601","targetHints":{"allow":["GET"]}}],"collection":[{"href":"https:\/\/www.imagoprinter.com\/pt-pt\/wp-json\/wp\/v2\/pages"}],"about":[{"href":"https:\/\/www.imagoprinter.com\/pt-pt\/wp-json\/wp\/v2\/types\/page"}],"author":[{"embeddable":true,"href":"https:\/\/www.imagoprinter.com\/pt-pt\/wp-json\/wp\/v2\/users\/1"}],"replies":[{"embeddable":true,"href":"https:\/\/www.imagoprinter.com\/pt-pt\/wp-json\/wp\/v2\/comments?post=153601"}],"version-history":[{"count":1,"href":"https:\/\/www.imagoprinter.com\/pt-pt\/wp-json\/wp\/v2\/pages\/153601\/revisions"}],"predecessor-version":[{"id":154098,"href":"https:\/\/www.imagoprinter.com\/pt-pt\/wp-json\/wp\/v2\/pages\/153601\/revisions\/154098"}],"up":[{"embeddable":true,"href":"https:\/\/www.imagoprinter.com\/pt-pt\/wp-json\/wp\/v2\/pages\/153592"}],"wp:attachment":[{"href":"https:\/\/www.imagoprinter.com\/pt-pt\/wp-json\/wp\/v2\/media?parent=153601"}],"curies":[{"name":"wp","href":"https:\/\/api.w.org\/{rel}","templated":true}]}}