{"id":153628,"date":"2023-04-15T14:51:37","date_gmt":"2023-04-15T12:51:37","guid":{"rendered":"https:\/\/www.imagoprinter.com\/?page_id=153628"},"modified":"2026-03-13T09:13:28","modified_gmt":"2026-03-13T08:13:28","slug":"contacto","status":"publish","type":"page","link":"https:\/\/www.imagoprinter.com\/pt-pt\/contacto\/","title":{"rendered":"Contacto"},"content":{"rendered":"<h2>Tem alguma d\u00favida?<br \/>\nEntre em contacto connosco!<\/h2>\n<p>Se tiver alguma d\u00favida ou quiser saber mais sobre os nossos produtos e servi\u00e7os, n\u00e3o hesite em contactar-nos! Teremos todo o prazer em ajud\u00e1-lo a escolher o dispositivo certo &#8211; sugeriremos aquele que melhor se adapta \u00e0s especificidades do seu neg\u00f3cio.<\/p>\n","protected":false},"excerpt":{"rendered":"<p>Tem alguma d\u00favida? Entre em contacto connosco! Se tiver alguma d\u00favida ou quiser saber mais sobre os nossos produtos e&#8230;<\/p>\n","protected":false},"author":1,"featured_media":0,"parent":0,"menu_order":0,"comment_status":"closed","ping_status":"closed","template":"template-contact.php","meta":{"_acf_changed":false,"footnotes":""},"class_list":["post-153628","page","type-page","status-publish","hentry"],"acf":[],"_links":{"self":[{"href":"https:\/\/www.imagoprinter.com\/pt-pt\/wp-json\/wp\/v2\/pages\/153628","targetHints":{"allow":["GET"]}}],"collection":[{"href":"https:\/\/www.imagoprinter.com\/pt-pt\/wp-json\/wp\/v2\/pages"}],"about":[{"href":"https:\/\/www.imagoprinter.com\/pt-pt\/wp-json\/wp\/v2\/types\/page"}],"author":[{"embeddable":true,"href":"https:\/\/www.imagoprinter.com\/pt-pt\/wp-json\/wp\/v2\/users\/1"}],"replies":[{"embeddable":true,"href":"https:\/\/www.imagoprinter.com\/pt-pt\/wp-json\/wp\/v2\/comments?post=153628"}],"version-history":[{"count":3,"href":"https:\/\/www.imagoprinter.com\/pt-pt\/wp-json\/wp\/v2\/pages\/153628\/revisions"}],"predecessor-version":[{"id":155398,"href":"https:\/\/www.imagoprinter.com\/pt-pt\/wp-json\/wp\/v2\/pages\/153628\/revisions\/155398"}],"wp:attachment":[{"href":"https:\/\/www.imagoprinter.com\/pt-pt\/wp-json\/wp\/v2\/media?parent=153628"}],"curies":[{"name":"wp","href":"https:\/\/api.w.org\/{rel}","templated":true}]}}