{"id":153731,"date":"2023-04-24T13:59:52","date_gmt":"2023-04-24T11:59:52","guid":{"rendered":"https:\/\/www.imagoprinter.com\/sobre-a-imago\/"},"modified":"2023-04-24T13:59:52","modified_gmt":"2023-04-24T11:59:52","slug":"sobre-a-imago","status":"publish","type":"page","link":"https:\/\/www.imagoprinter.com\/pt-pt\/sobre-a-imago\/","title":{"rendered":"SOBRE A IMAGO"},"content":{"rendered":"<p>O pessoal da IMAGO \u00e9 composto por colaboradores altamente qualificados, incluindo especialistas nas \u00e1reas da impress\u00e3o, conce\u00e7\u00e3o mec\u00e2nica, automa\u00e7\u00e3o, eletr\u00f3nica, marketing e neg\u00f3cios. Cri\u00e1mos 7 departamentos com uma estrutura de gest\u00e3o avan\u00e7ada, o que se traduz na efic\u00e1cia e efici\u00eancia da empresa. <\/p>\n<p>Implement\u00e1mos um sistema ERP para facilitar o planeamento das tarefas na nossa empresa e para integrar todos os elementos do seu funcionamento. Al\u00e9m disso, introduzimos o m\u00e9todo kanban para a gest\u00e3o da produ\u00e7\u00e3o e o sistema 5S para melhorar a efici\u00eancia do trabalho efectuado. <\/p>\n<p>Fornecemos aos nossos clientes um servi\u00e7o completo e apoio t\u00e9cnico. Concentramo-nos na constru\u00e7\u00e3o de rela\u00e7\u00f5es de longo prazo e no crescimento conjunto! <\/p>\n","protected":false},"excerpt":{"rendered":"<p>O pessoal da IMAGO \u00e9 composto por colaboradores altamente qualificados, incluindo especialistas nas \u00e1reas da impress\u00e3o, conce\u00e7\u00e3o mec\u00e2nica, automa\u00e7\u00e3o, eletr\u00f3nica,&#8230;<\/p>\n","protected":false},"author":1,"featured_media":0,"parent":0,"menu_order":0,"comment_status":"closed","ping_status":"closed","template":"template-about.php","meta":{"_acf_changed":false,"footnotes":""},"class_list":["post-153731","page","type-page","status-publish","hentry"],"acf":[],"_links":{"self":[{"href":"https:\/\/www.imagoprinter.com\/pt-pt\/wp-json\/wp\/v2\/pages\/153731","targetHints":{"allow":["GET"]}}],"collection":[{"href":"https:\/\/www.imagoprinter.com\/pt-pt\/wp-json\/wp\/v2\/pages"}],"about":[{"href":"https:\/\/www.imagoprinter.com\/pt-pt\/wp-json\/wp\/v2\/types\/page"}],"author":[{"embeddable":true,"href":"https:\/\/www.imagoprinter.com\/pt-pt\/wp-json\/wp\/v2\/users\/1"}],"replies":[{"embeddable":true,"href":"https:\/\/www.imagoprinter.com\/pt-pt\/wp-json\/wp\/v2\/comments?post=153731"}],"version-history":[{"count":0,"href":"https:\/\/www.imagoprinter.com\/pt-pt\/wp-json\/wp\/v2\/pages\/153731\/revisions"}],"wp:attachment":[{"href":"https:\/\/www.imagoprinter.com\/pt-pt\/wp-json\/wp\/v2\/media?parent=153731"}],"curies":[{"name":"wp","href":"https:\/\/api.w.org\/{rel}","templated":true}]}}