{"id":153764,"date":"2023-04-26T17:39:33","date_gmt":"2023-04-26T15:39:33","guid":{"rendered":"https:\/\/www.imagoprinter.com\/?page_id=153764"},"modified":"2026-02-22T18:46:09","modified_gmt":"2026-02-22T17:46:09","slug":"produtos","status":"publish","type":"page","link":"https:\/\/www.imagoprinter.com\/pt-pt\/produtos\/","title":{"rendered":"Produtos"},"content":{"rendered":"<h1>Explore a nossa oferta<\/h1>\n<p>Imprima o que precisar, de forma r\u00e1pida, f\u00e1cil e com qualidade fotogr\u00e1fica numa impressora digital da IMAGO!<\/p>\n","protected":false},"excerpt":{"rendered":"<p>Explore a nossa oferta Imprima o que precisar, de forma r\u00e1pida, f\u00e1cil e com qualidade fotogr\u00e1fica numa impressora digital da&#8230;<\/p>\n","protected":false},"author":1,"featured_media":0,"parent":0,"menu_order":0,"comment_status":"closed","ping_status":"closed","template":"template-offer.php","meta":{"_acf_changed":false,"footnotes":""},"class_list":["post-153764","page","type-page","status-publish","hentry"],"acf":[],"_links":{"self":[{"href":"https:\/\/www.imagoprinter.com\/pt-pt\/wp-json\/wp\/v2\/pages\/153764","targetHints":{"allow":["GET"]}}],"collection":[{"href":"https:\/\/www.imagoprinter.com\/pt-pt\/wp-json\/wp\/v2\/pages"}],"about":[{"href":"https:\/\/www.imagoprinter.com\/pt-pt\/wp-json\/wp\/v2\/types\/page"}],"author":[{"embeddable":true,"href":"https:\/\/www.imagoprinter.com\/pt-pt\/wp-json\/wp\/v2\/users\/1"}],"replies":[{"embeddable":true,"href":"https:\/\/www.imagoprinter.com\/pt-pt\/wp-json\/wp\/v2\/comments?post=153764"}],"version-history":[{"count":2,"href":"https:\/\/www.imagoprinter.com\/pt-pt\/wp-json\/wp\/v2\/pages\/153764\/revisions"}],"predecessor-version":[{"id":153768,"href":"https:\/\/www.imagoprinter.com\/pt-pt\/wp-json\/wp\/v2\/pages\/153764\/revisions\/153768"}],"wp:attachment":[{"href":"https:\/\/www.imagoprinter.com\/pt-pt\/wp-json\/wp\/v2\/media?parent=153764"}],"curies":[{"name":"wp","href":"https:\/\/api.w.org\/{rel}","templated":true}]}}