{"id":153789,"date":"2023-06-01T16:08:50","date_gmt":"2023-06-01T14:08:50","guid":{"rendered":"https:\/\/www.imagoprinter.com\/uniao-europeia\/"},"modified":"2023-06-01T16:08:50","modified_gmt":"2023-06-01T14:08:50","slug":"uniao-europeia","status":"publish","type":"page","link":"https:\/\/www.imagoprinter.com\/pt-pt\/uniao-europeia\/","title":{"rendered":"Uni\u00e3o Europeia"},"content":{"rendered":"<p><img fetchpriority=\"high\" decoding=\"async\" class=\"alignnone wp-image-859 size-full\" src=\"https:\/\/imagoprinter.com2\/wp-content\/uploads\/2023\/06\/FE_POIR_poziom_pl.webp\" alt=\"\" width=\"2000\" height=\"275\" srcset=\"https:\/\/www.imagoprinter.com\/wp-content\/uploads\/2023\/06\/FE_POIR_poziom_pl.webp 2000w, https:\/\/www.imagoprinter.com\/wp-content\/uploads\/2023\/06\/FE_POIR_poziom_pl-475x65.webp 475w, https:\/\/www.imagoprinter.com\/wp-content\/uploads\/2023\/06\/FE_POIR_poziom_pl-1024x141.webp 1024w, https:\/\/www.imagoprinter.com\/wp-content\/uploads\/2023\/06\/FE_POIR_poziom_pl-150x21.webp 150w, https:\/\/www.imagoprinter.com\/wp-content\/uploads\/2023\/06\/FE_POIR_poziom_pl-768x106.webp 768w, https:\/\/www.imagoprinter.com\/wp-content\/uploads\/2023\/06\/FE_POIR_poziom_pl-1536x211.webp 1536w, https:\/\/www.imagoprinter.com\/wp-content\/uploads\/2023\/06\/FE_POIR_poziom_pl-1920x264.webp 1920w\" sizes=\"(max-width: 2000px) 100vw, 2000px\" \/><\/p>\n<p>1. prepara\u00e7\u00e3o do projeto Eurogrant previsto para execu\u00e7\u00e3o no \u00e2mbito do EIC Accelerator. N\u00famero da conven\u00e7\u00e3o de subven\u00e7\u00e3o: POIR.02.03.06-14-0071\/21 <\/p>\n<p>Objetivo do projeto: Apoiar o candidato a candidatar-se ao financiamento aberto do Horizon Europe EIC Accelerator. A obten\u00e7\u00e3o de financiamento permitir\u00e1 a prepara\u00e7\u00e3o da candidatura \u00e0 Eurogrant em termos de: documenta\u00e7\u00e3o, incluindo estudo de viabilidade, revis\u00e3o da candidatura, apresenta\u00e7\u00e3o da ideia perante a CE, tradu\u00e7\u00e3o. O objetivo da Eurogrant \u00e9 desenvolver e implementar um dispositivo de Ponto de Venda com um sistema de software e um dispositivo de impress\u00e3o dedicado equipado com sistemas de vis\u00e3o para apoiar o posicionamento da impress\u00e3o de acordo com a localiza\u00e7\u00e3o real do produto cozido na impressora.  <\/p>\n<p><b>Benefici\u00e1rio<\/b>: IMAGO PRINTER LIMITED LIABILITY COMPANY<br \/>\n<b>Organismo intermedi\u00e1rio<\/b>: Ag\u00eancia Polaca para o Desenvolvimento Empresarial<br \/>\n<b>Programa Operacional Desenvolvimento Inteligente<\/b> 2014-2020<br \/>\n<b>Valor da subven\u00e7\u00e3o concedida<\/b> &#8211; 280.060,00 PLN<\/p>\n<header><\/header>\n<header class=\"mb-10\"><span data-contrast=\"auto\">     <\/span><\/header>\n<header><\/header>\n<header class=\"mb-10\"><span data-contrast=\"auto\">  2. IMAGO PRINTER SP. Z O.O. est\u00e1 a realizar um projeto cofinanciado pelos Fundos Europeus &#8211; apoiado pelo Programa dos Fundos Europeus para a Moderniza\u00e7\u00e3o.   <\/span><span data-contrast=\"auto\">Economia, no \u00e2mbito da Prioridade: Apoio aos empres\u00e1rios, Medida: Promo\u00e7\u00e3o da marca das PME inovadoras<\/span><span data-ccp-props=\"{\"335551550\":6,\"335551620\":6}\"> <\/span><span data-ccp-props=\"{\"335551550\":6,\"335551620\":6}\"> <\/span><span data-contrast=\"auto\">T\u00edtulo do projeto: <\/span><b><span data-contrast=\"auto\">&#8220;Desenvolvimento da exporta\u00e7\u00e3o de plotters alimentares inovadores IMAGO VULPES atrav\u00e9s da participa\u00e7\u00e3o em feiras internacionais e miss\u00f5es econ\u00f3micas&#8221;.<\/span><\/b><span data-ccp-props=\"{\"335551550\":6,\"335551620\":6}\"> <\/span><span data-ccp-props=\"{\"335551550\":6,\"335551620\":6}\"> <\/span><span data-contrast=\"auto\">O objeto do projeto \u00e9 a promo\u00e7\u00e3o e a internacionaliza\u00e7\u00e3o da linha inovadora de dispositivos IMAGO VULPES &#8211; plotters especializados em confeitaria que permitem a impress\u00e3o direta com tintas comest\u00edveis em produtos alimentares &#8211; em mercados estrangeiros estrat\u00e9gicos selecionados. O projeto ser\u00e1 implementado pela empresa IMAGO PRINTER sp. z o.o., um fabricante polaco de solu\u00e7\u00f5es modernas na fronteira entre a ind\u00fastria de maquinaria e as tecnologias alimentares. A gama de produtos abrangida pelo projeto inclui impressoras modernas da linha VULPES (Standard, PRO, Industrial).     <\/span><span data-ccp-props=\"{\"335551550\":6,\"335551620\":6,\"335559739\":0}\"> <\/span><span data-contrast=\"auto\">O objetivo do projeto \u00e9 refor\u00e7ar o reconhecimento da marca IMAGO VULPES, aumentar as vendas no estrangeiro e entrar de forma sustent\u00e1vel em mercados com elevado potencial de crescimento. A expans\u00e3o planeada inclui os pa\u00edses da Europa Ocidental e do Norte e da Am\u00e9rica do Norte: Alemanha, Fran\u00e7a, It\u00e1lia, Pa\u00edses Baixos, B\u00e9lgica, Rom\u00e9nia, Hungria, \u00c1ustria, Irlanda, Dinamarca, Portugal, Rep\u00fablica Checa, Espanha, Reino Unido, Gr\u00e9cia, Canad\u00e1, EUA e Brasil. <\/span><span data-ccp-props=\"{\"335551550\":6,\"335551620\":6,\"335559739\":0}\"> <\/span><span data-ccp-props=\"{\"335551550\":6,\"335551620\":6}\"> <\/span><\/header>\n<header class=\"mb-10\"><span data-contrast=\"auto\">Despesas totais: 3 710 294,36 PLN<\/span><span data-ccp-props=\"{\"335551550\":6,\"335551620\":6}\"> <\/span><span data-contrast=\"auto\">Financiamento da UE para o projeto: PLN 1 669 779,42<\/span><span data-ccp-props=\"{\"335551550\":6,\"335551620\":6}\"> <\/span><\/p>\n<p><span data-ccp-props=\"{\"335551550\":6,\"335551620\":6}\"> <\/span><\/p>\n<p><b><span data-contrast=\"auto\">#FundosEuropeus, #ImagoPrinter, #Inova\u00e7\u00e3o, #Inova\u00e7\u00e3o.<\/span><\/b><b><span data-contrast=\"none\"> <\/span><\/b><b><span data-contrast=\"auto\">feiras comerciais<\/span><\/b><span data-ccp-props=\"{\"335551550\":6,\"335551620\":6}\"> <\/span><\/p>\n<\/header>\n","protected":false},"excerpt":{"rendered":"<p>1. prepara\u00e7\u00e3o do projeto Eurogrant previsto para execu\u00e7\u00e3o no \u00e2mbito do EIC Accelerator. N\u00famero da conven\u00e7\u00e3o de subven\u00e7\u00e3o: POIR.02.03.06-14-0071\/21 Objetivo&#8230;<\/p>\n","protected":false},"author":1,"featured_media":0,"parent":0,"menu_order":0,"comment_status":"closed","ping_status":"closed","template":"","meta":{"_acf_changed":false,"footnotes":""},"class_list":["post-153789","page","type-page","status-publish","hentry"],"acf":[],"_links":{"self":[{"href":"https:\/\/www.imagoprinter.com\/pt-pt\/wp-json\/wp\/v2\/pages\/153789","targetHints":{"allow":["GET"]}}],"collection":[{"href":"https:\/\/www.imagoprinter.com\/pt-pt\/wp-json\/wp\/v2\/pages"}],"about":[{"href":"https:\/\/www.imagoprinter.com\/pt-pt\/wp-json\/wp\/v2\/types\/page"}],"author":[{"embeddable":true,"href":"https:\/\/www.imagoprinter.com\/pt-pt\/wp-json\/wp\/v2\/users\/1"}],"replies":[{"embeddable":true,"href":"https:\/\/www.imagoprinter.com\/pt-pt\/wp-json\/wp\/v2\/comments?post=153789"}],"version-history":[{"count":0,"href":"https:\/\/www.imagoprinter.com\/pt-pt\/wp-json\/wp\/v2\/pages\/153789\/revisions"}],"wp:attachment":[{"href":"https:\/\/www.imagoprinter.com\/pt-pt\/wp-json\/wp\/v2\/media?parent=153789"}],"curies":[{"name":"wp","href":"https:\/\/api.w.org\/{rel}","templated":true}]}}