{"id":153791,"date":"2023-04-04T11:35:08","date_gmt":"2023-04-04T09:35:08","guid":{"rendered":"https:\/\/www.imagoprinter.com\/pagina-inicial\/"},"modified":"2026-02-23T01:11:47","modified_gmt":"2026-02-23T00:11:47","slug":"pagina-inicial","status":"publish","type":"page","link":"https:\/\/www.imagoprinter.com\/pt-pt\/","title":{"rendered":"P\u00e1gina inicial"},"content":{"rendered":"","protected":false},"excerpt":{"rendered":"","protected":false},"author":1,"featured_media":0,"parent":0,"menu_order":0,"comment_status":"closed","ping_status":"closed","template":"","meta":{"_acf_changed":false,"footnotes":""},"class_list":["post-153791","page","type-page","status-publish","hentry"],"acf":{"top_slider":[{"text":"<h1>O teu parceiro na impress\u00e3o digital<\/h1>\r\nNa IMAGO Printer, acompanhamos o cliente desde a an\u00e1lise do problema, passando pelos testes no laborat\u00f3rio de aplica\u00e7\u00e3o (Proof-Lab) e pela sele\u00e7\u00e3o das tintas (INKnovation Lab) e das ferramentas do equipamento de impress\u00e3o, at\u00e9 \u00e0 instala\u00e7\u00e3o da m\u00e1quina, \u00e0 forma\u00e7\u00e3o e \u00e0s actualiza\u00e7\u00f5es do ciclo de vida.","bg":153863,"is_bg":true,"btn_1":"","btn_2":""},{"text":"<h2>Concebido e fabricado na Pol\u00f3nia<\/h2>\r\nImpressora IMAGO \u00e9 um fabricante polaco de sistemas de impress\u00e3o digital de \u00faltima gera\u00e7\u00e3o, concebidos e fabricados na Pol\u00f3nia.com as suas pr\u00f3prias instala\u00e7\u00f5es de I&amp;D e um servi\u00e7o centrado na longevidade das solu\u00e7\u00f5es","bg":152077,"is_bg":true,"btn_1":{"title":"Descobre mais ","url":"https:\/\/www.imagoprinter.com\/pt-pt\/sobre-a-imago\/","target":""},"btn_2":""},{"text":"<h2>V\u00ea o equipamento IMAGO ao vivo na feira<\/h2>\r\nEncontra-nos na mais importante feira comercial de 2026. V\u00ea as impressoras IMAGO em funcionamento real, verifica a qualidade de impress\u00e3o em produtos reais e fala com os nossos especialistas sobre a implementa\u00e7\u00e3o da tecnologia na tua produ\u00e7\u00e3o.\r\nEsta \u00e9 a melhor oportunidade para avaliar as capacidades dos dispositivos ao vivo - sem apresenta\u00e7\u00f5es e promessas, apenas resultados reais.","bg":153862,"is_bg":true,"btn_1":"","btn_2":""}],"top_text":"<h1>Fabricante polaco de <b>impressoras digitais planas modernas<\/b><\/h1>\r\nNa IMAGO Printer, somos especialistas na produ\u00e7\u00e3o de equipamentos de impress\u00e3o de pequeno formato de \u00faltima gera\u00e7\u00e3o: impressoras UV LED, impressoras de alum\u00ednio e plotters de confe\u00e7\u00e3o. Descobre os nossos produtos e como podemos revolucionar o teu neg\u00f3cio!","top_img":153803,"top_btn_1":{"title":"Produtos","url":"https:\/\/www.imagoprinter.com\/pt-pt\/produtos\/","target":""},"top_btn_2":{"title":"Ir para a loja","url":"https:\/\/sklep.imagoprinter.com\/","target":"_blank"},"top_cta":{"img":153860,"title":"Formul\u00e1rio de contacto","text":"Vamos falar sobre a otimiza\u00e7\u00e3o da impress\u00e3o na tua produ\u00e7\u00e3o","link":{"title":"Utilize o formul\u00e1rio","url":"#popup-153627","target":""}},"devices_text_1":"<h2>A impressora Imago \u00e9 o maior fabricante polaco de <b>equipamento de impress\u00e3o plana<\/b><\/h2>","devices_text_2":"10 anos de experi\u00eancia no desenvolvimento de projectos de impressoras de jato de tinta.\r\n\r\nDurante este tempo, acumul\u00e1mos um enorme know-how na \u00e1rea da tecnologia de impress\u00e3o digital atrav\u00e9s da nossa pr\u00f3pria experi\u00eancia e de cursos e forma\u00e7\u00f5es conclu\u00eddos com especialistas do sector. O resultado dos nossos muitos anos de desenvolvimento \u00e9 a otimiza\u00e7\u00e3o do processo de conce\u00e7\u00e3o e produ\u00e7\u00e3o, de modo a que os dispositivos criados na nossa f\u00e1brica se caracterizem por uma elevada qualidade. O nosso objetivo \u00e9 a constru\u00e7\u00e3o de rela\u00e7\u00f5es duradouras com os nossos clientes, a assist\u00eancia e o aconselhamento em todas as \u00e1reas de funcionamento e o desenvolvimento conjunto.","devices_btn":{"title":"Entra em contacto","url":"https:\/\/www.imagoprinter.com\/pt-pt\/contacto\/","target":""},"devices_slider":[{"title":"Impressoras de alimentos","link":{"title":"Conhe\u00e7a a tecnologia","url":"https:\/\/www.imagoprinter.com\/pt-pt\/produtos\/impressoras-para-alimentos\/","target":""},"text":"Tecnologia com tintas comest\u00edveis para a decora\u00e7\u00e3o de pastelaria. Imprime em bolos, bolachas, macarons, chocolate ou gomas!   ","img":153802},{"title":"Impressoras LED UV","link":{"title":"Conhe\u00e7a a tecnologia","url":"https:\/\/www.imagoprinter.com\/pt-pt\/produtos\/impressoras-uv-led\/","target":""},"text":"Tecnologia para a marca e a personaliza\u00e7\u00e3o de gadgets promocionais, lembran\u00e7as ou para a ind\u00fastria do casamento. Imprime em madeira, vidro, metal, couro ou pl\u00e1stico! ","img":153800},{"title":"Impressoras para alum\u00ednio","link":{"title":"Conhe\u00e7a a tecnologia","url":"https:\/\/www.imagoprinter.com\/pt-pt\/produtos\/impressoras-para-aluminio\/","target":""},"text":"Tecnologia de impress\u00e3o em metal indestrut\u00edvel. Cria placas de identifica\u00e7\u00e3o resistentes, sinais de armaz\u00e9m, pain\u00e9is de controlo ou certificados.   ","img":153801},{"title":"Impressoras com nanosolventes","link":{"title":"Conhe\u00e7a a tecnologia","url":"https:\/\/www.imagoprinter.com\/pt-pt\/produtos\/impressoras-nanosolvente\/","target":""},"text":"  Tecnologia de impress\u00e3o com tinta que penetra profundamente no material. Imprime em madeira, velas, couro ou corti\u00e7a!   ","img":153823},{"title":"Acess\u00f3rios","link":{"title":"Conhe\u00e7a a tecnologia","url":"https:\/\/www.imagoprinter.com\/pt-pt\/produtos\/acessorios-para-impressoras\/","target":""},"text":"O nosso departamento de I&D est\u00e1 constantemente a criar novos designs para acess\u00f3rios dedicados aos clientes.","img":153822}],"about_head":"<h2><b>Porqu\u00ea<\/b> o IMAGO?<\/h2>\r\nQuando escolhe a IMAGO, aposta no profissionalismo, na qualidade e na tecnologia avan\u00e7ada. Todos os nossos produtos s\u00e3o fabricados com pe\u00e7as industriais da mais alta qualidade e a produ\u00e7\u00e3o \u00e9 perfeitamente organizada.\r\nO nosso departamento de I&amp;D est\u00e1 constantemente a desenvolver novos designs e tecnologias para oferecer aos nossos clientes as melhores solu\u00e7\u00f5es.\r\n<h3><strong>Quando escolhes os produtos IMAGO, tens a garantia:<\/strong><\/h3>","about_list":[{"text":"fabrico de equipamento profissional polaco"},{"text":"tecnologia de impress\u00e3o digital de classe mundial"},{"text":"solu\u00e7\u00f5es inovadoras"},{"text":"uma vasta gama de aplica\u00e7\u00f5es"},{"text":"apoio t\u00e9cnico e tecnol\u00f3gico completo"},{"text":"excelente servi\u00e7o ao cliente"},{"text":"produtos e servi\u00e7os de alta qualidade"},{"text":"r\u00e1pido retorno do investimento  "}],"about_img":154244,"about_cta":{"title":"Marca uma consulta gratuita","url":"#popup-153627","target":""},"ben_head":"<h2>Impressoras digitais IMAGO:\r\n6<b>vantagens fundamentais para a tua empresa<\/b><\/h2>","ben_list":[{"title":"Produ\u00e7\u00e3o polaca","text":"As impressoras UV LED, as impressoras de alum\u00ednio, as impressoras de alimentos e os nossos outros equipamentos s\u00e3o fabricados na Pol\u00f3nia. Isto garante a mais elevada qualidade do equipamento fabricado e um apoio t\u00e9cnico e tecnol\u00f3gico abrangente."},{"title":"Imprime imagens e texto com a melhor qualidade.","text":"As impressoras digitais IMAGO podem imprimir imagens e textos em alta resolu\u00e7\u00e3o, com uma reprodu\u00e7\u00e3o de cores perfeita e aten\u00e7\u00e3o aos pormenores. As impress\u00f5es s\u00e3o claras e limpas. Como resultado, os seus clientes ficar\u00e3o satisfeitos com os resultados."},{"title":"Constru\u00e7\u00e3o robusta.","text":"As impressoras digitais IMAGO s\u00e3o concebidas para durar o mais poss\u00edvel para os nossos clientes. Os aparelhos s\u00e3o fabricados com materiais dur\u00e1veis e resistentes a danos. Tamb\u00e9m introduzimos sistemas para proteger a cabe\u00e7a de impress\u00e3o e todo o sistema de impress\u00e3o contra danos."},{"title":"Imprime numa grande variedade de superf\u00edcies.","text":"Os nossos especialistas possuem um vasto conhecimento tecnol\u00f3gico. Isto permite-lhes ajudar os clientes a adequar o tipo e o m\u00e9todo de impress\u00e3o \u00e0s suas necessidades."},{"title":"Custos de funcionamento reduzidos.","text":"O custo de impress\u00e3o de uma mesa inteira de guloseimas publicit\u00e1rias na nossa impressora LED UV \u00e9 de aproximadamente \u00a31. No caso das plotters de confeitaria, o custo de impress\u00e3o de uma mesa inteira de biscoitos com um log\u00f3tipo \u00e9 de aproximadamente 0,15 z\u0142."},{"title":"F\u00e1cil de utilizar.","text":"As impressoras digitais IMAGO s\u00e3o muito f\u00e1ceis de operar, tornando a sua utiliza\u00e7\u00e3o simples e sem necessidade de conhecimentos especializados."}],"video_head":"<h2>Faz uma visita virtual \u00e0 nossa produ\u00e7\u00e3o!<\/h2>\r\nV\u00ea a sala de produ\u00e7\u00e3o e fica a conhecer o processo de fabrico das nossas impressoras.","video_btn":{"title":"Visita-nos","url":"https:\/\/goo.gl\/maps\/YKdwRw1E4rwMn23z8","target":"Em branco"},"video_cover":153739,"video_yt_url":"https:\/\/youtu.be\/N3NwQhK3bBQ","gallery_text_1":"<h2>Encontra uma solu\u00e7\u00e3o para ti<\/h2>\r\n<span class=\"TextRun SCXW202808673 BCX0\" lang=\"PL-PL\" xml:lang=\"PL-PL\" data-contrast=\"none\"><span class=\"NormalTextRun SCXW202808673 BCX0\">O equipamento IMAGO trabalha com uma vasta gama de materiais.<\/span><\/span>","gallery_text_2":"<span class=\"TextRun SCXW202808673 BCX0\" lang=\"PL-PL\" xml:lang=\"PL-PL\" data-contrast=\"none\"> <span class=\"NormalTextRun SCXW202808673 BCX0\">Impressoras LED UV <\/span><span class=\"NormalTextRun SCXW202808673 BCX0\">s\u00e3o utilizadas <\/span><span class=\"NormalTextRun SCXW202808673 BCX0\">para <\/span><span class=\"NormalTextRun SCXW202808673 BCX0\">impress\u00e3o de objectos publicit\u00e1rios, personaliza\u00e7\u00e3o de lembran\u00e7as tur\u00edsticas ou decora\u00e7\u00f5es de casamento.<\/span><span class=\"NormalTextRun SCXW202808673 BCX0\"> As impressoras para alum\u00ednio s\u00e3o utilizadas em todo o lado <\/span><span class=\"NormalTextRun ContextualSpellingAndGrammarErrorV2Themed SCXW202808673 BCX0\">l\u00e1<\/span><span class=\"NormalTextRun SCXW202808673 BCX0\"> onde \u00e9 necess\u00e1ria uma maior durabilidade de impress\u00e3o: impress\u00e3o de placas de identifica\u00e7\u00e3o, pain\u00e9is frontais ou marca\u00e7\u00f5es de portas. As impressoras alimentares, por outro lado, s\u00e3o utilizadas para <\/span> <span class=\"NormalTextRun SCXW202808673 BCX0\"> para <\/span><span class=\"NormalTextRun SCXW202808673 BCX0\">imprime<\/span><span class=\"NormalTextRun SCXW202808673 BCX0\"> em bolos, macarons ou chocolates.<\/span><\/span>","gallery_cta_2":{"title":"Experimenta as nossas impressoras","url":"#popup-153627","target":""},"gallery_list":[{"title":"Impressoras de alimentos","images":[153663,153646,153669,153665,153673,153648,7127]},{"title":"Impressoras LED UV","images":[153690,153720,153678,153705,153818,153691,153710,153596]},{"title":"Impressoras para alum\u00ednio","images":[153603,153607,153605,153602,153608,153604]},{"title":"Impressoras de nano-solventes","images":[153701,153617,153620,153619,153618]}],"rev_head":"<h2>O que \u00e9 que os clientes dizem sobre n\u00f3s?<\/h2>","rev_list":[{"img":153832,"text":"H\u00e1 3 anos que utilizamos plotters de confeitaria IMAGO - durante os quais adquirimos 3 m\u00e1quinas Vulpes. Temos o prazer de dizer que a tecnologia de impress\u00e3o em chocolate desenvolvida pela IMAGO \u00e9 de classe mundial. A qualidade das decora\u00e7\u00f5es impressas com a m\u00e1quina Vulpes \u00e9 a mais elevada que vimos no mercado at\u00e9 \u00e0 data.\r\n\r\nA empresa fornece forma\u00e7\u00e3o completa e apoio na opera\u00e7\u00e3o e manuten\u00e7\u00e3o do equipamento. Recomendamos vivamente a IMAGO Printer como um parceiro de confian\u00e7a e esperamos uma coopera\u00e7\u00e3o frutuosa.","name":"Micha\u0142 Nikanorow | MM Brown Sp. Z o.o."},{"img":153835,"text":"Quando produz\u00edamos placas de identifica\u00e7\u00e3o, j\u00e1 t\u00ednhamos v\u00e1rias m\u00e1quinas de impress\u00e3o diferentes. A m\u00e1quina Aquila Aluminium da IMAGO Printer Sp. z o.o. \u00e9, de longe, a mais avan\u00e7ada e a melhor solu\u00e7\u00e3o com que trabalh\u00e1mos. Com esta m\u00e1quina, aument\u00e1mos a qualidade das placas de identifica\u00e7\u00e3o que oferecemos.\r\n\r\nTamb\u00e9m apreciamos o aconselhamento t\u00e9cnico especializado e profissional e o apoio de servi\u00e7o que est\u00e1 sempre dispon\u00edvel para manter a nossa produ\u00e7\u00e3o a fluir e as nossas opera\u00e7\u00f5es est\u00e1veis.\r\n\r\nPodemos afirmar sem sombra de d\u00favida que o aparelho da IMAGO \u00e9 atualmente a melhor solu\u00e7\u00e3o dispon\u00edvel no mercado para a produ\u00e7\u00e3o industrial de placas de identifica\u00e7\u00e3o indestrut\u00edveis.","name":"Bartosz Chojnacki | Bartes"},{"img":153831,"text":"<span class=\"OYPEnA font-feature-liga-off font-feature-clig-off font-feature-calt-off text-decoration-none text-strikethrough-none\">Se eu soubesse que a compra de uma impressora Falco \u00e0 IMAGO<\/span> <span class=\"OYPEnA font-feature-liga-off font-feature-clig-off font-feature-calt-off text-decoration-none text-strikethrough-none\">vai ser um foguete t\u00e3o grande no desenvolvimento, que eu j\u00e1 o teria feito antes! \ud83d\ude0a Ap\u00f3s 3 meses de utiliza\u00e7\u00e3o, posso finalmente garantir aos clientes a produ\u00e7\u00e3o em massa de bolos personalizados, com uma qualidade de impress\u00e3o brilhante! Recomendo a qualquer pessoa que queira passar de um neg\u00f3cio de casa de campo\/artesanato para o n\u00edvel PRO. O melhor investimento do ano! <\/span>","name":"Agnieszka Krenc | Krenc Kruszy"},{"img":"","text":"A unidade Aquila UV LED da IMAGO na nossa oficina est\u00e1 a funcionar perfeitamente. Esta solu\u00e7\u00e3o permite-nos fazer crescer a nossa atividade e criar produtos de qualidade para os nossos clientes exigentes.\r\n\r\nA m\u00e1quina \u00e9 f\u00e1cil de utilizar, fabricada com profissionalismo e sem complica\u00e7\u00f5es, e trabalhar com a equipa IMAGO \u00e9 um prazer.","name":"Piotr Studniarek | Beamteam"},{"img":"","text":"Recomendo as impressoras de marca\u00e7\u00e3o de gadgets da IMAGO Printer a todos os que procuram uma m\u00e1quina de impress\u00e3o eficiente e de alta qualidade. A m\u00e1quina \u00e9 muito eficiente e fi\u00e1vel, permitindo-nos satisfazer mais encomendas e aumentar a nossa produ\u00e7\u00e3o sem nos preocuparmos com isso. O software utilizado \u00e9 f\u00e1cil de utilizar e permite-nos personalizar as impress\u00f5es.\r\n\r\nGostaria tamb\u00e9m de salientar que a IMAGO nos prestou um excelente servi\u00e7o, gra\u00e7as ao qual a compra e a instala\u00e7\u00e3o decorreram sem problemas. A IMAGO Printer \u00e9, sem d\u00favida, uma empresa de confian\u00e7a e profissional.","name":"Rafa\u0142 Krysiak | CAMELO.PL"},{"img":153834,"text":"DURABLE Sp. z o.o. certifica que os empregados da IMAGO Printer Sp. z o.o. possuem os conhecimentos e a experi\u00eancia necess\u00e1rios para a constru\u00e7\u00e3o de dispositivos de impress\u00e3o destinados a trabalhar numa linha de produ\u00e7\u00e3o, de que \u00e9 exemplo uma impressora digital concebida para as nossas necessidades, que trabalha numa linha de produ\u00e7\u00e3o para imprimir quantidades massivas de produtos.","name":"DURABLE Sp. Z o.o."},{"img":153833,"text":"A minha experi\u00eancia com a impressora polaca UV LED da IMAGO Printer foi muito positiva. \u00c9 uma m\u00e1quina extremamente profissional que me permitiu aumentar a produtividade da minha empresa e expandir os servi\u00e7os que oferecemos. A impressora Aquila UV LED permitiu-me imprimir numa variedade de materiais, incluindo vidro e pl\u00e1stico, o que me abriu novos projectos comerciais. O pessoal da IMAGO foi muito prest\u00e1vel e simp\u00e1tico, facilitando-me o processo de compra e instala\u00e7\u00e3o da m\u00e1quina. Em suma, recomendo-te vivamente!","name":"Krzysztof Budzy\u0144ski | Red Flamingo"},{"img":153836,"text":"<span class=\"OYPEnA font-feature-liga-off font-feature-clig-off font-feature-calt-off text-decoration-none text-strikethrough-none\">\"Tenho o meu neg\u00f3cio com o nome 'Basia Sweets' desde 2018 e no in\u00edcio fazia tudo \u00e0 m\u00e3o. Os temas n\u00e3o paravam de chegar, e eu n\u00e3o s\u00f3 tinha de cozer as bolachas, como tamb\u00e9m de as congelar, decorar com flores e outros elementos de gelo, e ainda por cima, com um pincel e tinta preta, escrever \"Batizado\" uma e outra vez, acrescentar olhos ou outros elementos muito pequenos e precisos. Precisava urgentemente de ajuda com o lettering, pois este trabalho de precis\u00e3o era o que me levava mais tempo a concluir e estava repleto de falhas. Inicialmente, encontrei uma empresa chamada JetLt. Infelizmente, o equipamento chegou danificado. A empresa onde o comprei recusou-se a prestar assist\u00eancia, pelo que acabei por reclamar e devolver a impressora. J\u00e1 tinha visto a impressora IMAGO \"Falco\", mas parecia-me um equipamento enorme no meu ambiente dom\u00e9stico - pensei que a impressora ocuparia metade de uma divis\u00e3o. No entanto, uma conversa com um representante da empresa fez com que tomasse a decis\u00e3o de investir. Com a compra da \"Falco\", consegui mudar completamente a forma como pensava no crescimento do meu neg\u00f3cio. A impressora n\u00e3o s\u00f3 excedeu as minhas expectativas, como me abriu um campo de novas possibilidades. Neste ponto, gostaria de salientar que n\u00e3o alterou o perfil do meu neg\u00f3cio em termos da t\u00e9cnica de fabrico de bolachas, n\u00e3o desisti de criar bolachas de gelo personalizadas em favor da impress\u00e3o - mas comecei a utilizar a impress\u00e3o como um elemento adicional para \"completar\" a decora\u00e7\u00e3o. As minhas bolachas foram apreciadas por empresas muito conhecidas como a Orlen, a PGE, por organismos administrativos como o Minist\u00e9rio da Prote\u00e7\u00e3o do Ambiente e a Embaixada da Ar\u00e1bia Saudita. \"<\/span>","name":"Barbara Trawi\u0144ska | Basia Sweets"}],"map_head":"<h1>Onde podes encontrar impressoras polacas?<\/h1>\r\nAs impressoras IMAGO s\u00e3o utilizadas em dezenas de pa\u00edses em todo o mundo. V\u00ea onde os nossos dispositivos est\u00e3o a trabalhar.","map_btn":"","map_static":153838,"map_url":"https:\/\/www.google.com\/maps\/d\/u\/1\/edit?mid=18gYUHVBuFKOVi1KxiwsRX8O1Zjmcmzs&usp=sharing"},"_links":{"self":[{"href":"https:\/\/www.imagoprinter.com\/pt-pt\/wp-json\/wp\/v2\/pages\/153791","targetHints":{"allow":["GET"]}}],"collection":[{"href":"https:\/\/www.imagoprinter.com\/pt-pt\/wp-json\/wp\/v2\/pages"}],"about":[{"href":"https:\/\/www.imagoprinter.com\/pt-pt\/wp-json\/wp\/v2\/types\/page"}],"author":[{"embeddable":true,"href":"https:\/\/www.imagoprinter.com\/pt-pt\/wp-json\/wp\/v2\/users\/1"}],"replies":[{"embeddable":true,"href":"https:\/\/www.imagoprinter.com\/pt-pt\/wp-json\/wp\/v2\/comments?post=153791"}],"version-history":[{"count":1,"href":"https:\/\/www.imagoprinter.com\/pt-pt\/wp-json\/wp\/v2\/pages\/153791\/revisions"}],"predecessor-version":[{"id":154092,"href":"https:\/\/www.imagoprinter.com\/pt-pt\/wp-json\/wp\/v2\/pages\/153791\/revisions\/154092"}],"wp:attachment":[{"href":"https:\/\/www.imagoprinter.com\/pt-pt\/wp-json\/wp\/v2\/media?parent=153791"}],"curies":[{"name":"wp","href":"https:\/\/api.w.org\/{rel}","templated":true}]}}