{"id":154077,"date":"2023-06-01T16:22:08","date_gmt":"2023-06-01T14:22:08","guid":{"rendered":"https:\/\/www.imagoprinter.com\/sobre-a-imago\/politica-de-qualidade\/"},"modified":"2026-02-22T23:13:34","modified_gmt":"2026-02-22T22:13:34","slug":"politica-de-qualidade","status":"publish","type":"page","link":"https:\/\/www.imagoprinter.com\/pt-pt\/sobre-a-imago\/politica-de-qualidade\/","title":{"rendered":"Pol\u00edtica de qualidade"},"content":{"rendered":"\n<h2 class=\"wp-block-heading has-text-align-center\">Miss\u00e3o da empresa<\/h2>\n\n<p class=\"has-text-align-center\">A nossa miss\u00e3o \u00e9 fornecer solu\u00e7\u00f5es de impress\u00e3o inovadoras, fi\u00e1veis e de alta qualidade. A nossa prioridade \u00e9 satisfazer plenamente os nossos clientes, fornecendo n\u00e3o s\u00f3 produtos de alta qualidade, mas tamb\u00e9m um servi\u00e7o p\u00f3s-venda eficiente. Somos motivados pelo desejo de fornecer solu\u00e7\u00f5es abrangentes que ajudem os nossos clientes a aumentar a produtividade e a reduzir os custos. Ao mesmo tempo, damos \u00eanfase ao fornecimento de trabalho de alta qualidade e \u00e0 satisfa\u00e7\u00e3o dos nossos funcion\u00e1rios. Esfor\u00e7amo-nos por manter uma equipa din\u00e2mica e uma empresa pr\u00f3spera. Valorizamos os nossos funcion\u00e1rios, fomentando o seu desenvolvimento, proporcionando um ambiente de trabalho amig\u00e1vel e promovendo o empenho e a colabora\u00e7\u00e3o.       <\/p>\n\n<p><\/p>\n\n<h2 class=\"wp-block-heading has-text-align-center\">Tr\u00eas objectivos principais<\/h2>\n\n<p class=\"has-text-align-center\">O nosso objetivo \u00e9 alcan\u00e7ar a miss\u00e3o acima referida atrav\u00e9s de:  <\/p>\n\n<div class=\"wp-block-columns is-layout-flex wp-container-core-columns-is-layout-9d6595d7 wp-block-columns-is-layout-flex\">\n<div class=\"wp-block-column is-layout-flow wp-block-column-is-layout-flow\" style=\"flex-basis:66.66%\">\n<p><strong>Satisfa\u00e7\u00e3o do CLIENTE alcan\u00e7ada atrav\u00e9s de:<\/strong><\/p>\n\n\n\n<ul class=\"wp-block-list\">\n<li>Produzir equipamentos com um amplo espetro de aplica\u00e7\u00f5es permite-lhe oferecer uma gama muito vasta de possibilidades.<\/li>\n\n\n\n<li>qualidade de impress\u00e3o superior, independentemente do substrato e do tipo de tinta utilizado,<\/li>\n\n\n\n<li>servi\u00e7o eficiente e r\u00e1pido que minimiza o tempo de paragem da m\u00e1quina.<\/li>\n<\/ul>\n\n\n\n<p><strong>DESENVOLVIMENTO CONT\u00cdNUO por:<\/strong><\/p>\n\n\n\n<ul class=\"wp-block-list\">\n<li>Disciplina e uma abordagem de processo para ajudar a ultrapassar problemas e acelerar o desenvolvimento,<\/li>\n\n\n\n<li>Melhoria cont\u00ednua dos processos para permitir a entrega r\u00e1pida do equipamento, mantendo um elevado n\u00edvel de desempenho,<\/li>\n\n\n\n<li>abertura \u00e0s necessidades dos clientes, cujas ideias impulsionam o desenvolvimento da nossa empresa.<\/li>\n<\/ul>\n\n\n\n<p><strong>DESENVOLVIMENTO INCONDICIONAL atrav\u00e9s de:<\/strong><\/p>\n\n\n\n<ul class=\"wp-block-list\">\n<li>Abertura \u00e0s necessidades do mercado e satisfa\u00e7\u00e3o das necessidades dos clientes,<\/li>\n\n\n\n<li>o desejo de adquirir continuamente conhecimentos e implement\u00e1-los nos nossos produtos, tornando-os os melhores da sua classe,<\/li>\n\n\n\n<li>procura solu\u00e7\u00f5es a partir de um vasto leque de disciplinas cient\u00edficas que tornem os nossos produtos atenciosos de todos os \u00e2ngulos, minimizando as suas fraquezas.<\/li>\n<\/ul>\n<\/div>\n\n\n\n<div class=\"wp-block-column is-layout-flow wp-block-column-is-layout-flow\" style=\"flex-basis:33.33%\"><div class=\"wp-block-image\">\n<figure class=\"aligncenter size-full is-resized\"><img decoding=\"async\" src=\"https:\/\/imagoprinter.com\/wp-content\/uploads\/2023\/06\/Pawel-2-1.webp\" alt=\"\" class=\"wp-image-7591\" width=\"167\" height=\"250\"\/><\/figure>\n<\/div>\n\n\n<div style=\"height:50px\" aria-hidden=\"true\" class=\"wp-block-spacer\"><\/div>\n\n\n\n<blockquote class=\"wp-block-quote has-text-align-center is-layout-flow wp-block-quote-is-layout-flow\">\n<p>Na qualidade de Presidente do Conselho de Administra\u00e7\u00e3o da empresa, estou pessoalmente empenhado em implementar e manter esta pol\u00edtica junto dos trabalhadores da empresa e de todas as partes interessadas.<br\/><\/p>\n<cite>Pawe\u0142 P\u0119siek<br>Presidente do Conselho de Administra\u00e7\u00e3o<\/cite><\/blockquote>\n<\/div>\n<\/div>\n\n<h2 class=\"wp-block-heading has-text-align-center\">Declaramos<\/h2>\n\n<ul class=\"wp-block-list\">\n<li>Gest\u00e3o eficaz de acordo com os m\u00e9todos mais modernos que garantem a plena satisfa\u00e7\u00e3o das necessidades dos clientes.  <\/li>\n\n\n\n<li>Emprega pessoal experiente com elevadas qualifica\u00e7\u00f5es e compet\u00eancias pr\u00e1ticas.  <\/li>\n<\/ul>\n\n<ul class=\"wp-block-list\">\n<li>Utiliza\u00e7\u00e3o dos mais recentes m\u00e9todos e t\u00e9cnicas de fabrico de m\u00e1quinas  <\/li>\n\n\n\n<li>Expans\u00e3o cont\u00ednua da gama de produtos e dos servi\u00e7os prestados  <\/li>\n<\/ul>\n\n<p>A gest\u00e3o de topo est\u00e1 empenhada em cumprir os requisitos e melhorar continuamente a efic\u00e1cia do Sistema de Gest\u00e3o da Qualidade.  <\/p>\n\n<p>O Conselho de Administra\u00e7\u00e3o espera que os colaboradores da Empresa estejam constantemente envolvidos em actividades para melhorar a qualidade dos servi\u00e7os prestados e que demonstrem iniciativa na melhoria do Sistema de Gest\u00e3o da Qualidade.  <\/p>\n\n<p>A ideia \u00e9 que o lema <strong>&#8220;a qualidade \u00e9 o nosso lema&#8221; <\/strong>seja posto em pr\u00e1tica todos os dias por todos os funcion\u00e1rios em todos os cargos.  <\/p>\n","protected":false},"excerpt":{"rendered":"<p>Miss\u00e3o da empresa A nossa miss\u00e3o \u00e9 fornecer solu\u00e7\u00f5es de impress\u00e3o inovadoras, fi\u00e1veis e de alta qualidade. A nossa prioridade&#8230;<\/p>\n","protected":false},"author":1,"featured_media":0,"parent":153731,"menu_order":0,"comment_status":"closed","ping_status":"closed","template":"template-gutenberg.php","meta":{"_acf_changed":false,"footnotes":""},"class_list":["post-154077","page","type-page","status-publish","hentry"],"acf":[],"_links":{"self":[{"href":"https:\/\/www.imagoprinter.com\/pt-pt\/wp-json\/wp\/v2\/pages\/154077","targetHints":{"allow":["GET"]}}],"collection":[{"href":"https:\/\/www.imagoprinter.com\/pt-pt\/wp-json\/wp\/v2\/pages"}],"about":[{"href":"https:\/\/www.imagoprinter.com\/pt-pt\/wp-json\/wp\/v2\/types\/page"}],"author":[{"embeddable":true,"href":"https:\/\/www.imagoprinter.com\/pt-pt\/wp-json\/wp\/v2\/users\/1"}],"replies":[{"embeddable":true,"href":"https:\/\/www.imagoprinter.com\/pt-pt\/wp-json\/wp\/v2\/comments?post=154077"}],"version-history":[{"count":1,"href":"https:\/\/www.imagoprinter.com\/pt-pt\/wp-json\/wp\/v2\/pages\/154077\/revisions"}],"predecessor-version":[{"id":154079,"href":"https:\/\/www.imagoprinter.com\/pt-pt\/wp-json\/wp\/v2\/pages\/154077\/revisions\/154079"}],"up":[{"embeddable":true,"href":"https:\/\/www.imagoprinter.com\/pt-pt\/wp-json\/wp\/v2\/pages\/153731"}],"wp:attachment":[{"href":"https:\/\/www.imagoprinter.com\/pt-pt\/wp-json\/wp\/v2\/media?parent=154077"}],"curies":[{"name":"wp","href":"https:\/\/api.w.org\/{rel}","templated":true}]}}